{"id":72297,"date":"2025-06-14T10:15:00","date_gmt":"2025-06-14T10:15:00","guid":{"rendered":"https:\/\/chargingshop.eu\/product\/portativais-ladetajs-ar-display-vadibas-bloku-74-kw-1x32a-type2-cee-zils-32a-x-1faze-5m\/"},"modified":"2025-06-14T10:15:00","modified_gmt":"2025-06-14T10:15:00","slug":"portativais-ladetajs-ar-display-vadibas-bloku-74-kw-1x32a-type2-cee-zils-32a-x-1faze-5m","status":"publish","type":"product","link":"https:\/\/chargingshop.eu\/lv\/product\/portativais-ladetajs-ar-display-vadibas-bloku-74-kw-1x32a-type2-cee-zils-32a-x-1faze-5m\/","title":{"rendered":"portat\u012bvais l\u0101d\u0113t\u0101js ar DISPLAY vad\u012bbas bloku 7,4 kW (1X32A), TYPE2-CEE zils, 32A x 1f\u0101ze, 5m"},"content":{"rendered":"<p>Augst\u0101k\u0101s kvalit\u0101tes p\u0101rn\u0113s\u0101jams uzl\u0101des risin\u0101jums. Atbalsta 3 f\u0101\u017eu 32 A uzl\u0101di (l\u012bdz 7,4 kW). <\/p>\n<p>R\u016bpniecisk\u0101 kontaktligzda &#8211; CEE 32A \/ 5PIN ir vis\u0113rt\u0101kais veids, k\u0101 uzl\u0101d\u0113t savu elektrisko transportl\u012bdzekli, lai kur j\u016bs atrastos.<\/p>\n<ul>\n<li>Augst\u0101k\u0101 l\u012bme\u0146a dro\u0161\u012bba un lietot\u0101jam draudz\u012bga lieto\u0161ana<\/li>\n<li>Displejs jaudas kontrolei, izmantojot pogas 2,8 collu LCD displejs<\/li>\n<li>Nor\u0101da probl\u0113mas (p\u0113c pievieno\u0161anas un uzl\u0101des laik\u0101) ar attiec\u012bgu k\u013c\u016bdas kodu:\n<ul>\n<li>Temperat\u016bras paaugstin\u0101\u0161an\u0101s vai p\u0101rkar\u0161ana ier\u012bc\u0113 vai CEE kontaktligzd\u0101<\/li>\n<li>Siltuma vai boj\u0101tu tranzistoru sl\u0113d\u017eu sakaus\u0113ti komut\u0101cijas elementi<\/li>\n<li>P\u0101rsprieguma vai zemsprieguma noteik\u0161ana<\/li>\n<li>PE un N l\u012bniju p\u0101rbaude<\/li>\n<li><strong><a href=\"https:\/\/en.wikipedia.org\/wiki\/Residual-current_device\" target=\"_blank\" rel=\"noopener noreferrer\">Nopl\u016bdes str\u0101vas<\/a> noteik\u0161ana &#8211;<\/strong> transportl\u012bdzek\u013ca atvieno\u0161ana, konstat\u0113jot nopl\u016bdi (30mA AC, 6mA DC)<\/li>\n<li>Neatbalst\u012bts uzl\u0101des re\u017e\u012bms<\/li>\n<li>RCD aizsardz\u012bba: A+DC6 mA;<\/li>\n<li>Aizsardz\u012bbas klase: IP55\u3001IK10<\/li>\n<li>darba temperat\u016bra: -30 \u2103\uff5e+50 \u2103<\/li>\n<li>Aizsardz\u012bba: P\u0101rsprieguma aizsardz\u012bba, zemsprieguma aizsardz\u012bba, zemsprieguma aizsardz\u012bba, zem\u0113juma aizsardz\u012bba, zibens aizsardz\u012bba, aizsardz\u012bba pret nopl\u016bdi, aizsardz\u012bba pret liesm\u0101m, aizsardz\u012bba pret p\u0101rspriegumu, inteli\u0123enta temperat\u016bras kontroles aizsardz\u012bba utt.<\/li>\n<\/ul>\n<\/li>\n<li>Maksim\u0101l\u0101s uzl\u0101des str\u0101vas iestat\u012b\u0161anas funkcija &#8211; izdev\u012bga automa\u0161\u012bn\u0101m, kas to nevar izdar\u012bt pa\u0161as (iestat\u012b\u0161ana tiek veikta, vienk\u0101r\u0161i nospie\u017eot pogu).<\/li>\n<li>Elektronikas cietais korpuss ar<strong> IP55\/IK10<\/strong> aizsardz\u012bbu ir iztur\u012bgs pret lietus iedarb\u012bbu.<\/li>\n<\/ul>\n<div class=\"magic-6\" data-spm-anchor-id=\"a2700.details.0.i35.4a137780bRdriA\"><\/div>\n","protected":false},"excerpt":{"rendered":"<p><strong>Jaud\u012bgs p\u0101rn\u0113s\u0101jams un<\/strong> <strong>gudrs kabelis<\/strong> ar vad\u012bbas elektroniku elektromobi\u013cu uzl\u0101dei no CEE 32A rozet\u0113m ar maksim\u0101lo jaudu l\u012bdz 7,4 kW<strong> (1x32A, 240 V).<\/strong><\/p>\n","protected":false},"featured_media":0,"comment_status":"open","ping_status":"closed","template":"","meta":[],"product_brand":[],"product_cat":[592],"product_tag":[],"class_list":{"0":"post-72297","1":"product","2":"type-product","3":"status-publish","5":"product_cat-piederumi","7":"first","8":"instock","9":"sale","10":"taxable","11":"shipping-taxable","12":"purchasable","13":"product-type-simple"},"_links":{"self":[{"href":"https:\/\/chargingshop.eu\/lv\/wp-json\/wp\/v2\/product\/72297","targetHints":{"allow":["GET"]}}],"collection":[{"href":"https:\/\/chargingshop.eu\/lv\/wp-json\/wp\/v2\/product"}],"about":[{"href":"https:\/\/chargingshop.eu\/lv\/wp-json\/wp\/v2\/types\/product"}],"replies":[{"embeddable":true,"href":"https:\/\/chargingshop.eu\/lv\/wp-json\/wp\/v2\/comments?post=72297"}],"wp:attachment":[{"href":"https:\/\/chargingshop.eu\/lv\/wp-json\/wp\/v2\/media?parent=72297"}],"wp:term":[{"taxonomy":"product_brand","embeddable":true,"href":"https:\/\/chargingshop.eu\/lv\/wp-json\/wp\/v2\/product_brand?post=72297"},{"taxonomy":"product_cat","embeddable":true,"href":"https:\/\/chargingshop.eu\/lv\/wp-json\/wp\/v2\/product_cat?post=72297"},{"taxonomy":"product_tag","embeddable":true,"href":"https:\/\/chargingshop.eu\/lv\/wp-json\/wp\/v2\/product_tag?post=72297"}],"curies":[{"name":"wp","href":"https:\/\/api.w.org\/{rel}","templated":true}]}}