{"id":72275,"date":"2025-06-14T10:14:33","date_gmt":"2025-06-14T10:14:33","guid":{"rendered":"https:\/\/chargingshop.eu\/product\/byd-hvs-5-1-fronius-symo-gen24-10-0-plus-hibrida-invertors\/"},"modified":"2025-06-14T10:14:36","modified_gmt":"2025-06-14T10:14:36","slug":"byd-hvs-5-1-fronius-symo-gen24-10-0-plus-hibrida-invertors","status":"publish","type":"product","link":"https:\/\/chargingshop.eu\/lv\/product\/byd-hvs-5-1-fronius-symo-gen24-10-0-plus-hibrida-invertors\/","title":{"rendered":"BYD HVS 5.1 + Fronius Symo GEN24 10.0 Plus hibr\u012bda invertors"},"content":{"rendered":"<p>BYD HVS 5.1 + Fronius Symo GEN24 10.0 Plus hibr\u012bda invertors<\/p>\n<p>KOMPLEKT\u0100 IETILPST:<\/p>\n<p>1 x Fronius Symo GEN24 10.0 Plus hibr\u012bda invertors<\/p>\n<p>1 x BYD Premium HV BCU+b\u0101ze<\/p>\n<p>1 x BYD Battery-Box Premium HVS (25Ah) &#8211; modulis<\/p>\n<p>1 x Fronius Smart Meter 63A-3<\/p>\n<p>BYD HVS 5.1<\/p>\n<p>Fronius Symo GEN24 10.0 Plus Hybrid Solar Inverter<br \/>\nHibr\u012bdais invertors ar individu\u0101lu rezerves jaudu<\/p>\n<p>\u0160is hibr\u012bda invertors var darboties ar akumulatoru vai bez t\u0101. T\u0101p\u0113c Fronius Symo GEN24 Plus nodro\u0161ina visaugst\u0101ko elektroapg\u0101des uzticam\u012bbas pak\u0101pi m\u0101jas sektor\u0101. <\/p>\n<p>Inovat\u012bvais Fronius Symo GEN24 10.0 Plus pirmo reizi nodro\u0161ina pamata av\u0101rijas baro\u0161anas avotu. Tas noz\u012bm\u0113, ka jums b\u016bs rezerves risin\u0101jums pat tad, ja akumulatoru neieg\u0101d\u0101sieties kop\u0101. Tom\u0113r tiem klientiem, kuriem akumulators jau ir, Fronius Symo GEN24 pied\u0101v\u0101 pilnu rezerves risin\u0101jumu (p\u0101rbaud\u012btu un p\u0101rbaud\u012btu), kas var nodro\u0161in\u0101t visu m\u0101jsaimniec\u012bbu ar av\u0101rijas elektroener\u0123iju.<\/p>\n<div class=\"video video-fit mb\" style=\"padding-top:56.25%;\"><p><iframe title=\"Spotlight: Fronius GEN24 Plus - uniquely versatile\" width=\"1020\" height=\"574\" src=\"https:\/\/www.youtube.com\/embed\/fQ3dTXs3Q2U?feature=oembed\" frameborder=\"0\" allow=\"accelerometer; autoplay; clipboard-write; encrypted-media; gyroscope; picture-in-picture; web-share\" referrerpolicy=\"strict-origin-when-cross-origin\" allowfullscreen><\/iframe><\/p>\n<\/div>\n<p>T\u0101p\u0113c Fronius GEN24 Plus hibr\u012bda invertori ir ide\u0101ls risin\u0101jums da\u017e\u0101diem izmanto\u0161anas gad\u012bjumiem un klientu pras\u012bb\u0101m. Tas ir piem\u0113rots tiem klientiem, kuriem jau no pirm\u0101s dienas ir akumulators. Fronius Ohmpilot sist\u0113ma \u013cauj izmantot PV ener\u0123iju karst\u0101 \u016bdens sild\u012b\u0161anai m\u0101j\u0101s. Varat ar\u012b izv\u0113l\u0113ties integr\u0113t PV sist\u0113mu m\u0101jas automatiz\u0101cijas paket\u0113. Fronius GEN24 Plus ir univers\u0101ls risin\u0101jums un vienm\u0113r b\u016bs pareiz\u0101 izv\u0113le &#8211; jaun\u0101m sist\u0113m\u0101m, ar\u012b moderniz\u0113jot un papla\u0161inot eso\u0161o saules ener\u0123ijas sist\u0113mu komplekt\u0101ciju.    <\/p>\n<p>Turkl\u0101t Fronius GEN24 s\u0113rijas invertorus ir \u013coti vienk\u0101r\u0161i un viegli uzst\u0101d\u012bt, nodot ekspluat\u0101cij\u0101 un apkalpot. Tie ir univers\u0101li, tos var izmantot jebkura veida sist\u0113m\u0101s. Fronius GEN24 s\u0113rija atbalsta jau p\u0101rbaud\u012btas Fronius tehnolo\u0123ijas, piem\u0113ram, SuperFlex Design, kas ir atrodamas ar\u012b Primo GEN24 Plus un Symo GEN24 Plus &#8211; ier\u012bc\u0113s, kas pied\u0101v\u0101 ide\u0101lus uzglab\u0101\u0161anas risin\u0101jumus vienf\u0101zu un liel\u0101m tr\u012bsf\u0101zu sist\u0113m\u0101m.  <\/p>\n<p>Sader\u012bg\u0101s baterijas:<\/p>\n<p>BYD Battery-Box Premium HVS 5.1<br \/>\nBYD Battery-Box Premium HVS 7.7<br \/>\nBYD Battery-Box Premium HVS 10.2<br \/>\nBYD Battery-Box Premium HVM 11.0<br \/>\nBYD Battery-Box Premium HVM 13.8<br \/>\nBYD Battery-Box Premium HVM 16.6<br \/>\nBYD Battery-Box Premium HVM 19.3<br \/>\nBYD Battery-Box Premium HVM 22.1<\/p>\n<p><a href=\"https:\/\/chargingshop.eu\/wp-content\/uploads\/2022\/12\/Fronius_Symo_GEN24_Plus_Datasheet.pdf\">Fronius_Symo_GEN24_Plus_Datasheet<\/a><\/p>\n<h3><strong>Galven\u0101s specifik\u0101cijas:<\/strong><\/h3>\n<p>Piesl\u0113gums elektrot\u012bklam (sprieguma diapazons): 3~NPE 400 V \/ 230 V vai 3~NPE 380 V \/ 220 V (+ 20 % \/ &#8211; 30 %).<\/p>\n<p>Apk\u0101rt\u0113j\u0101s vides temperat\u016bra no 0 l\u012bdz 50 gr\u0101diem p\u0113c Celsija<\/p>\n<p>Maksim\u0101l\u0101 ieejas str\u0101va (Idc max MPPT1 \/ MPPT2) 25 A \/ 12,5 A <\/p>\n<p>Frekven\u010du diapazons 50 Hz \/ 60 Hz (45 Hz &#8211; 66 Hz)<\/p>\n<p>Jauda 10 KW<\/p>\n<p>Nom. izejas jauda PV Point \/ pilna dubl\u0113\u0161ana 3000 VA \/ 10000 VA <\/p>\n<p>IP nov\u0113rt\u0113jums IP66<\/p>\n","protected":false},"excerpt":{"rendered":"<p>SUPER IZP\u0100RDO\u0160ANA UNITIL FEB 10., 2025 VAI LAIK\u0100, KAS V\u0112STA!<\/p>\n<p>BYD HVS 5.1 + Fronius Symo GEN24 10.0 Plus hibr\u012bda invertors<\/p>\n<p>KOMPLEKTS IETVER:<\/p>\n<p>1 x Fronius Symo GEN24 10.0 Plus hibr\u012bda invertors<\/p>\n<p>1 x BYD Premium HV BCU+B\u0101ze<\/p>\n<p>1 x BYD Battery-Box Premium HVS (25Ah) &#8211; Modulis<\/p>\n<p>1 x Fronius Smart Meter 63A-3<\/p>\n<p>&nbsp;<\/p>\n","protected":false},"featured_media":0,"comment_status":"open","ping_status":"closed","template":"","meta":[],"product_brand":[],"product_cat":[788],"product_tag":[],"class_list":{"0":"post-72275","1":"product","2":"type-product","3":"status-publish","5":"product_cat-saules-paneli","6":"pa_brand-fronius-lv","8":"first","9":"instock","10":"taxable","11":"shipping-taxable","12":"purchasable","13":"product-type-simple"},"_links":{"self":[{"href":"https:\/\/chargingshop.eu\/lv\/wp-json\/wp\/v2\/product\/72275","targetHints":{"allow":["GET"]}}],"collection":[{"href":"https:\/\/chargingshop.eu\/lv\/wp-json\/wp\/v2\/product"}],"about":[{"href":"https:\/\/chargingshop.eu\/lv\/wp-json\/wp\/v2\/types\/product"}],"replies":[{"embeddable":true,"href":"https:\/\/chargingshop.eu\/lv\/wp-json\/wp\/v2\/comments?post=72275"}],"wp:attachment":[{"href":"https:\/\/chargingshop.eu\/lv\/wp-json\/wp\/v2\/media?parent=72275"}],"wp:term":[{"taxonomy":"product_brand","embeddable":true,"href":"https:\/\/chargingshop.eu\/lv\/wp-json\/wp\/v2\/product_brand?post=72275"},{"taxonomy":"product_cat","embeddable":true,"href":"https:\/\/chargingshop.eu\/lv\/wp-json\/wp\/v2\/product_cat?post=72275"},{"taxonomy":"product_tag","embeddable":true,"href":"https:\/\/chargingshop.eu\/lv\/wp-json\/wp\/v2\/product_tag?post=72275"}],"curies":[{"name":"wp","href":"https:\/\/api.w.org\/{rel}","templated":true}]}}