{"id":72270,"date":"2025-06-14T10:14:29","date_gmt":"2025-06-14T10:14:29","guid":{"rendered":"https:\/\/chargingshop.eu\/product\/alfen-eve-single-pro-line-22kw-ar-kontaktligzdu\/"},"modified":"2025-06-14T10:14:33","modified_gmt":"2025-06-14T10:14:33","slug":"alfen-eve-single-pro-line-22kw-ar-kontaktligzdu","status":"publish","type":"product","link":"https:\/\/chargingshop.eu\/lv\/product\/alfen-eve-single-pro-line-22kw-ar-kontaktligzdu\/","title":{"rendered":"Alfen Eve Single Pro Line 22kW ar kontaktligzdu"},"content":{"rendered":"<div class=\"video video-fit mb\" style=\"padding-top:56.25%;\"><p><iframe title=\"Alfen installatievideo Eve Single Pro-line (Nederlands) - Alfen Charging Equipment\" width=\"1020\" height=\"574\" src=\"https:\/\/www.youtube.com\/embed\/iq98ee6rMCM?feature=oembed\" frameborder=\"0\" allow=\"accelerometer; autoplay; clipboard-write; encrypted-media; gyroscope; picture-in-picture; web-share\" referrerpolicy=\"strict-origin-when-cross-origin\" allowfullscreen><\/iframe><\/p>\n<\/div>\n<p><strong>Alfen Eve Single Pro Line 22kW ar kontaktligzdu galven\u0101s funkcijas:<\/strong><\/p>\n<ul data-rte-list=\"default\">\n<li>\n<p class=\"\">L\u012bdz <strong> 22 kW mai\u0146str\u0101vas jauda<\/strong><\/p>\n<\/li>\n<li><strong>L\u012bdzstr\u0101vas nopl\u016bdes aizsardz\u012bba<\/strong> &#8211; \u0161aj\u0101 stacij\u0101 ir ieb\u016bv\u0113ta l\u012bdzstr\u0101vas nopl\u016bdes aizsardz\u012bba, kas konstat\u0113 l\u012bdzstr\u0101vas nopl\u016bdi un nekav\u0113joties to aptur. Tas pasarg\u0101 gan elektromobili, gan elektrot\u012bklu no iesp\u0113jamiem elektr\u012bbas boj\u0101jumiem vai boj\u0101jumiem. <\/li>\n<li><strong>Displejs<\/strong> &#8211; lietot\u0101ja saskarne ar vair\u0101ku valodu atbalstu ir viegli lietojama un nodro\u0161ina visu nepiecie\u0161amo inform\u0101ciju gan pirmreiz\u0113jiem, gan pieredz\u0113ju\u0161iem lietot\u0101jiem.<\/li>\n<li><strong>Lietojumprogrammas vad\u012bba<\/strong> &#8211; lietotne \u013cauj att\u0101lin\u0101ti uzraudz\u012bt uzl\u0101des procesu, iestat\u012bt uzl\u0101des grafiku un apskat\u012bt uzl\u0101des v\u0113sturi.<\/li>\n<li><strong>RFID<\/strong> &#8211; uzl\u0101des stacija ir apr\u012bkota ar lietot\u0101ja identifik\u0101cijas funkciju, izmantojot RFID (fizisku \u017eetonu) vai lietotni Charged.<br \/>\nPro-line modelim ir ar\u012b integr\u0113ts uzl\u0101des stacijas displejs, lai uzraudz\u012btu uzl\u0101des procesu.<\/li>\n<\/ul>\n<p>DATU LAPA:<\/p>\n<p><strong><a href=\"https:\/\/chargingshop.eu\/wp-content\/uploads\/2025\/01\/Alfen-Eve-Single-Pro-Line_DATASHEET.pdf\">Alfen-Eve-Single-Pro-Line_DATASHEET<\/a><\/strong><\/p>\n","protected":false},"excerpt":{"rendered":"<div class=\"flex-shrink-0 flex flex-col relative items-end\">\n<div class=\"pt-0\">\n<div class=\"gizmo-bot-avatar flex h-8 w-8 items-center justify-center overflow-hidden rounded-full\">\n<div class=\"relative p-1 rounded-sm flex items-center justify-center bg-token-main-surface-primary text-token-text-primary h-8 w-8\">Alfen Eve Single Pro-line 22 kW tr\u012bsf\u0101zu uzl\u0101des stacija ar DISPLAY &#8211; augst\u0101k\u0101s klases risin\u0101jums dro\u0161ai un uzticamai uzl\u0101dei m\u0101j\u0101s vai sabiedrisk\u0101s viet\u0101s.<\/div>\n<div>T\u0101p\u0113c OCPP atbilst\u012bgu ier\u012bci var piesl\u0113gt tie\u0161saistes platformai \u201cCharged\u201d (back-end) un t\u0101d\u0113j\u0101di to var kontrol\u0113t ar mobilo lietotni.<\/div>\n<\/div>\n<\/div>\n<\/div>\n<p>&nbsp;<\/p>\n","protected":false},"featured_media":0,"comment_status":"open","ping_status":"closed","template":"","meta":[],"product_brand":[],"product_cat":[464],"product_tag":[1481],"class_list":{"0":"post-72270","1":"product","2":"type-product","3":"status-publish","5":"product_cat-wallbox-uazlades-stacijas","6":"product_tag-etrel-inch-pro-lv","7":"pa_brand-alfen-lv","9":"first","10":"instock","11":"sale","12":"taxable","13":"shipping-taxable","14":"purchasable","15":"product-type-simple"},"_links":{"self":[{"href":"https:\/\/chargingshop.eu\/lv\/wp-json\/wp\/v2\/product\/72270","targetHints":{"allow":["GET"]}}],"collection":[{"href":"https:\/\/chargingshop.eu\/lv\/wp-json\/wp\/v2\/product"}],"about":[{"href":"https:\/\/chargingshop.eu\/lv\/wp-json\/wp\/v2\/types\/product"}],"replies":[{"embeddable":true,"href":"https:\/\/chargingshop.eu\/lv\/wp-json\/wp\/v2\/comments?post=72270"}],"wp:attachment":[{"href":"https:\/\/chargingshop.eu\/lv\/wp-json\/wp\/v2\/media?parent=72270"}],"wp:term":[{"taxonomy":"product_brand","embeddable":true,"href":"https:\/\/chargingshop.eu\/lv\/wp-json\/wp\/v2\/product_brand?post=72270"},{"taxonomy":"product_cat","embeddable":true,"href":"https:\/\/chargingshop.eu\/lv\/wp-json\/wp\/v2\/product_cat?post=72270"},{"taxonomy":"product_tag","embeddable":true,"href":"https:\/\/chargingshop.eu\/lv\/wp-json\/wp\/v2\/product_tag?post=72270"}],"curies":[{"name":"wp","href":"https:\/\/api.w.org\/{rel}","templated":true}]}}