{"id":72266,"date":"2025-06-14T10:14:21","date_gmt":"2025-06-14T10:14:21","guid":{"rendered":"https:\/\/chargingshop.eu\/product\/h1029-a-etrel-inch-duo-rezerves-dala-matesplates-pcba\/"},"modified":"2025-06-14T10:14:21","modified_gmt":"2025-06-14T10:14:21","slug":"h1029-a-etrel-inch-duo-rezerves-dala-matesplates-pcba","status":"publish","type":"product","link":"https:\/\/chargingshop.eu\/lv\/product\/h1029-a-etrel-inch-duo-rezerves-dala-matesplates-pcba\/","title":{"rendered":"H1029-A ETREL INCH DUO &#8211; Rezerves da\u013ca &#8211; M\u0101tesplates PCBA"},"content":{"rendered":"<div class=\"wpb_text_column wpb_content_element \">\n<div class=\"wpb_wrapper\">\n<div class=\"wpb_text_column wpb_content_element \">\n<div class=\"wpb_wrapper\">\n<div class=\"wpb_text_column wpb_content_element \">\n<div class=\"wpb_wrapper\">\n<div class=\"wpb_text_column wpb_content_element \">\n<div class=\"wpb_wrapper\">\n<p>H1029-A &#8211; ETREL INCH DUO &#8211; Rezerves da\u013ca &#8211; M\u0101tesplates PCBA &#8211; H1029-A<\/p>\n<\/div>\n<p>Pieejamas 3 vien\u012bbas<\/p>\n<\/div>\n<\/div>\n<\/div>\n<\/div>\n<\/div>\n<\/div>\n<\/div>\n","protected":false},"excerpt":{"rendered":"<p>Pieejams noliktav\u0101 &#8211; sazinieties ar sales@chargingshop.eu, lai sa\u0146emtu 0% PVN kv\u012bti<\/p>\n<p>&nbsp;<\/p>\n<p>&nbsp;<\/p>\n<p>&nbsp;<\/p>\n","protected":false},"featured_media":0,"comment_status":"open","ping_status":"closed","template":"","meta":[],"product_brand":[],"product_cat":[466],"product_tag":[],"class_list":{"0":"post-72266","1":"product","2":"type-product","3":"status-publish","5":"product_cat-stacionarie-ladetaji","6":"pa_brand-etrel-lv","8":"first","9":"instock","10":"taxable","11":"shipping-taxable","12":"purchasable","13":"product-type-simple"},"_links":{"self":[{"href":"https:\/\/chargingshop.eu\/lv\/wp-json\/wp\/v2\/product\/72266","targetHints":{"allow":["GET"]}}],"collection":[{"href":"https:\/\/chargingshop.eu\/lv\/wp-json\/wp\/v2\/product"}],"about":[{"href":"https:\/\/chargingshop.eu\/lv\/wp-json\/wp\/v2\/types\/product"}],"replies":[{"embeddable":true,"href":"https:\/\/chargingshop.eu\/lv\/wp-json\/wp\/v2\/comments?post=72266"}],"wp:attachment":[{"href":"https:\/\/chargingshop.eu\/lv\/wp-json\/wp\/v2\/media?parent=72266"}],"wp:term":[{"taxonomy":"product_brand","embeddable":true,"href":"https:\/\/chargingshop.eu\/lv\/wp-json\/wp\/v2\/product_brand?post=72266"},{"taxonomy":"product_cat","embeddable":true,"href":"https:\/\/chargingshop.eu\/lv\/wp-json\/wp\/v2\/product_cat?post=72266"},{"taxonomy":"product_tag","embeddable":true,"href":"https:\/\/chargingshop.eu\/lv\/wp-json\/wp\/v2\/product_tag?post=72266"}],"curies":[{"name":"wp","href":"https:\/\/api.w.org\/{rel}","templated":true}]}}