{"id":72253,"date":"2025-06-14T10:13:58","date_gmt":"2025-06-14T10:13:58","guid":{"rendered":"https:\/\/chargingshop.eu\/product\/v2c-trydan-22kw-pro-rfid-4g-sim-karte-displejs-2-tipa-spring-kabelis-melns\/"},"modified":"2025-06-14T10:14:00","modified_gmt":"2025-06-14T10:14:00","slug":"v2c-trydan-22kw-pro-rfid-4g-sim-karte-displejs-2-tipa-spring-kabelis-melns","status":"publish","type":"product","link":"https:\/\/chargingshop.eu\/lv\/product\/v2c-trydan-22kw-pro-rfid-4g-sim-karte-displejs-2-tipa-spring-kabelis-melns\/","title":{"rendered":"V2C Trydan 22kW PRO &#8211; RFID, 4G SIM karte, displejs, 2. tipa SPRING kabelis, melns"},"content":{"rendered":"<div class=\"elementor-element elementor-element-6d87fa2 elementor-widget elementor-widget-heading\" data-id=\"6d87fa2\" data-element_type=\"widget\" data-widget_type=\"heading.default\">\n<div class=\"elementor-widget-container\">\n<p>V2C Trydan 22kW PRO ar SPRING CABLE &#8211; inovat\u012bva un inteli\u0123enta uzl\u0101de darb\u0101, m\u0101j\u0101s, k\u0101 ar\u012b piln\u012bga lietot\u0101ja un uzl\u0101des kontrole ar lietotnes vai t\u012bmek\u013ca pane\u013ca pal\u012bdz\u012bbu.<br \/>\n4G SIM karte iek\u013cauta komplekt\u0101 nep\u0101rtrauktai savienojam\u012bbai!<br \/>\nRFID &#8211; standarts lietot\u0101ju piek\u013cuves p\u0101rvald\u012bbai!<\/p>\n<h4 class=\"elementor-heading-title elementor-size-default\">Trydan ir sinon\u012bms v\u0101rdam <b><i>Tri &#8211; <\/i>savienojums<\/b><\/h4>\n<\/div>\n<\/div>\n<div class=\"elementor-element elementor-element-3efa5b8a elementor-position-left elementor-view-default elementor-vertical-align-top elementor-widget elementor-widget-icon-box\" data-id=\"3efa5b8a\" data-element_type=\"widget\" data-widget_type=\"icon-box.default\">\n<div class=\"elementor-widget-container\">\n<div class=\"elementor-icon-box-wrapper\">\n<div class=\"elementor-icon-box-content\">\n<h4 class=\"elementor-icon-box-title\"><em>Savienojums ar t\u0101lruni.<\/em><\/h4>\n<p>Izmantojiet visas V2C Cloud lietotnes priek\u0161roc\u012bbas, piesl\u0113dzoties ar WiFi vai Bluetooth: kontrol\u0113jiet uzl\u0101di, p\u0101rbaudiet statistiku un pl\u0101nojiet darbu atbilsto\u0161i sav\u0101m vajadz\u012bb\u0101m.<\/p>\n<\/div>\n<\/div>\n<\/div>\n<\/div>\n<div class=\"elementor-element elementor-element-5f394a06 elementor-position-left elementor-view-default elementor-vertical-align-top elementor-widget elementor-widget-icon-box\" data-id=\"5f394a06\" data-element_type=\"widget\" data-widget_type=\"icon-box.default\">\n<div class=\"elementor-widget-container\">\n<div class=\"elementor-icon-box-wrapper\">\n<h4 class=\"elementor-icon-box-title\"><em>Savienojums ar Alexa.<\/em><\/h4>\n<p class=\"elementor-icon-box-title\">Iedom\u0101jieties, ka sak\u0101t \u201cAlexa, s\u0101c uzl\u0101d\u0113t manu elektromobili\u201d. Ar Trydan tas ir realit\u0101te. J\u016bsu balss sniedz r\u012bkojumus, un Alexa tos izpilda.  <\/p>\n<\/div>\n<\/div>\n<\/div>\n<div class=\"elementor-element elementor-element-49f5b55a elementor-position-left elementor-view-default elementor-vertical-align-top elementor-widget elementor-widget-icon-box\" data-id=\"49f5b55a\" data-element_type=\"widget\" data-widget_type=\"icon-box.default\">\n<div class=\"elementor-widget-container\">\n<div class=\"elementor-icon-box-wrapper\">\n<h4 class=\"elementor-icon-box-title\"><strong><em>Savienojums ar saules invertoru un saules ener\u0123ijas uzl\u0101de j\u016bsu elektromobilim.<\/em><\/strong><\/h4>\n<div class=\"elementor-icon-box-content\">\n<p class=\"elementor-icon-box-description\">Trydan ir vispiln\u012bg\u0101k\u0101 fotoelementu integr\u0101cijas sist\u0113ma, kas \u013cauj uzl\u0101d\u0113t tie\u0161i no saules elektrostacijas.  <span style=\"font-size: 14.4px;\">Sol\u0101rais elektromobi\u013ca l\u0101d\u0113t\u0101js darbojas, \u013caujot jums izmantot saules ener\u0123ijas p\u0101rpalikumu, lai tie\u0161i uzl\u0101d\u0113tu elektromobili. Tas noz\u012bm\u0113 BEZMAKSAS ener\u0123iju j\u016bsu elektromobi\u013ca darbin\u0101\u0161anai! <\/span><\/p>\n<p>  Saules elektromobi\u013cu l\u0101d\u0113t\u0101ju ir vienk\u0101r\u0161i uzst\u0101d\u012bt un lietot, t\u0101d\u0113j\u0101di palielinot j\u016bsu pane\u013cu un elektromobi\u013ca invest\u012bciju atdevi (ROI). Ta\u010du neuztraucieties, ja jums nav saules pane\u013cu, jo EV l\u0101d\u0113t\u0101js joproj\u0101m darbosies k\u0101 parasts l\u0101d\u0113t\u0101js, kas izmanto t\u012bkla ener\u0123iju. <\/p>\n<p>* Trydan ir sader\u012bgs ar visiem saules ener\u0123ijas invertoriem. Bezvadu re\u017e\u012bm\u0101 tas izveido tie\u0161u savienojumu ar <strong>GoodWe,<\/strong> <strong>Fronius<\/strong>, <strong>Huawei<\/strong>, <strong>Ingeteam<\/strong>, <strong>Kostal<\/strong>,<strong> SolarEdge<\/strong>,<strong> SolaX<\/strong>, <strong>Victron<\/strong>, <strong>Shelly <\/strong>un<strong> Wibeee<\/strong> skait\u012bt\u0101jiem. <\/p>\n<\/div>\n<\/div>\n<\/div>\n<\/div>\n<p>&nbsp;<\/p>\n<div class=\"video video-fit mb\" style=\"padding-top:56.25%;\"><p><iframe title=\"Trydan Pro - The perfect evolution\" width=\"1020\" height=\"574\" src=\"https:\/\/www.youtube.com\/embed\/TSnKat2HRcU?feature=oembed\" frameborder=\"0\" allow=\"accelerometer; autoplay; clipboard-write; encrypted-media; gyroscope; picture-in-picture; web-share\" referrerpolicy=\"strict-origin-when-cross-origin\" allowfullscreen><\/iframe><\/p>\n<\/div>\n<p>&nbsp;<\/p>\n<h3><strong><em>Galven\u0101s funkcijas<\/em><\/strong><\/h3>\n<p class=\"elementor-icon-box-title\">Dinamiska slodzes p\u0101rvald\u012bba &#8211; t\u0101 re\u0101llaik\u0101 nosaka kop\u0113jo ener\u0123ijas pat\u0113ri\u0146u un piel\u0101go uzl\u0101di, lai izvair\u012btos no p\u0101rslodzes.<\/p>\n<p class=\"elementor-icon-box-title\">Integr\u0101cija ar Home Assistant &#8211; izcila uzl\u0101des pieredze, pateicoties savietojam\u012bbai ar m\u0101jas automatiz\u0101cijas sist\u0113m\u0101m.<\/p>\n<p class=\"elementor-icon-box-title\"><strong>Neierobe\u017eota savienojam\u012bba<\/strong> &#8211; Trydan ir vien\u012bgais e-uzl\u0101des l\u0101d\u0113t\u0101js, kas, pateicoties V2C Bot, nodro\u0161ina piln\u012bgu kontroli, izmantojot Telegram lietotni. Atbalsta sazi\u0146u, izmantojot <strong>OCPP<\/strong>. Trydan ietver ar\u012b <strong>OPEN API<\/strong> izstr\u0101d\u0101t\u0101jiem.  <\/p>\n<h3>V2C Cloud<\/h3>\n<p>Uzl\u0101des pieredze ir paaugstin\u0101ta l\u012bdz augst\u0101kajam l\u012bmenim.<\/p>\n<p>Lai maksim\u0101li palielin\u0101tu ietaup\u012bjumus, ieprogramm\u0113jiet slodzi izv\u0113l\u0113taj\u0101 laika interv\u0101l\u0101.<\/p>\n<p>Aktiviz\u0113jiet vai deaktiviz\u0113jiet uzl\u0101di, izv\u0113lieties t\u0101s intensit\u0101ti, blo\u0137\u0113jiet l\u0101d\u0113t\u0101ja izmanto\u0161anu un skatiet visu V2C Cloud statistiku.<\/p>\n<h3><strong>Specifik\u0101cijas &#8211; modelis TRY32-3-L5-M<\/strong><\/h3>\n<ul>\n<li>Mont\u0101\u017eas vieta iek\u0161telp\u0101s un \u0101rpus telp\u0101m<\/li>\n<li>Jauda: 22 kW (3-fz)<\/li>\n<li>Nomin\u0101lais baro\u0161anas spriegums: 230 V mai\u0146str\u0101vas vienf\u0101zes vai 400 V mai\u0146str\u0101vas tr\u012bsf\u0101\u017eu (+\/- 10%)<\/li>\n<li>Baro\u0161anas frekvence: 50\/60 Hz<\/li>\n<li>Kr\u0101sa: melna<\/li>\n<li>2. tipa izejas kabelis, 5 m<\/li>\n<li>Nomin\u0101l\u0101 str\u0101va: ne vair\u0101k k\u0101 32 A<\/li>\n<li>LED ar grafisku displeju<\/li>\n<li>Gaid\u012b\u0161anas re\u017e\u012bma ener\u0123ijas pat\u0113ri\u0146\u0161: 3W<\/li>\n<li>Darba temperat\u016bra: no -25\u00b0C l\u012bdz +50\u00b0C<\/li>\n<li>RFID lietot\u0101ju piek\u013cuves kontrolei<\/li>\n<\/ul>\n<p>&nbsp;<\/p>\n<p>&nbsp;<\/p>\n","protected":false},"excerpt":{"rendered":"<p>Jaunais V2C Trydan PRO ir \u0161eit!<\/p>\n<p>Iek\u013cauta 4G SIM karte nep\u0101rtrauktai savienojam\u012bbai!<br \/>\nRFID &#8211; lietot\u0101ju piek\u013cuves p\u0101rvald\u012bbas standarts!<\/p>\n<p>Inovat\u012bva un inteli\u0123enta uzl\u0101de m\u0101j\u0101s apvienojum\u0101 ar elegantu un funkcion\u0101lu dizainu.<\/p>\n<p>Viens no gudr\u0101kajiem elektromobi\u013cu l\u0101d\u0113t\u0101jiem tirg\u016b ar lielisku dizainu un daudz\u0101m funkcij\u0101m<\/p>\n<ul>\n<li>ir iesp\u0113ja uzl\u0101d\u0113t saules ener\u0123iju j\u016bsu elektromobili, ja t\u0101 ir pietiekami pieg\u0101d\u0101ta, izmantojot invertoru.<\/li>\n<li>Dinamisk\u0101 jaudas balans\u0113\u0161ana &#8211; 3 CT skavas komplekt\u0101!<\/li>\n<li>Smart &#8211; var kontrol\u0113t ar lietotni<\/li>\n<li>Ir displejs<\/li>\n<li>var vad\u012bt ar balss komand\u0101m, izmantojot Alexa!<\/li>\n<li>RFID lietot\u0101ju piek\u013cuves kontrolei<\/li>\n<\/ul>\n","protected":false},"featured_media":0,"comment_status":"open","ping_status":"closed","template":"","meta":[],"product_brand":[],"product_cat":[1394,464],"product_tag":[1431],"class_list":{"0":"post-72253","1":"product","2":"type-product","3":"status-publish","5":"product_cat-pardosanas-piedavajumi-atlaides","6":"product_cat-wallbox-uazlades-stacijas","7":"product_tag-v2c-trydan-pro-lv","8":"pa_brand-v2c-lv","10":"first","11":"instock","12":"sale","13":"taxable","14":"shipping-taxable","15":"purchasable","16":"product-type-simple"},"_links":{"self":[{"href":"https:\/\/chargingshop.eu\/lv\/wp-json\/wp\/v2\/product\/72253","targetHints":{"allow":["GET"]}}],"collection":[{"href":"https:\/\/chargingshop.eu\/lv\/wp-json\/wp\/v2\/product"}],"about":[{"href":"https:\/\/chargingshop.eu\/lv\/wp-json\/wp\/v2\/types\/product"}],"replies":[{"embeddable":true,"href":"https:\/\/chargingshop.eu\/lv\/wp-json\/wp\/v2\/comments?post=72253"}],"wp:attachment":[{"href":"https:\/\/chargingshop.eu\/lv\/wp-json\/wp\/v2\/media?parent=72253"}],"wp:term":[{"taxonomy":"product_brand","embeddable":true,"href":"https:\/\/chargingshop.eu\/lv\/wp-json\/wp\/v2\/product_brand?post=72253"},{"taxonomy":"product_cat","embeddable":true,"href":"https:\/\/chargingshop.eu\/lv\/wp-json\/wp\/v2\/product_cat?post=72253"},{"taxonomy":"product_tag","embeddable":true,"href":"https:\/\/chargingshop.eu\/lv\/wp-json\/wp\/v2\/product_tag?post=72253"}],"curies":[{"name":"wp","href":"https:\/\/api.w.org\/{rel}","templated":true}]}}