{"id":72247,"date":"2025-06-14T10:13:49","date_gmt":"2025-06-14T10:13:49","guid":{"rendered":"https:\/\/chargingshop.eu\/product\/abb-smartmeter-d13-15-m-65-modbus\/"},"modified":"2025-06-14T10:13:49","modified_gmt":"2025-06-14T10:13:49","slug":"abb-smartmeter-d13-15-m-65-modbus","status":"publish","type":"product","link":"https:\/\/chargingshop.eu\/lv\/product\/abb-smartmeter-d13-15-m-65-modbus\/","title":{"rendered":"ABB SmartMeter D13 15-M 65 Modbus"},"content":{"rendered":"<p>D13 15-M 65 Modbus ir tr\u012bsf\u0101\u017eu ener\u0123ijas skait\u012bt\u0101js ar Modbus RTU, tie\u0161ais piesl\u0113gums l\u012bdz 65 A, \u010detru kvadrantu m\u0113r\u012b\u0161ana, B klases precizit\u0101te akt\u012bvajai ener\u0123ijai saska\u0146\u0101 ar MID direkt\u012bvu un 2. klases precizit\u0101te reakt\u012bvajai ener\u0123ijai saska\u0146\u0101 ar IEC 62053-23, viena digit\u0101l\u0101 ieeja un viena digit\u0101l\u0101 izeja, tikai tr\u012bs DIN modu\u013cu platums un korpuss no p\u0101rstr\u0101d\u0101tas plastmasas.<\/p>\n","protected":false},"excerpt":{"rendered":"<p>ABB SmartMeter D13 15-M 65 Modbus &#8211; tr\u012bsf\u0101\u017eu ener\u0123ijas skait\u012bt\u0101js ar Modbus RTU, tie\u0161ais piesl\u0113gums l\u012bdz 65 A, sader\u012bgs ar visiem ABB AC Terra mode\u013ciem.<\/p>\n","protected":false},"featured_media":0,"comment_status":"closed","ping_status":"closed","template":"","meta":[],"product_brand":[],"product_cat":[592,464],"product_tag":[],"class_list":{"0":"post-72247","1":"product","2":"type-product","3":"status-publish","5":"product_cat-piederumi","6":"product_cat-wallbox-uazlades-stacijas","8":"first","9":"instock","10":"sale","11":"taxable","12":"shipping-taxable","13":"purchasable","14":"product-type-simple"},"_links":{"self":[{"href":"https:\/\/chargingshop.eu\/lv\/wp-json\/wp\/v2\/product\/72247","targetHints":{"allow":["GET"]}}],"collection":[{"href":"https:\/\/chargingshop.eu\/lv\/wp-json\/wp\/v2\/product"}],"about":[{"href":"https:\/\/chargingshop.eu\/lv\/wp-json\/wp\/v2\/types\/product"}],"replies":[{"embeddable":true,"href":"https:\/\/chargingshop.eu\/lv\/wp-json\/wp\/v2\/comments?post=72247"}],"wp:attachment":[{"href":"https:\/\/chargingshop.eu\/lv\/wp-json\/wp\/v2\/media?parent=72247"}],"wp:term":[{"taxonomy":"product_brand","embeddable":true,"href":"https:\/\/chargingshop.eu\/lv\/wp-json\/wp\/v2\/product_brand?post=72247"},{"taxonomy":"product_cat","embeddable":true,"href":"https:\/\/chargingshop.eu\/lv\/wp-json\/wp\/v2\/product_cat?post=72247"},{"taxonomy":"product_tag","embeddable":true,"href":"https:\/\/chargingshop.eu\/lv\/wp-json\/wp\/v2\/product_tag?post=72247"}],"curies":[{"name":"wp","href":"https:\/\/api.w.org\/{rel}","templated":true}]}}