{"id":72241,"date":"2025-06-14T10:13:39","date_gmt":"2025-06-14T10:13:39","guid":{"rendered":"https:\/\/chargingshop.eu\/product\/abb-terra-ac-22-kw-2-tipa-kabelis-4g-rfid-abb-3p-smartmeter\/"},"modified":"2025-06-14T10:13:44","modified_gmt":"2025-06-14T10:13:44","slug":"abb-terra-ac-22-kw-2-tipa-kabelis-4g-rfid-abb-3p-smartmeter","status":"publish","type":"product","link":"https:\/\/chargingshop.eu\/lv\/product\/abb-terra-ac-22-kw-2-tipa-kabelis-4g-rfid-abb-3p-smartmeter\/","title":{"rendered":"ABB Terra AC 22 kW, 2. tipa kabelis, 4G, RFID + ABB 3P SmartMeter"},"content":{"rendered":"<p><em><strong>ABB Terra AC 22kW ar kabeli, 2. tipa kabelis, 4G, RFID + ABB 3P SmartMeter slodzes balans\u0113\u0161anai (regul\u0101r\u0101 cena &#8211; 145eur)<\/strong><\/em><\/p>\n<p>&nbsp;<\/p>\n<p>DINAMISK\u0100S Slodzes l\u012bdzsvaro\u0161anas funkciju komplekts. Tas nov\u0113rs\u012bs p\u0101rm\u0113r\u012bgu elektroener\u0123ijas pat\u0113ri\u0146u, uzl\u0101d\u0113jot j\u016bsu elektromobili. <\/p>\n<p><strong>Augstv\u0113rt\u012bga kvalit\u0101te  <\/strong><\/p>\n<p>&#8211; Viens no visizdev\u012bg\u0101kajiem l\u0101d\u0113t\u0101jiem tirg\u016b<\/p>\n<p>&#8211; Pla\u0161s savienojam\u012bbas iesp\u0113ju kl\u0101sts<\/p>\n<p>&#8211; Viegli uzst\u0101d\u0101ms un vietu taupo\u0161s dizains<\/p>\n<p>&nbsp;<\/p>\n<p><strong>Dro\u0161\u012bba un aizsardz\u012bba<\/strong><\/p>\n<p>&#8211; Neatkar\u012bga tre\u0161\u0101 persona nov\u0113rt\u0113jusi un p\u0101rbaud\u012bjusi, lai nodro\u0161in\u0101tu atbilst\u012bbu visaugst\u0101kajiem standartiem.<\/p>\n<p>&#8211; Str\u0101vas ierobe\u017eo\u0161anas aizsardz\u012bba nov\u0113r\u0161 trauc\u0113jo\u0161u atsl\u0113g\u0161anos un str\u0101vas p\u0101rslodzi iek\u0101rt\u0101.<\/p>\n<p>&#8211; Integr\u0113tas aizsardz\u012bbas, tostarp l\u012bdzstr\u0101vas zem\u0113juma boj\u0101juma un p\u0101rsprieguma aizsardz\u012bba<\/p>\n<p>&nbsp;<\/p>\n<p><img decoding=\"async\" class=\"alignleft wp-image-3224\" src=\"https:\/\/chargingshop.eu\/wp-content\/uploads\/2020\/07\/ABB-Terra-AC-dynamic-load-management-307x400.png\" alt=\"ABB Terra AC dinamisk\u0101s slodzes vad\u012bba\" width=\"470\" height=\"612\" srcset=\"https:\/\/chargingshop.eu\/wp-content\/uploads\/2020\/07\/ABB-Terra-AC-dynamic-load-management-307x400.png 307w, https:\/\/chargingshop.eu\/wp-content\/uploads\/2020\/07\/ABB-Terra-AC-dynamic-load-management.png 422w\" sizes=\"(max-width: 470px) 100vw, 470px\" \/><\/p>\n<p><strong>Slodzes p\u0101rvald\u012bba<\/strong><\/p>\n<p>&#8211; Ieb\u016bv\u0113ts ener\u0123ijas skait\u012bt\u0101js<\/p>\n<p>&#8211; Manu\u0101la vai automatiz\u0113ta (dinamiska) slodzes p\u0101rvald\u012bba<\/p>\n<p>&#8211; \u0100r\u0113jo ener\u0123ijas skait\u012bt\u0101ju integr\u0113\u0161anas iestat\u012bjumi dinamiskai slodzes p\u0101rvald\u012bbai<\/p>\n<p>&#8211; Gatavs integr\u0101cijai ar modernu viedo \u0113ku energosist\u0113mu<\/p>\n<p><strong>N\u0101kotnes elast\u012bgums<\/strong><\/p>\n<p>&#8211; Vied\u0101 funkcionalit\u0101te optimiz\u0113tai uzl\u0101dei<\/p>\n<p>&#8211; Ener\u0123ijas skait\u012bt\u0101ju integr\u0101cija dinamiskai slodzes p\u0101rvald\u012bbai<\/p>\n<p>&#8211; Specializ\u0113ta lietotne vad\u012bbai un konfigur\u0113\u0161anai<\/p>\n<p>&#8211; Iesl\u0113gts t\u0101lvad\u012bbas programmat\u016bras atjaunin\u0101jums<\/p>\n<p>&nbsp;<\/p>\n<p>&nbsp;<\/p>\n<div>\n<p>&nbsp;<\/p>\n<p>&nbsp;<\/p>\n<\/div>\n<p>&nbsp;<\/p>\n<p>&nbsp;<\/p>\n<p><strong>Visu Smart funkciju prezent\u0101cija:<\/strong><\/p>\n<p><a href=\"https:\/\/chargingshop.eu\/wp-content\/uploads\/2020\/12\/chargersync-APP.pdf\">Chargersync APP<\/a><\/p>\n<p>&nbsp;<\/p>\n<div>\n<p><strong>Uzl\u0101des grafika pl\u0101no\u0161ana \u201cPeak shaving<\/strong>\u201d<\/p>\n<p>&#8211; iestatiet uzl\u0101des laika interv\u0101lus (grafiku), lai izvair\u012btos no elektroener\u0123ijas cenu maksimuma, piem\u0113ram, vakara tarifs<\/p>\n<p>&#8211; iesp\u0113jams ietaup\u012bt 100-300 eur gad\u0101* uz elektr\u012bbas r\u0113\u0137ina (atkar\u012bb\u0101 no viet\u0113j\u0101s elektroener\u0123ijas cenas).<\/p>\n<p>&nbsp;<\/p>\n<\/div>\n<p><strong>ChargeSync lietot\u0101ja lietotne Terra AC kontrolei, statusam un konfigur\u0101cijai<\/strong><\/p>\n<p>Stacijas iestat\u012b\u0161ana:<\/p>\n<div class=\"video video-fit mb\" style=\"padding-top:56.25%;\"><p><iframe title=\"ABB Terra AC station setup\" width=\"1020\" height=\"574\" src=\"https:\/\/www.youtube.com\/embed\/9tBaVWj7mHI?feature=oembed\" frameborder=\"0\" allow=\"accelerometer; autoplay; clipboard-write; encrypted-media; gyroscope; picture-in-picture; web-share\" referrerpolicy=\"strict-origin-when-cross-origin\" allowfullscreen><\/iframe><\/p>\n<\/div>\n<p>Uzl\u0101des statuss:<\/p>\n<div class=\"video video-fit mb\" style=\"padding-top:56.25%;\"><p><iframe title=\"ABB Terra AC APP charging process\" width=\"1020\" height=\"574\" src=\"https:\/\/www.youtube.com\/embed\/ZDbrLx06yh0?feature=oembed\" frameborder=\"0\" allow=\"accelerometer; autoplay; clipboard-write; encrypted-media; gyroscope; picture-in-picture; web-share\" referrerpolicy=\"strict-origin-when-cross-origin\" allowfullscreen><\/iframe><\/p>\n<\/div>\n<p>&nbsp;<\/p>\n<p><strong>ABB Terra AC 22kW modelis &#8211; (TAC-W22-G5-R-C-0<\/strong> \/ <strong>6AGC082157) funkcijas:<\/strong><\/p>\n<p>-Tips &#8211; Sienas k\u0101rba ar 2. tipa kabeli<br \/>\n-Juda 22 kW<br \/>\n-Tr\u012bsf\u0101zu<br \/>\n-Maks. str\u0101va 32 A<\/p>\n<p>-Ethernet (RJ45)<br \/>\n-Wifi<br \/>\n-OCPP 1.6<br \/>\n-Bluetooth<br \/>\n-Modbus RTU (RS485)<\/p>\n<p><strong><a href=\"https:\/\/new.abb.com\/products\/2CMA290881R1000\/ev3-012-100\" target=\"_blank\" rel=\"noopener\">EV3 012-100 SmartMeter modelis &#8211;<\/a> 2CMA290881R1000<\/strong><\/p>\n<p>&nbsp;<\/p>\n<p><em>Terra AC produktu bro\u0161\u016bra:<\/em><\/p>\n<p><a href=\"https:\/\/chargingshop.eu\/?attachment_id=2067\" target=\"_blank\" rel=\"attachment noopener wp-att-2067 noreferrer\">ABB_Terra_AC_wallbox_Brochure_A4<\/a><\/p>\n<p>&nbsp;<\/p>\n<p>* t\u012bkla operatori parasti iekas\u0113 25-40% piemaksu par vakar\u0101, no plkst. 18 l\u012bdz 22, pat\u0113r\u0113to elektroener\u0123iju. Tas ir atkar\u012bgs no l\u012bguma ar pieg\u0101d\u0101t\u0101ju. Da\u017e\u0101s valst\u012bs vakara\/nakts tarifu nav iesp\u0113jams nodro\u0161in\u0101t.  <\/p>\n<p>&nbsp;<\/p>\n","protected":false},"excerpt":{"rendered":"<p><a href=\"https:\/\/www.adac.de\/rund-ums-fahrzeug\/tests\/elektromobilitaet\/wallboxen\/\">ADAC Wallbox testa uzvar\u0113t\u0101js &#8211; 05\/2021<\/a><\/p>\n<p><em>ABB Terra AC 22kW sienas k\u0101rba ar kabeli + <strong><a href=\"https:\/\/new.abb.com\/products\/2CMA290881R1000\/ev3-012-100\">EV3 012-100 SmartMeter modelis<\/a> &#8211; 2CMA290881R1000<\/strong> Ar \u0161o komplektu j\u016bs var\u0113siet izmantot vienas f\u0101zes dinamisk\u0101s slodzes balans\u0113\u0161anas funkciju.<\/em><\/p>\n<p>Izcila kvalit\u0101te no pasaules l\u012bdera &#8211; ABB. Gudra un n\u0101kotnes stacija par parastas stacijas cenu. <\/p>\n<ul>\n<li>Statuss un vad\u012bba, izmantojot lietotni<\/li>\n<li>Piln\u012bga aizsardz\u012bba: p\u0101rslodzes, p\u0101rsprieguma, zemsprieguma, zemsprieguma, zemsprieguma, integr\u0113ta zibens aizsardz\u012bba.<\/li>\n<li>Maksas pl\u0101no\u0161ana \u201cPeak shaving\u201d.<\/li>\n<li>Slodzes l\u012bdzsvaro\u0161ana<\/li>\n<li>Iesp\u0113ja uzl\u0101d\u0113t tikai fotoelementu ener\u0123iju no viet\u0113j\u0101 invertora<\/li>\n<li>un daudz ko citu<\/li>\n<\/ul>\n<p>&nbsp;<\/p>\n","protected":false},"featured_media":0,"comment_status":"open","ping_status":"closed","template":"","meta":[],"product_brand":[],"product_cat":[1394,464],"product_tag":[1399],"class_list":{"0":"post-72241","1":"product","2":"type-product","3":"status-publish","5":"product_cat-pardosanas-piedavajumi-atlaides","6":"product_cat-wallbox-uazlades-stacijas","7":"product_tag-abb-terra-ac-7-lv","8":"pa_brand-abb-lv","10":"first","11":"instock","12":"sale","13":"taxable","14":"shipping-taxable","15":"purchasable","16":"product-type-simple"},"_links":{"self":[{"href":"https:\/\/chargingshop.eu\/lv\/wp-json\/wp\/v2\/product\/72241","targetHints":{"allow":["GET"]}}],"collection":[{"href":"https:\/\/chargingshop.eu\/lv\/wp-json\/wp\/v2\/product"}],"about":[{"href":"https:\/\/chargingshop.eu\/lv\/wp-json\/wp\/v2\/types\/product"}],"replies":[{"embeddable":true,"href":"https:\/\/chargingshop.eu\/lv\/wp-json\/wp\/v2\/comments?post=72241"}],"wp:attachment":[{"href":"https:\/\/chargingshop.eu\/lv\/wp-json\/wp\/v2\/media?parent=72241"}],"wp:term":[{"taxonomy":"product_brand","embeddable":true,"href":"https:\/\/chargingshop.eu\/lv\/wp-json\/wp\/v2\/product_brand?post=72241"},{"taxonomy":"product_cat","embeddable":true,"href":"https:\/\/chargingshop.eu\/lv\/wp-json\/wp\/v2\/product_cat?post=72241"},{"taxonomy":"product_tag","embeddable":true,"href":"https:\/\/chargingshop.eu\/lv\/wp-json\/wp\/v2\/product_tag?post=72241"}],"curies":[{"name":"wp","href":"https:\/\/api.w.org\/{rel}","templated":true}]}}