{"id":6411,"date":"2022-01-23T13:58:06","date_gmt":"2022-01-23T13:58:06","guid":{"rendered":"https:\/\/chargingshop.eu\/product\/saules-auto-nojume\/"},"modified":"2022-01-23T13:58:06","modified_gmt":"2022-01-23T13:58:06","slug":"saules-auto-nojume","status":"publish","type":"product","link":"https:\/\/chargingshop.eu\/lv\/product\/saules-auto-nojume\/","title":{"rendered":"Saules auto nojume"},"content":{"rendered":"<p>Ja esat automa\u0161\u012bnu \u012bpa\u0161nieks vai k\u0101ds, kur\u0161 ir visu laiku PV fan\u0101ti\u0137is un v\u0113las sekot jaun\u0101kaj\u0101m tehnolo\u0123iju tendenc\u0113m, noteikti esat sask\u0101ries ar jaun\u0101ko papildin\u0101jumu saules pane\u013cu kategorij\u0101\u00a0\u2014 saules ener\u0123ijas nojume. Uzlabota tradicion\u0101lo automa\u0161\u012bnu nojumju un uz zemes uzst\u0101d\u012bto saules bateriju bloku versija.<\/p>\n<h2>Cik ir saules ener\u0123ijas ra\u017eo\u0161anas nojumes izmaksas?<\/h2>\n<p>T\u0101 ir izstr\u0101d\u0101ta, izmantojot fotonu (gaismas da\u013ci\u0146u) uztver\u0161anas tehnolo\u0123iju, un aptver automa\u0161\u012bnu st\u0101vvietu. M\u016bsdien\u0101s uzplaukums ir tendence izmantot saules ener\u0123iju \u0123ener\u0113jo\u0161u autost\u0101vvietu un uzl\u0101d\u0113t transportl\u012bdzek\u013cus ar <a href=\"http:\/\/chrgsolar.lt\/\" target=\"_blank\" rel=\"noopener\">saules ener\u0123iju<\/a>. Vai nu paskat\u0101s uz priv\u0101to automa\u0161\u012bnu lieveni vai publisko autost\u0101vvietu lielos tirdzniec\u012bbas centros vai pils\u0113tu centros, j\u016bs to varat redz\u0113t. Protams, saules nojume ir \u012bpa\u0161i paredz\u0113ta elektrisko transportl\u012bdzek\u013cu uzl\u0101d\u0113\u0161anai, ta\u010du t\u0101s funkcija nav ierobe\u017eota. Turkl\u0101t tas aizsarg\u0101 no UV stariem un nokri\u0161\u0146iem. Turkl\u0101t saules ener\u0123ijas \u0123ener\u0113\u0161anas osta nodro\u0161ina ener\u0123iju ar\u012b tuv\u0113jiem uz\u0146\u0113mumiem, m\u0101j\u0101m vai viet\u0113jam komun\u0101lajam t\u012bklam.<\/p>\n<h3>K\u0101 tas darbojas?<\/h3>\n<p>Saules nojumes darb\u012bba neat\u0161\u0137iras no parastajiem uz zemes vai jumta eso\u0161ajiem saules pane\u013ciem. Tas darbojas ar to pa\u0161u tehnolo\u0123iju. Tas p\u0101rveido fotonu ener\u0123iju elektr\u012bb\u0101, izmantojot fotoelektrisko efektu. Kad saules bateriju paneli sa\u0146em fotons, t\u0101 ener\u0123ija \u0123ener\u0113 elektronus, kas pl\u016bst pa saules pane\u013ciem, un \u0123ener\u0113 elektrisko str\u0101vu.<\/p>\n<h3>Autost\u0101vvietas izmaksas ar saules pane\u013ciem<\/h3>\n<p>Saules pane\u013cu izmaksas ir atkar\u012bgas no izv\u0113l\u0113t\u0101 saules pane\u013ca veida un izm\u0113ra. Kop\u0113j\u0101s izmaksas ir atkar\u012bgas no \u0161\u0101diem jaut\u0101jumiem: 1. Cik daudz jaudas v\u0113laties sara\u017eot? 2. K\u0101da ir kop\u0113j\u0101 plat\u012bba, kuru v\u0113laties segt? 3.\u00a0Izmantot\u0101 <a href=\"https:\/\/chargingshop.eu\/product\/solar-inverter-huawei-sun2000-5ktl-m0\/\">invertora<\/a> tips\/modelis Tipisks automa\u0161\u012bnas ports var satur\u0113t 4\u201310\u00a0kW saules ener\u0123iju. pane\u013ci. Gada laik\u0101 tas var sara\u017eot 5000 l\u012bdz 20000 kWh (atkar\u012bgs no saulaino dienu skaita gad\u0101)<\/p>\n","protected":false},"excerpt":{"rendered":"<p>Rad\u012bt saules ener\u0123iju sav\u0101 priv\u0101taj\u0101 pagalm\u0101.<\/p>\n<ul>\n<li>aizsarg\u0101 j\u016bsu automa\u0161\u012bnu no saules, lietus un sniega<\/li>\n<li>\u0123ener\u0113 ener\u0123iju j\u016bsu m\u0101jai vai EV<\/li>\n<\/ul>\n","protected":false},"featured_media":0,"comment_status":"open","ping_status":"closed","template":"","meta":[],"product_brand":[],"product_cat":[838,788],"product_tag":[],"class_list":{"0":"post-6411","1":"product","2":"type-product","3":"status-publish","5":"product_cat-saules-nojumes","6":"product_cat-saules-paneli","8":"first","9":"instock","10":"taxable","11":"shipping-taxable","12":"product-type-simple"},"_links":{"self":[{"href":"https:\/\/chargingshop.eu\/lv\/wp-json\/wp\/v2\/product\/6411","targetHints":{"allow":["GET"]}}],"collection":[{"href":"https:\/\/chargingshop.eu\/lv\/wp-json\/wp\/v2\/product"}],"about":[{"href":"https:\/\/chargingshop.eu\/lv\/wp-json\/wp\/v2\/types\/product"}],"replies":[{"embeddable":true,"href":"https:\/\/chargingshop.eu\/lv\/wp-json\/wp\/v2\/comments?post=6411"}],"wp:attachment":[{"href":"https:\/\/chargingshop.eu\/lv\/wp-json\/wp\/v2\/media?parent=6411"}],"wp:term":[{"taxonomy":"product_brand","embeddable":true,"href":"https:\/\/chargingshop.eu\/lv\/wp-json\/wp\/v2\/product_brand?post=6411"},{"taxonomy":"product_cat","embeddable":true,"href":"https:\/\/chargingshop.eu\/lv\/wp-json\/wp\/v2\/product_cat?post=6411"},{"taxonomy":"product_tag","embeddable":true,"href":"https:\/\/chargingshop.eu\/lv\/wp-json\/wp\/v2\/product_tag?post=6411"}],"curies":[{"name":"wp","href":"https:\/\/api.w.org\/{rel}","templated":true}]}}