{"id":6324,"date":"2022-01-20T17:10:51","date_gmt":"2022-01-20T17:10:51","guid":{"rendered":"https:\/\/chargingshop.eu\/product\/huawei-sun2000-8kw-8ktl-saules-energijas-parveidotajs\/"},"modified":"2022-01-20T17:10:51","modified_gmt":"2022-01-20T17:10:51","slug":"huawei-sun2000-8kw-8ktl-saules-energijas-parveidotajs","status":"publish","type":"product","link":"https:\/\/chargingshop.eu\/lv\/product\/huawei-sun2000-8kw-8ktl-saules-energijas-parveidotajs\/","title":{"rendered":"Huawei SUN2000 8kW (8KTL) &#8211; saules ener\u0123ijas p\u0101rveidot\u0101js"},"content":{"rendered":"<p><strong>Huawei SUN2000-8KTL-M0 8kW<\/strong> t\u012bkla piesl\u0113guma invertors ir sagatavots uzst\u0101d\u012b\u0161anai m\u0101j\u0101s, kas tiek darbin\u0101tas ar tr\u012bsf\u0101\u017eu str\u0101vu. \u0160is invertors ir starpmodelis jaunaj\u0101 dz\u012bvojamo m\u0101ju t\u012bkla savienojuma diapazon\u0101. Saules panelim ir l\u012bdzstr\u0101vas izol\u0101cijas noteik\u0161anas un atliku\u0161\u0101s intensit\u0101tes uzraudz\u012bbas vien\u012bba. Visefekt\u012bv\u0101kaj\u0101m saules ener\u0123ijas sist\u0113m\u0101m, kas darbina m\u016bsu ier\u012bces, ir nepiecie\u0161ams augstas kvalit\u0101tes invertors ar sp\u0113c\u012bgu konvekcijas dzes\u0113\u0161anas sist\u0113mu. <strong>SUN2000-8KTL-M0 8kW invertors <\/strong>ir sagatavots darbam ar tr\u012bsf\u0101zu t\u012bkla savienojuma iek\u0101rt\u0101m. Tas ir sagatavots, lai nodro\u0161in\u0101tu iesp\u0113ju, ka baterijas palielin\u0101s pa\u0161pat\u0113ri\u0146a pak\u0101pi.<\/p>\n<h2>Huawei SUN2000-8KTL-M0 funkcijas:<\/h2>\n<p><span data-spm-anchor-id=\"a2g0o.detail.1000023.i1.76d84c51JufCUg\">Huawei SUN2000-8KTL-M0 8kW invertoram ir 2 MPPT, kas \u013cauj uzst\u0101d\u012bt pane\u013cus div\u0101s formu grup\u0101s. grupas var uzst\u0101d\u012bt ar da\u017e\u0101du sl\u012bpumu, orient\u0101ciju vai da\u017e\u0101diem elektriskiem parametriem. <b>Invertors SUN20008KTL<\/b> palielina <a href=\"https:\/\/chargingshop.eu\/lv\/product-category\/saules-paneli\/\"><strong>saules pane\u013cu<\/strong><\/a> efektivit\u0101ti. lai m\u0101j\u0101m vienm\u0113r tiktu pied\u0101v\u0101ta maksim\u0101l\u0101 ener\u0123ija l\u012bdz pat 99%.<\/span> Jaun\u0101kais Huawei 8kw saules ener\u0123ijas invertors tirg\u016b tiek augstu nov\u0113rt\u0113ts, jo t\u0101l\u0101k nor\u0101d\u012bt\u0101s specifik\u0101cijas padara to ieguld\u012bjumu v\u0113rts. <strong>Specifik\u0101cijas:<\/strong><\/p>\n<ul>\n<li>Akt\u012bv\u0101 nomin\u0101l\u0101 mai\u0146str\u0101vas jauda 8000\u00a0W Maks.<\/li>\n<li>Ac\u012bmredzam\u0101 mai\u0146str\u0101vas jauda 8800\u00a0VA<\/li>\n<li>Maksim\u0101lais ieejas spriegums (Vmax) 1100\u00a0V<\/li>\n<li>Maksim\u0101l\u0101 intensit\u0101te uz MPPT\u00a011A<\/li>\n<li>Maks. \u012bssavienojuma intensit\u0101te uz MPPT 15A<\/li>\n<li>Minim\u0101lais ieejas spriegums 200 V<\/li>\n<li>Sprieguma diapazons MPP\u00a0380\u2013850\u00a0V<\/li>\n<li>Maksim\u0101l\u0101 potenci\u0101la nomin\u0101lais spriegums 600\u00a0V Maks.<\/li>\n<\/ul>\n<h4><strong>Efektivit\u0101te:<\/strong><\/h4>\n<ul>\n<li><strong>Maksim\u0101l\u0101 invertora efektivit\u0101te:<\/strong> 98,6%<\/li>\n<li><strong>Eiropas sv\u0113rt\u0101 efektivit\u0101te:<\/strong> 98,0%<\/li>\n<\/ul>\n<h4><strong>Ievade:<\/strong><\/h4>\n<ul>\n<li><strong>Maksim\u0101lais ieejas spriegums:<\/strong> 1100\u00a0V<\/li>\n<li><strong>Mazais ieejas spriegums:<\/strong> 200\u00a0V<\/li>\n<li><strong>MpPT sprieguma diapazons:<\/strong> 140\u00a0V\u2013980\u00a0V<\/li>\n<li><strong>Nomin\u0101lais pane\u013ca ieejas spriegums:<\/strong> 600\u00a0V<\/li>\n<li><strong>Maksim\u0101l\u0101 ieejas str\u0101va uz MPPT:<\/strong> 11A<\/li>\n<li><strong>Maksim\u0101l\u0101 intensit\u0101te:<\/strong> 15A<\/li>\n<li><strong>MPPT numurs:<\/strong> 2<\/li>\n<li><strong>MPPT ievades:<\/strong> 1<\/li>\n<\/ul>\n<h4><strong>Izvade:<\/strong><\/h4>\n<ul>\n<li>Tr\u012bsf\u0101\u017eu main\u012bga izeja<\/li>\n<li>Nomin\u0101l\u0101 izejas jauda: 8kW\u20138,8kVA<\/li>\n<li>Izejas spriegums: 220\/380V, 230\/400V, 3W+N+PE<\/li>\n<li>Nomin\u0101l\u0101 t\u012bkla frekvence: 50\u00a0Hz\/60\u00a0Hz<\/li>\n<li>Maksim\u0101l\u0101 izejas str\u0101va 13,5\u00a0A<\/li>\n<\/ul>\n","protected":false},"excerpt":{"rendered":"<p>Huawei SUN2000-8KTL-M0 ir dro\u0161s, uzticams un efekt\u012bvs. \u0160is Saules izgudrot\u0101js sola vienu no lab\u0101kaj\u0101m saules ener\u0123ijas pieredz\u0113m.<\/p>\n<ul>\n<li>Augstas efektivit\u0101tes invertora topolo\u0123ija<\/li>\n<li>Integr\u0113ts akumulatora interfeiss<\/li>\n<li>Ar AI balst\u012bta loka noteik\u0161anas AFCI<\/li>\n<li>Ieb\u016bv\u0113ts akumulatora interfeiss<\/li>\n<li>\u0100tr\u0101 instal\u0113\u0161ana<\/li>\n<li>WLAN sargspraudnis invertora komplekt\u0101<\/li>\n<\/ul>\n","protected":false},"featured_media":0,"comment_status":"open","ping_status":"closed","template":"","meta":[],"product_brand":[],"product_cat":[788],"product_tag":[],"class_list":{"0":"post-6324","1":"product","2":"type-product","3":"status-publish","5":"product_cat-saules-paneli","6":"pa_brand-huawei-lv","8":"first","9":"instock","10":"taxable","11":"shipping-taxable","12":"purchasable","13":"product-type-simple"},"_links":{"self":[{"href":"https:\/\/chargingshop.eu\/lv\/wp-json\/wp\/v2\/product\/6324","targetHints":{"allow":["GET"]}}],"collection":[{"href":"https:\/\/chargingshop.eu\/lv\/wp-json\/wp\/v2\/product"}],"about":[{"href":"https:\/\/chargingshop.eu\/lv\/wp-json\/wp\/v2\/types\/product"}],"replies":[{"embeddable":true,"href":"https:\/\/chargingshop.eu\/lv\/wp-json\/wp\/v2\/comments?post=6324"}],"wp:attachment":[{"href":"https:\/\/chargingshop.eu\/lv\/wp-json\/wp\/v2\/media?parent=6324"}],"wp:term":[{"taxonomy":"product_brand","embeddable":true,"href":"https:\/\/chargingshop.eu\/lv\/wp-json\/wp\/v2\/product_brand?post=6324"},{"taxonomy":"product_cat","embeddable":true,"href":"https:\/\/chargingshop.eu\/lv\/wp-json\/wp\/v2\/product_cat?post=6324"},{"taxonomy":"product_tag","embeddable":true,"href":"https:\/\/chargingshop.eu\/lv\/wp-json\/wp\/v2\/product_tag?post=6324"}],"curies":[{"name":"wp","href":"https:\/\/api.w.org\/{rel}","templated":true}]}}