{"id":5937,"date":"2021-08-20T14:54:44","date_gmt":"2021-08-20T14:54:44","guid":{"rendered":"https:\/\/chargingshop.eu\/product\/efacec-qc45-fast-charging-station\/"},"modified":"2021-09-01T07:29:20","modified_gmt":"2021-09-01T07:29:20","slug":"efacec-qc45-fast-charging-station","status":"publish","type":"product","link":"https:\/\/chargingshop.eu\/lv\/product\/efacec-qc45-fast-charging-station\/","title":{"rendered":"\u0100tr\u0101s uzl\u0101des stacija EFACEC QC45"},"content":{"rendered":"<div class = \"fusion-text fusion-text-1\">\n<h2 class = \"eshop-detail-title cf\"> <span class = \"product-title\"> <span class = \"product-title-content\"> Efacec <\/span> <\/span> QC45 ir lab\u0101kais uzl\u0101des veids stacija, savietojama ar visu marku elektromobi\u013ciem <\/h2>\n<\/div>\n<p> \u0100tr\u0101s uzl\u0101des stacija QC45 nodro\u0161ina \u0101tru akumulatora uzl\u0101di un atbalsta 2 EV vienlaic\u012bgu mai\u0146str\u0101vas un l\u012bdzstr\u0101vas uzl\u0101di ar vair\u0101k\u0101m izejas iesp\u0113j\u0101m. Visas kombin\u0113t\u0101s izejas ir apvienotas vien\u0101 korpus\u0101, lai dro\u0161i un \u0113rti uzl\u0101d\u0113tu visus piem\u0113rotos elektromobi\u013cus. <\/p>\n<p> \u0100tr\u0101 l\u0101d\u0113t\u0101ja CHAdeMO, CCS un AC 2. tipa uzl\u0101des savienot\u0101ji var pied\u0101v\u0101t l\u012bdz 50 kW uzl\u0101des jaudu. Mai\u0146str\u0101vas uzl\u0101des savienot\u0101jam nav nepiecie\u0161ams past\u0101v\u012bgs vads, un tas var uzl\u0101d\u0113t l\u012bdz 22 kW. QC45 ir izstr\u0101d\u0101ts, lai nodro\u0161in\u0101tu j\u016bsu EV maksim\u0101lu uzl\u0101di ar minim\u0101lu pavad\u012bto laiku. <\/p>\n<h3> <strong> QC45 \u0101tr\u0101s uzl\u0101des stacijas iez\u012bmes <\/strong> <\/h3>\n<ul>\n<li> \u0100tra uzl\u0101de l\u012bdz 80% maz\u0101k nek\u0101 30 min\u016bt\u0113s <\/li>\n<li> Vienlaic\u012bga mai\u0146str\u0101vas un l\u012bdzstr\u0101vas uzl\u0101de <\/li>\n<li> Vair\u0101ki standarti (sader\u012bgi ar CHAdeMO, CCS un AC Type 2) <\/li>\n<li> Augsta efektivit\u0101te &#038; gt; 93%<\/li>\n<li> Augstas jaudas koeficients 0,98 <\/li>\n<li> Ieb\u016bv\u0113ti sakari (3G; LAN; Wi-Fi) <\/li>\n<li> L\u012bdzstr\u0101vas jauda l\u012bdz 50 kW <\/li>\n<li> Mai\u0146str\u0101vas jauda l\u012bdz 43 kVA <\/li>\n<li> augsta uzticam\u012bba <\/li>\n<li> Easy Plug &#038; amp; Play instal\u0113\u0161ana <\/li>\n<\/ul>\n<h4> <strong> \u0100tr\u0101 uzl\u0101de: <\/strong> <\/h4>\n<p> Katru ier\u012bci, kas var uzl\u0101d\u0113t no nulles l\u012bdz 80 procentiem maz\u0101k nek\u0101 30 min\u016bt\u0113s, var strat\u0113\u0123iski novietot k\u0101 da\u013cu no \u0101tr\u0101s uzl\u0101des infrastrukt\u016bras t\u012bkla. M\u016bsu produkti ir rad\u012bti, \u0146emot v\u0113r\u0101 sp\u0113c\u012bgo ra\u017eo\u0161anu, iztur\u012bbu un dro\u0161\u012bbu. L\u0101d\u0113t\u0101ja galven\u0101s l\u012bnijas un forma \u013cauj tam iek\u013cauties vid\u0113 un ainav\u0101, un dizains ir paredz\u0113ts, lai sniegtu klientiem p\u0101rliec\u012bbu, ka automa\u0161\u012bnas uzl\u0101de ir vienk\u0101r\u0161a un dro\u0161a. <\/p>\n<h4> <strong> T\u012bkla integr\u0101cija <\/strong> <\/h4>\n<p> QC45 ir elast\u012bga un atv\u0113rta uzl\u0101des stacija, kuru var uzl\u0101d\u0113t atsevi\u0161\u0137\u0101 re\u017e\u012bm\u0101 vai integr\u0113t jebkur\u0101 t\u012bkl\u0101 ar jebkuru centr\u0101lo sist\u0113mu. <\/p>\n<h4> <strong> Piel\u0101go\u0161ana &#038; amp; Korpuss <\/strong> <\/h4>\n<p> QC45 ir augstas kvalit\u0101tes un iztur\u012bgs apvalks ar aizsardz\u012bbu pret koroziju, kas piel\u012bdzin\u0101ms ner\u016bs\u0113jo\u0161ajam t\u0113raudam, nodro\u0161inot iek\u0101rtai ilgu kalpo\u0161anas laiku. Lai atbilstu j\u016bsu z\u012bmola kop\u0113jam izskatam, varat to piel\u0101got, izmantojot piel\u0101gotus att\u0113lus, logotipus un kr\u0101sas. <\/p>\n<h4> <strong> Viegli uzst\u0101d\u012bt <\/strong> <\/h4>\n<p> \u0160is lieljaudas QC45 \u0101trais l\u0101d\u0113t\u0101js ir da\u017e\u0101d\u0101s kr\u0101s\u0101s. To ir viegli uzst\u0101d\u012bt un viegli lietot. Vien\u012bbas tiek p\u0101rbaud\u012btas un p\u0101rbaud\u012btas ar visiem sader\u012bgajiem elektromobi\u013ciem. \u0100trais l\u0101d\u0113t\u0101js QC45 pied\u0101v\u0101 l\u012bdz 50 kW l\u012bdzstr\u0101vas jaudu un 43 kW mai\u0146str\u0101vu. <\/p>\n<h4> <strong> Pieejama programmat\u016bra <\/strong> <\/h4>\n<p> QC45 ir sader\u012bgs ar Charge Lab, EV Connect un Green lot komerci\u0101lo elektrisko transportl\u012bdzek\u013cu l\u0101d\u0113t\u0101ju programmat\u016bras sist\u0113m\u0101m. Izmantojot \u0161\u012bs programmat\u016bras pakotnes, ir iesp\u0113jams nor\u0113\u0137in\u0101ties ar klientiem, parka p\u0101rvald\u012bba, l\u0101d\u0113t\u0101ju uzraudz\u012bba un pat iPhone un Android lietojumprogrammas, lai pat\u0113r\u0113t\u0101ji var\u0113tu atrast j\u016bsu l\u0101d\u0113t\u0101jus. <\/p>\n<p> &#038; nbsp; <\/p>\n","protected":false},"excerpt":{"rendered":"<p> Efacec ir ieviesis jaunu uzl\u0101des staciju, kas visus EV uzl\u0101d\u0113 atsevi\u0161\u0137\u0101 re\u017e\u012bm\u0101 ar minim\u0101lu pavad\u012bto laiku. T\u0101 dizains ir unik\u0101ls un uzl\u0101d\u0113ts ar lab\u0101ko jaudas koeficientu. <\/p>\n<ul>\n<li> \u0100tra maksa l\u012bdz 80%<\/li>\n<li> Augsta efektivit\u0101te &#038; gt; 93%<\/li>\n<li> Augstas jaudas koeficients 0,98 <\/li>\n<li> Augsta uzticam\u012bba <\/li>\n<li> L\u012bdzstr\u0101vas jauda l\u012bdz 50 KW <\/li>\n<li> Mai\u0146str\u0101vas jauda l\u012bdz 43Kva <\/li>\n<li> Viegli uzst\u0101d\u012bt <\/li>\n<li> Aizsardz\u012bba pret koroziju <\/li>\n<\/ul>\n<p> ~ 2-3 m\u0113ne\u0161u izpildes laiks. <\/p>\n","protected":false},"featured_media":5851,"comment_status":"open","ping_status":"closed","template":"","meta":[],"product_brand":[],"product_cat":[465],"product_tag":[739,738,737,736],"class_list":{"0":"post-5937","1":"product","2":"type-product","3":"status-publish","4":"has-post-thumbnail","6":"product_cat-dc-uzlades-stacijas","7":"product_tag-50kw-atrais-ladetajs","8":"product_tag-efacec-qc45-cena","9":"product_tag-qc45-atrais-ladetajs","10":"product_tag-qc45-atras-uzlades-stacija","11":"pa_brand-efacec-lv","13":"first","14":"instock","15":"taxable","16":"shipping-taxable","17":"purchasable","18":"product-type-simple"},"_links":{"self":[{"href":"https:\/\/chargingshop.eu\/lv\/wp-json\/wp\/v2\/product\/5937","targetHints":{"allow":["GET"]}}],"collection":[{"href":"https:\/\/chargingshop.eu\/lv\/wp-json\/wp\/v2\/product"}],"about":[{"href":"https:\/\/chargingshop.eu\/lv\/wp-json\/wp\/v2\/types\/product"}],"replies":[{"embeddable":true,"href":"https:\/\/chargingshop.eu\/lv\/wp-json\/wp\/v2\/comments?post=5937"}],"wp:featuredmedia":[{"embeddable":true,"href":"https:\/\/chargingshop.eu\/lv\/wp-json\/wp\/v2\/media\/5851"}],"wp:attachment":[{"href":"https:\/\/chargingshop.eu\/lv\/wp-json\/wp\/v2\/media?parent=5937"}],"wp:term":[{"taxonomy":"product_brand","embeddable":true,"href":"https:\/\/chargingshop.eu\/lv\/wp-json\/wp\/v2\/product_brand?post=5937"},{"taxonomy":"product_cat","embeddable":true,"href":"https:\/\/chargingshop.eu\/lv\/wp-json\/wp\/v2\/product_cat?post=5937"},{"taxonomy":"product_tag","embeddable":true,"href":"https:\/\/chargingshop.eu\/lv\/wp-json\/wp\/v2\/product_tag?post=5937"}],"curies":[{"name":"wp","href":"https:\/\/api.w.org\/{rel}","templated":true}]}}