{"id":5925,"date":"2021-08-25T14:08:34","date_gmt":"2021-08-25T14:08:34","guid":{"rendered":"https:\/\/chargingshop.eu\/product\/efacec-qc24s-atrais-ladetajs\/"},"modified":"2021-08-25T14:08:34","modified_gmt":"2021-08-25T14:08:34","slug":"efacec-qc24s-atrais-ladetajs","status":"publish","type":"product","link":"https:\/\/chargingshop.eu\/lv\/product\/efacec-qc24s-atrais-ladetajs\/","title":{"rendered":"Efacec QC24S \u0101trais l\u0101d\u0113t\u0101js"},"content":{"rendered":"<p> Efacec QC24S \u0101trais l\u0101d\u0113t\u0101js ir jauns vienas kontaktligzdas kompakts \u0101trais l\u0101d\u0113t\u0101js, kas vienas stundas laik\u0101 uzl\u0101d\u0113 j\u016bsu elektromobili l\u012bdz 80%. Dizains atbilst visiem nozares standarta uzl\u0101des protokoliem un saskarn\u0113m. T\u0101s viegl\u0101 konstrukcija ir viegli uzst\u0101d\u0101ma pie sienas, kur ir j\u0101uztraucas par vietu. QC24S ir \u0101tr\u0101s uzl\u0101des stacija, kas sp\u0113j uzl\u0101d\u0113t visus ar CCS sader\u012bgos elektriskos transportl\u012bdzek\u013cus. Ir pieejamas da\u017e\u0101das izejas opcijas, piem\u0113ram, pamata vienas l\u012bdzstr\u0101vas izejas jauda ar 24 kW jaudu ar CCS vai CHadeMO savienot\u0101ju ar piesietu vadu, kas p\u0101rbaud\u012bts un akredit\u0113ts ar visiem sader\u012bgajiem transportl\u012bdzek\u013ciem. <\/p>\n<h2> <strong> Efacec QC24S l\u0101d\u0113t\u0101ja galven\u0101s iez\u012bmes un priek\u0161roc\u012bbas <\/strong> <\/h2>\n<ul>\n<li> Uzl\u0101d\u0113jiet elektromobili 1 stundas laik\u0101 Augsta efektivit\u0101te &#038; gt; 94%<\/li>\n<li> Vair\u0101kas lietojumprogrammas un \u0113rta apkope <\/li>\n<li> L\u012bdzstr\u0101vas jauda l\u012bdz 24 kW <\/li>\n<li> Lietot\u0101jam draudz\u012bgs interfeiss ar papildu kr\u0101su displeju <\/li>\n<li> Statusa LED kr\u0101su kabe\u013ca tur\u0113t\u0101js <\/li>\n<li> Augstas jaudas koeficients 0,99 <\/li>\n<li> Viet\u0113j\u0101 un t\u0101lvad\u012bbas uzraudz\u012bba <\/li>\n<li> Neatkar\u012bga vai t\u012bkla integr\u0101cija <\/li>\n<li> Papildu ieb\u016bv\u0113ti sakari (3G; LAN; Wi-Fi) <\/li>\n<li> Ir pieejams piel\u0101gots z\u012bmols <\/li>\n<\/ul>\n<h3> <strong> QC24S \u0101tr\u0101s uzl\u0101des funkcijas ietver: <\/strong> <\/h3>\n<h4> <strong> \u0100tra uzl\u0101de: <\/strong> <\/h4>\n<p> Katru ier\u012bci, kas 60 min\u016b\u0161u laik\u0101 var uzl\u0101d\u0113t no nulles l\u012bdz 80, var strat\u0113\u0123iski novietot k\u0101 da\u013cu no \u0101tr\u0101s uzl\u0101des infrastrukt\u016bras t\u012bkla. Tas maks\u0101 skarto sienas stiprin\u0101jumu viet\u0101s, kur rodas ba\u017eas. <\/p>\n<h4> <strong> Piel\u0101go\u0161ana &#038; amp; Korpuss <\/strong> <\/h4>\n<p> QC24S ir augstas kvalit\u0101tes un iztur\u012bgs apvalks ar aizsardz\u012bbu pret koroziju, kas piel\u012bdzin\u0101ms ner\u016bs\u0113jo\u0161ajam t\u0113raudam, nodro\u0161inot iek\u0101rtai ilgu kalpo\u0161anas laiku. Personaliz\u0113jiet to, izmantojot piel\u0101gotu grafiku, logotipus un kr\u0101sas, lai ieg\u016btu j\u016bsu z\u012bmola kop\u0113jo izskatu. <\/p>\n<h4> <strong> Viegli uzst\u0101d\u012bt <\/strong> <\/h4>\n<p> \u0160is lieljaudas, daudzpavedienu QC24S ir \u0101trs l\u0101d\u0113t\u0101js ar ieb\u016bv\u0113tu 3G un LAN komunik\u0101ciju, un tas ir pieejams da\u017e\u0101d\u0101s kr\u0101s\u0101s. To ir viegli uzst\u0101d\u012bt un izveidot savienojumu ar eso\u0161u uzl\u0101des infrastrukt\u016bras t\u012bklu. <\/p>\n<h4> <strong> Pieejama programmat\u016bra <\/strong> <\/h4>\n<p> Galven\u0101 CPMS ir risin\u0101jumu visaptvero\u0161a EV uzl\u0101des p\u0101rvald\u012bbas platforma. Tas sast\u0101v no unik\u0101lu un jaud\u012bgu programmat\u016bras r\u012bku komplekta, kas efekt\u012bvi rea\u0123\u0113 uz elektrot\u012bkla spraud\u0146a tirgus ekosist\u0113mas vajadz\u012bb\u0101m. <\/p>\n<h5> <strong> PIETEIKUMS: <\/strong> <\/h5>\n<ul>\n<li> Auto koplieto\u0161anas, taksometru un automa\u0161\u012bnu nomas autoparks <\/li>\n<li> EV tirgot\u0101ji un pakalpojumu sniedz\u0113ji <\/li>\n<li> Darbinieku autost\u0101vvietas <\/li>\n<li> EV flotes (priv\u0101tas un publiskas) <\/li>\n<li> Tirdzniec\u012bbas centri <\/li>\n<li> Priv\u0101t\u0101 EV infrastrukt\u016bra un operators <\/li>\n<\/ul>\n","protected":false},"excerpt":{"rendered":"<p class = \"fusion-responsive-typography-apr\u0113\u0137in\u0101ts\" data-fontsize = \"24\" data-lineheight = \"36px\"> Ekonomiska un \u0101tra uzl\u0101des stacija. Uzl\u0101d\u0113jiet jebkura veida EV par 24 kW \u0101trumu stund\u0101. <\/p>\n<ul>\n<li> Stiprin\u0101ts pie sienas <\/li>\n<li> Augsta efektivit\u0101te &#038; gt; 94%<\/li>\n<li> L\u012bdzstr\u0101vas jauda l\u012bdz 24 kW <\/li>\n<li> Lietot\u0101jam draudz\u012bgs interfeiss <\/li>\n<li> Ieb\u016bv\u0113ti sakari (3G; LAN; Wi-Fi) <\/li>\n<li> Augstas jaudas koeficients 0,99 <\/li>\n<\/ul>\n","protected":false},"featured_media":5879,"comment_status":"open","ping_status":"closed","template":"","meta":[],"product_brand":[],"product_cat":[465],"product_tag":[],"class_list":{"0":"post-5925","1":"product","2":"type-product","3":"status-publish","4":"has-post-thumbnail","6":"product_cat-dc-uzlades-stacijas","7":"pa_brand-efacec-lv","9":"first","10":"instock","11":"sale","12":"taxable","13":"shipping-taxable","14":"purchasable","15":"product-type-simple"},"_links":{"self":[{"href":"https:\/\/chargingshop.eu\/lv\/wp-json\/wp\/v2\/product\/5925","targetHints":{"allow":["GET"]}}],"collection":[{"href":"https:\/\/chargingshop.eu\/lv\/wp-json\/wp\/v2\/product"}],"about":[{"href":"https:\/\/chargingshop.eu\/lv\/wp-json\/wp\/v2\/types\/product"}],"replies":[{"embeddable":true,"href":"https:\/\/chargingshop.eu\/lv\/wp-json\/wp\/v2\/comments?post=5925"}],"wp:featuredmedia":[{"embeddable":true,"href":"https:\/\/chargingshop.eu\/lv\/wp-json\/wp\/v2\/media\/5879"}],"wp:attachment":[{"href":"https:\/\/chargingshop.eu\/lv\/wp-json\/wp\/v2\/media?parent=5925"}],"wp:term":[{"taxonomy":"product_brand","embeddable":true,"href":"https:\/\/chargingshop.eu\/lv\/wp-json\/wp\/v2\/product_brand?post=5925"},{"taxonomy":"product_cat","embeddable":true,"href":"https:\/\/chargingshop.eu\/lv\/wp-json\/wp\/v2\/product_cat?post=5925"},{"taxonomy":"product_tag","embeddable":true,"href":"https:\/\/chargingshop.eu\/lv\/wp-json\/wp\/v2\/product_tag?post=5925"}],"curies":[{"name":"wp","href":"https:\/\/api.w.org\/{rel}","templated":true}]}}