{"id":5839,"date":"2021-08-19T11:35:24","date_gmt":"2021-08-19T11:35:25","guid":{"rendered":"https:\/\/chargingshop.eu\/?post_type=product&#038;p=5839"},"modified":"2021-08-19T12:14:26","modified_gmt":"2021-08-19T12:14:26","slug":"abb-terra-ac-4g-displejs-22-kw-2-tipa-kontaktligzda-rfid-mid-wifi","status":"publish","type":"product","link":"https:\/\/chargingshop.eu\/lv\/product\/abb-terra-ac-4g-displejs-22-kw-2-tipa-kontaktligzda-rfid-mid-wifi\/","title":{"rendered":"ABB Terra AC 4G displejs &#8211; 22 kW, 2 tipa kontaktligzda, RFID, MID, Wifi"},"content":{"rendered":"<div class=\"video video-fit mb\" style=\"padding-top:56.25%;\"><p><iframe title=\"Terra AC wallbox -  High value quality\" width=\"1020\" height=\"574\" src=\"https:\/\/www.youtube.com\/embed\/ZapL_pinxY0?start=24&#038;feature=oembed\" frameborder=\"0\" allow=\"accelerometer; autoplay; clipboard-write; encrypted-media; gyroscope; picture-in-picture\" allowfullscreen><\/iframe><\/p>\n<\/div> <strong>ABB Terra AC displejs &#8211; 22 kW, 2 tipa kontaktligzda, RFID, MID, Wifi<\/strong> <strong>Augstas kvalit\u0101tes kvalit\u0101te<\/strong> \u2022 Viens no l\u0113t\u0101kajiem l\u0101d\u0113t\u0101jiem tirg\u016b \u2022 Pla\u0161s savienojam\u012bbas iesp\u0113ju kl\u0101sts \u2022 Vietu taupo\u0161s un viegli uzst\u0101d\u0101ms dizains \u00a0 <strong>Dro\u0161\u012bba un aizsardz\u012bba<\/strong> \u2022 Neatkar\u012bga tre\u0161\u0101 puse nov\u0113rt\u0113 un p\u0101rbauda, lai t\u0101 atbilstu visaugst\u0101kajiem standartiem \u2022 Aizsardz\u012bba ar str\u0101vas ierobe\u017eo\u0161anu nov\u0113r\u0161 trauc\u0113jumus un p\u0101rm\u0113r\u012bgu str\u0101vu uz iek\u0101rtu \u2022 Integr\u0113tas aizsardz\u012bbas, ieskaitot l\u012bdzstr\u0101vas zem\u0113juma boj\u0101jumus un p\u0101rspriegumu \u00a0 <img decoding=\"async\" class=\"alignleft wp-image-3224\" src=\"https:\/\/chargingshop.eu\/wp-content\/uploads\/2020\/07\/ABB-Terra-AC-dynamic-load-management-307x400.png\" alt=\"ABB Terra AC dynamic load management\" width=\"470\" height=\"612\" srcset=\"https:\/\/chargingshop.eu\/wp-content\/uploads\/2020\/07\/ABB-Terra-AC-dynamic-load-management-307x400.png 307w, https:\/\/chargingshop.eu\/wp-content\/uploads\/2020\/07\/ABB-Terra-AC-dynamic-load-management.png 422w\" sizes=\"(max-width: 470px) 100vw, 470px\" \/><\/p>\n<div><strong>Slodzes vad\u012bba<\/strong><\/div>\n<div>\u00a0<\/div>\n<p>\u2022 Ieb\u016bv\u0113ts ener\u0123ijas skait\u012bt\u0101js \u2022 Manu\u0101la vai automatiz\u0113ta (dinamiska) slodzes vad\u012bba \u2022 Iestat\u012b\u0161ana \u0101r\u0113j\u0101 ener\u0123ijas skait\u012bt\u0101ja integr\u0113\u0161anai dinamiskai slodzes p\u0101rvald\u012bbai \u2022 Gatavs integr\u0101cijai ar modernu viedo \u0113ku ener\u0123ijas sist\u0113mu<\/p>\n<div>\u00a0<\/div>\n<div>\u00a0<\/div>\n<div><strong>Elast\u012bba n\u0101kotn\u0113<\/strong><\/div>\n<div>\u00a0<\/div>\n<p>\u2022 Vieda funkcionalit\u0101te optimiz\u0113tai uzl\u0101d\u0113\u0161anai \u2022 Ener\u0123ijas skait\u012bt\u0101ju integr\u0101cija dinamiskai slodzes vad\u012bbai \u2022 \u012apa\u0161a lietotne kontrolei un konfigur\u0113\u0161anai \u2022 Iesp\u0113jota att\u0101l\u0101 programmat\u016bras atjaunin\u0101\u0161ana \u00a0 \u00a0 \u00a0 \u00a0 \u00a0 \u00a0 \u00a0 <strong>Visu viedo funkciju prezent\u0101cija:<\/strong> <a href=\"https:\/\/chargingshop.eu\/wp-content\/uploads\/2020\/12\/chargersync-APP.pdf\">Chargersync APP<\/a><\/p>\n<div><strong>Maksas pl\u0101no\u0161ana \u201cSk\u016b\u0161an\u0101s virsotne\u201d<\/strong><\/div>\n<div>\u00a0<\/div>\n<p>\u2022 Iestatiet uzl\u0101des laika slotus (grafiku), lai izvair\u012btos no augst\u0101kaj\u0101m elektroener\u0123ijas cen\u0101m vakara tarifs \u2022 Iesp\u0113ja ietaup\u012bt 100\u2013300 eiro gad\u0101 * par elektr\u012bbas r\u0113\u0137inu (atkar\u012bb\u0101 no viet\u0113j\u0101s elektroener\u0123ijas cenas) \u00a0<\/p>\n<div><strong>ChargeSync lietot\u0101ja lietotne Terra AC vad\u012bbai, statusam un konfigur\u0101cijai<\/strong><\/div>\n<div>\u00a0<\/div>\n<div>Stacijas iestat\u012b\u0161ana:<\/div>\n<div><div class=\"video video-fit mb\" style=\"padding-top:56.25%;\"><p><iframe title=\"ABB Terra AC station setup\" width=\"1020\" height=\"574\" src=\"https:\/\/www.youtube.com\/embed\/9tBaVWj7mHI?feature=oembed\" frameborder=\"0\" allow=\"accelerometer; autoplay; clipboard-write; encrypted-media; gyroscope; picture-in-picture\" allowfullscreen><\/iframe><\/p>\n<\/div> Uzl\u0101des statuss: <div class=\"video video-fit mb\" style=\"padding-top:56.25%;\"><p><iframe title=\"ABB Terra AC APP charging process\" width=\"1020\" height=\"574\" src=\"https:\/\/www.youtube.com\/embed\/ZDbrLx06yh0?feature=oembed\" frameborder=\"0\" allow=\"accelerometer; autoplay; clipboard-write; encrypted-media; gyroscope; picture-in-picture\" allowfullscreen><\/iframe><\/p>\n<\/div><\/div>\n<div>\u00a0<\/div>\n<div><strong>ABB Terra AC 4G displejs &#8211; 22 kW<\/strong><\/div>\n<div>\u00a0<\/div>\n<p>-Type<\/p>\n<p>&#8211; Wallbox with socket<\/p>\n<p>-Power 22kW<\/p>\n<p>-Three-phase -Max current 32A<\/p>\n<p>-Type 2<\/p>\n<p>&#8211; Display<\/p>\n<p>-MID certified energy meter<\/p>\n<p>-Ethernet (RJ45)<\/p>\n<p>-Wifi \/ LAN \/ 4G<\/p>\n<p>-OCPP 1.6 -Bluetooth -Modbus RTU (RS485)<\/p>\n<p><em>Terra AC product Brochure:<\/em> <a href=\"https:\/\/chargingshop.eu\/lv\/?attachment_id=2067\" target=\"_blank\" rel=\"attachment noopener wp-att-2067 noreferrer\">ABB_Terra_AC_wallbox_Brochure_A4<\/a> \u00a0 * t\u012bkla operatori parasti iekas\u0113 25-40% piemaksu par pat\u0113r\u0113to elektroener\u0123iju vakara stund\u0101s plkst. Uz to attiecas l\u012bgums ar pakalpojumu sniedz\u0113ju. Da\u017e\u0101s valst\u012bs vakara \/ nakts tarifu nevar noteikt. L\u016aDZU UZZI\u0145AI &#8211; mode\u013ciem Terra AC ar pieg\u0101des laiku DIVAS NED\u0112\u013bA<\/p>\n","protected":false},"excerpt":{"rendered":"<p>Izcila kvalit\u0101te no pasaules l\u012bdera &#8211; ABB. Gudra un n\u0101kotnei dro\u0161a stacija par parastas cenas.<\/p>\n<ul>\n<li>Statuss un kontrole, izmantojot App<\/li>\n<li>Displejs, RFID, MID m\u0113r\u012bt\u0101js<\/li>\n<li>Piln\u012bga aizsardz\u012bba: p\u0101rm\u0113r\u012bga str\u0101va, p\u0101rspriegums, zem sprieguma, zemes boj\u0101jums, integr\u0113ta zibens aizsardz\u012bba<\/li>\n<li>Maksas pl\u0101no\u0161ana \u201cSk\u016b\u0161an\u0101s virsotne\u201d<\/li>\n<li>Slodzes l\u012bdzsvaro\u0161ana<\/li>\n<li>Iesp\u0113ja uzl\u0101d\u0113t tikai fotoelektrisko ener\u0123iju no viet\u0113j\u0101 invertora<\/li>\n<li>un daudz vair\u0101k<\/li>\n<\/ul>\n","protected":false},"featured_media":3493,"comment_status":"open","ping_status":"closed","template":"","meta":[],"product_brand":[],"product_cat":[464],"product_tag":[],"class_list":{"0":"post-5839","1":"product","2":"type-product","3":"status-publish","4":"has-post-thumbnail","6":"product_cat-wallbox-uazlades-stacijas","7":"pa_brand-abb-lv","9":"first","10":"instock","11":"sale","12":"taxable","13":"shipping-taxable","14":"purchasable","15":"product-type-simple"},"_links":{"self":[{"href":"https:\/\/chargingshop.eu\/lv\/wp-json\/wp\/v2\/product\/5839","targetHints":{"allow":["GET"]}}],"collection":[{"href":"https:\/\/chargingshop.eu\/lv\/wp-json\/wp\/v2\/product"}],"about":[{"href":"https:\/\/chargingshop.eu\/lv\/wp-json\/wp\/v2\/types\/product"}],"replies":[{"embeddable":true,"href":"https:\/\/chargingshop.eu\/lv\/wp-json\/wp\/v2\/comments?post=5839"}],"wp:featuredmedia":[{"embeddable":true,"href":"https:\/\/chargingshop.eu\/lv\/wp-json\/wp\/v2\/media\/3493"}],"wp:attachment":[{"href":"https:\/\/chargingshop.eu\/lv\/wp-json\/wp\/v2\/media?parent=5839"}],"wp:term":[{"taxonomy":"product_brand","embeddable":true,"href":"https:\/\/chargingshop.eu\/lv\/wp-json\/wp\/v2\/product_brand?post=5839"},{"taxonomy":"product_cat","embeddable":true,"href":"https:\/\/chargingshop.eu\/lv\/wp-json\/wp\/v2\/product_cat?post=5839"},{"taxonomy":"product_tag","embeddable":true,"href":"https:\/\/chargingshop.eu\/lv\/wp-json\/wp\/v2\/product_tag?post=5839"}],"curies":[{"name":"wp","href":"https:\/\/api.w.org\/{rel}","templated":true}]}}