{"id":5787,"date":"2021-08-03T11:07:08","date_gmt":"2021-08-03T11:07:08","guid":{"rendered":"https:\/\/chargingshop.eu\/product\/adapteris-cee-16-400v-drosibas-adapteris-sulas-pastiprinatajam-2\/"},"modified":"2021-08-03T11:07:08","modified_gmt":"2021-08-03T11:07:08","slug":"adapteris-cee-16-400v-drosibas-adapteris-sulas-pastiprinatajam-2","status":"publish","type":"product","link":"https:\/\/chargingshop.eu\/lv\/product\/adapteris-cee-16-400v-drosibas-adapteris-sulas-pastiprinatajam-2\/","title":{"rendered":"Adapteris CEE 16, 400V, dro\u0161\u012bbas adapteris sulas pastiprin\u0101t\u0101jam 2"},"content":{"rendered":"<div class=\"content-title\">\n<h2 class=\"\" data-element=\"main\" data-content-type=\"headset\" data-izskats=\"noklus\u0113jums\">J\u016bs varat uzl\u0101d\u0113t savu automa\u0161\u012bnu jebkur\u0101 uzl\u0101des stacij\u0101, izmantojot pareizo adapteri JUICE BOOSTER 2: adapteris CEE 16<\/h2>\n<\/div>\n<div class=\"product-description\">\n<p>Dro\u0161\u012bbas adapteris uzl\u0101d\u0113\u0161anai <strong> CEE 16\/400 V <\/strong> kop\u0101 ar <a href=\"https:\/\/chargingshop.eu\/lv\/product\/juice-booster-2-mobilais-ev-ladetajs-32-a-22-kw-52-m-kabelis\/\"> JUICE BOOSTER 2 <\/a> varat viegli uzl\u0101d\u0113t savu transportl\u012bdzekli jebkur\u0101 <span data-story-id=\" story_4e7a24029f09064f26dd915ae6c7e8bb \" data-room-id=\" room_0e3e85a5f5e53aea55030d99 \" data-text=\"jebkur\u0101 CEE 16 ligzd\u0101 vis\u0101 Eirop\u0101 ar uzl\u0101des \u0101trumu l\u012bdz 11 kW\" data-userid=\"638093783230025728\" data-orgid=\"638093783882313728\"> CEE 16 ligzda vis\u0101 Eirop\u0101 ar uzl\u0101des \u0101trumu l\u012bdz 11 kW <\/span>. Savienojums ar sulu pastiprin\u0101t\u0101ju 2 tiek veikts, izmantojot dro\u0161u un iztur\u012bgu sulas savienot\u0101ju.<\/p>\n<p><span style=\"font-size: 20.16px; color: #333333;\"> Tehniskie dati<\/span><\/p>\n<div id=\"product-technical-data\">\n<div class=\"flex justify-content-between mb-4\">\n<table width=\"294\">\n<tbody>\n<tr>\n<td width=\"142\"><strong> Tips <\/strong><\/td>\n<td width=\"152\">CEE adapteris<\/td>\n<\/tr>\n<tr>\n<td width=\"142\"><strong> Slodzes ierobe\u017eojums <\/strong><\/td>\n<td width=\"152\">400 V \/ 16 A<\/td>\n<\/tr>\n<tr>\n<td width=\"142\"><strong> Spriegums <\/strong><\/td>\n<td width=\"152\">400 V<\/td>\n<\/tr>\n<tr>\n<td width=\"142\"><strong> Elektrisk\u0101 str\u0101va <\/strong><\/td>\n<td width=\"152\">16 A<\/td>\n<\/tr>\n<tr>\n<td width=\"142\"><strong> IP v\u0113rt\u0113jums <\/strong><\/td>\n<td width=\"152\">IP44<\/td>\n<\/tr>\n<tr>\n<td width=\"142\"><strong> Kabe\u013ca garums <\/strong><\/td>\n<td width=\"152\">1,5 m<\/td>\n<\/tr>\n<tr>\n<td width=\"142\"><strong> Potenci\u0101lie pirkumi <\/strong><\/td>\n<td width=\"152\">5<\/td>\n<\/tr>\n<tr>\n<td width=\"142\"><strong> Kr\u0101sa <\/strong><\/td>\n<td width=\"152\">Sarkans, melns<\/td>\n<\/tr>\n<\/tbody>\n<\/table>\n<\/div>\n<\/div>\n<\/div>\n<h3>K\u0101 lietot adapteri?<\/h3>\n<p>To ir viegli lietot, vienk\u0101r\u0161i pievienojiet un uzl\u0101d\u0113jiet. Nav nepiecie\u0161amas nek\u0101das tehniskas zin\u0101\u0161anas, apm\u0101c\u012bba vai zin\u0101\u0161anas. Pievienojiet atbilsto\u0161o adapteri JUICE BOOSTER 2, pievienojiet to un uzl\u0101d\u0113jiet ar optim\u0101lu jaudu.<\/p>\n","protected":false},"excerpt":{"rendered":"<p> CEE16 r\u016bpnieciskais savienot\u0101js sulu pastiprin\u0101t\u0101jam 2 <\/p>\n<ul>\n<li> <span data-story-id = \"story_198812f55bd0bfb1558b07bd49b3416c\" data-room-id = \"room_0e3e85a5f5e53aea55030d99dbda7d31\" data-timestamp = \"1627986677844\" data-text = \"No CEE 16 Booster\" userid = \"638093783230025728\" data-orgid = \"638093783882313728\"> No CEE 16 ligzdas l\u012bdz sulas pastiprin\u0101t\u0101jam 2 (transportl\u012bdzek\u013ca pus\u0113) <\/span> <\/li>\n<li> Kvalitat\u012bvs produkts no \u0160veices <\/li>\n<\/ul>\n","protected":false},"featured_media":5760,"comment_status":"open","ping_status":"closed","template":"","meta":[],"product_brand":[],"product_cat":[496],"product_tag":[],"class_list":{"0":"post-5787","1":"product","2":"type-product","3":"status-publish","4":"has-post-thumbnail","6":"product_cat-elektrisko-automasinu-ladesanas-kabeli-un-adapteri","8":"first","9":"outofstock","10":"sale","11":"taxable","12":"shipping-taxable","13":"purchasable","14":"product-type-simple"},"_links":{"self":[{"href":"https:\/\/chargingshop.eu\/lv\/wp-json\/wp\/v2\/product\/5787","targetHints":{"allow":["GET"]}}],"collection":[{"href":"https:\/\/chargingshop.eu\/lv\/wp-json\/wp\/v2\/product"}],"about":[{"href":"https:\/\/chargingshop.eu\/lv\/wp-json\/wp\/v2\/types\/product"}],"replies":[{"embeddable":true,"href":"https:\/\/chargingshop.eu\/lv\/wp-json\/wp\/v2\/comments?post=5787"}],"wp:featuredmedia":[{"embeddable":true,"href":"https:\/\/chargingshop.eu\/lv\/wp-json\/wp\/v2\/media\/5760"}],"wp:attachment":[{"href":"https:\/\/chargingshop.eu\/lv\/wp-json\/wp\/v2\/media?parent=5787"}],"wp:term":[{"taxonomy":"product_brand","embeddable":true,"href":"https:\/\/chargingshop.eu\/lv\/wp-json\/wp\/v2\/product_brand?post=5787"},{"taxonomy":"product_cat","embeddable":true,"href":"https:\/\/chargingshop.eu\/lv\/wp-json\/wp\/v2\/product_cat?post=5787"},{"taxonomy":"product_tag","embeddable":true,"href":"https:\/\/chargingshop.eu\/lv\/wp-json\/wp\/v2\/product_tag?post=5787"}],"curies":[{"name":"wp","href":"https:\/\/api.w.org\/{rel}","templated":true}]}}