{"id":5741,"date":"2021-07-23T13:01:37","date_gmt":"2021-07-23T13:01:37","guid":{"rendered":"https:\/\/chargingshop.eu\/product\/juice-booster-2-mobilais-ev-ladetajs-32-a-22-kw-52-m-kabelis\/"},"modified":"2021-08-02T10:15:39","modified_gmt":"2021-08-02T10:15:39","slug":"juice-booster-2-mobilais-ev-ladetajs-32-a-22-kw-52-m-kabelis","status":"publish","type":"product","link":"https:\/\/chargingshop.eu\/lv\/product\/juice-booster-2-mobilais-ev-ladetajs-32-a-22-kw-52-m-kabelis\/","title":{"rendered":"JUICE BOOSTER 2 Mobilais EV l\u0101d\u0113t\u0101js 32 A, 22 kW, 5,2 m kabelis"},"content":{"rendered":"<h2><strong> JUICE BOOSTER 2 <\/strong> ir p\u0101rsteidzo\u0161a mobil\u0101 uzl\u0101des stacija, kurai ir vair\u0101ki adapteri, lai uzl\u0101d\u0113tu elektrisko transportl\u012bdzekli jebkur\u0101 tirg\u016b pieejam\u0101 termin\u0101l\u012b un kontaktligzd\u0101.<\/h2>\n<p>Izgatavots no alum\u012bnija sakaus\u0113juma, JUICE BOOSTER 2 ir augstas kvalit\u0101tes p\u0101rn\u0113s\u0101jams l\u0101d\u0113t\u0101js un \u013coti iztur\u012bgs. \u0160\u012bs ier\u012bces savienot\u0101ji ir izgatavoti, izmantojot materi\u0101lus, kas tiek izmantoti kosmosa tehnolo\u0123ij\u0101s. Iztur\u012bbas pier\u0101d\u012bjums &#8211; l\u0101d\u0113t\u0101js joproj\u0101m darbojas pat p\u0113c tam, kad to ir nobraucis milit\u0101rais tanks! <iframe src=\"https:\/\/www.youtube.com\/embed\/46I5NwEnRfo?t=28 rel=0\" width=\"640\" height=\"360\" frameborder=\"0\" allowfullscreen=\"allowfullscreen\"><\/iframe><\/p>\n<h3><strong> JUICE BOOSTER 2 mobilais EV l\u0101d\u0113t\u0101js <\/strong><\/h3>\n<p>Tas nodro\u0161ina lielisku EV uzl\u0101des jaudu, un j\u016bs varat uzl\u0101d\u0113t savu transportl\u012bdzekli <strong> vien\u0101 f\u0101z\u0113 <\/strong> vai <strong> tr\u012bs f\u0101z\u0113s <\/strong> <strong>l\u012bdz pat 22 kW jaudai<\/strong> (noz\u012bm\u0113, ka j\u016bs varat nobraukt 100 km, ja stundu uzl\u0101d\u0113jat savu transportl\u012bdzekli). Mobil\u0101 uzl\u0101des stacija <strong> <em> JUICE BOOSTER 2 <\/em> <\/strong> ir \u013coti noder\u012bga, jo t\u0101 var autom\u0101tiski noteikt pievienot\u0101 adaptera veidu un uzl\u0101d\u0113t lielisk\u0101 <a href=\"https: \/\/chargingshop.eu\/product\/duosida-7-kw-portable-charging-connector-adjustable-8-32a-type-2-to-cee-plug-copy\/\">uzl\u0101des jauda <\/a>. Jums nav j\u0101noskaidro, cik kilovatstundu var\u0113siet uzl\u0101d\u0113t, lai j\u016bs var\u0113tu dro\u0161i uzl\u0101d\u0113t ier\u012bci, vienlaikus ietaupot savu d\u0101rgo laiku.<\/p>\n<h3><strong> Specifik\u0101cijas un funkcijas <\/strong><\/h3>\n<ul>\n<li>Izm\u0113ri (diametrs un garums): 7 cm &amp; amp; Attiec\u012bgi 22,5cm<\/li>\n<li>Ieejas baro\u0161anas avots: vienf\u0101zes\/ tr\u012bsf\u0101\u017eu &#8211; main\u012bgs &#8211; no 6 l\u012bdz 32A<\/li>\n<li>Izejas jauda: 1,4 l\u012bdz 22 kW (tas ir atkar\u012bgs no ieejas jaudas)<\/li>\n<li>kabe\u013ca un savienot\u0101ja garums: 5 m<\/li>\n<li>Svars (ar savienot\u0101ju un kabeli): 3,2 kg<\/li>\n<li>Svars (bez kabe\u013ca): 1 kg<\/li>\n<li>Kr\u0101sa: melns kabelis, met\u0101la antrac\u012bts<\/li>\n<li>Iztur\u012bba pret triecieniem: IK10 &#8211; s\u0101k pretoties pat tad, ja 3t transportl\u012bdzeklis apg\u0101\u017eas virs t\u0101<\/li>\n<li>Darba temperat\u016bra: -25 \u00b0 C l\u012bdz + 45 \u00b0 C<\/li>\n<li>Atbilst\u012bba: CE 62196, 62752, 61851, CEM, 2\/3 re\u017e\u012bms un RoHS<\/li>\n<li>Nopl\u016bdes str\u0101vas noteik\u0161ana: j\u0101 (30mA)<\/li>\n<li>Bl\u012bv\u0113jums: IP67 (\u016bdensnecaurlaid\u012bgs)<\/li>\n<li>Integr\u0113tie sl\u0113d\u017ei: j\u0101<\/li>\n<\/ul>\n<h4><strong> Savietojams ar visiem 2. tipa kontaktdak\u0161u elektriskajiem transportl\u012bdzek\u013ciem <\/strong><\/h4>\n<p>Neatkar\u012bgi no t\u0101, kur\u0161 ir j\u016bsu 2. tipa transportl\u012bdzek\u013ca modelis, JUICE BOOSTER 2 <strong> 2. tipa ligzda <\/strong> jums b\u016bs piln\u012bgi sader\u012bga.<\/p>\n<h4><strong> Iztur\u012bgs un \u016bdensiztur\u012bgs <\/strong><\/h4>\n<p>JUICE BOOSTER 2 kop\u0101 ar t\u0101 sast\u0101vda\u013c\u0101m ir iztur\u012bgs pret laika apst\u0101k\u013ciem un triecieniem. Pat izturot vair\u0101k nek\u0101 tr\u012bs to\u0146u slodzi, elektronika joproj\u0101m ir labi aizsarg\u0101ta.<\/p>\n<h4><strong> \u0100tr\u0101ka uzl\u0101de <\/strong><\/h4>\n<p>Sal\u012bdzinot ar standarta sadz\u012bves kontaktligzdu, tas nodro\u0161ina <strong> 10 reizes \u0101tr\u0101ku uzl\u0101di <\/strong>. Vienk\u0101r\u0161i paskatieties, cik \u0101tri akumulators tiks piln\u012bb\u0101 uzl\u0101d\u0113ts, lai elektriskais transportl\u012bdzeklis \u012bs\u0101 laik\u0101 var\u0113tu sagatavoties p\u0101rvieto\u0161anai.<\/p>\n<h4><strong> Autom\u0101tiska jaudas regul\u0113\u0161ana <\/strong><\/h4>\n<p>JUICE BOOSTER 2 ir \u013coti vienk\u0101r\u0161i lietojams! Vienk\u0101r\u0161i pievienojiet <a href=\"https:\/\/chargingshop.eu\/product\/adapter-cee-16a-to-cee-32a\/\"> adapteri <\/a> portat\u012bvajam termin\u0101lim, un uzl\u0101des jauda tiks autom\u0101tiski piel\u0101gota l\u012bdz maksim\u0101lajai iesp\u0113jamai uzl\u0101des jaudai. Uzl\u0101de tiks autom\u0101tiski p\u0101rtraukta, kad automa\u0161\u012bna b\u016bs piln\u012bb\u0101 uzl\u0101d\u0113ta. Nav j\u0101\u0137eras pie jebk\u0101du viedt\u0101lru\u0146u lietojumprogrammu probl\u0113m\u0101m. JUICE BOOSTER 2 komplekt\u0101 ir viena str\u0101vas atlases poga: t\u0101 ir vienk\u0101r\u0161a, dro\u0161a un uzticama.<\/p>\n<h4><strong> Vienk\u0101r\u0161i izv\u0113l\u0113ties uzl\u0101des intensit\u0101ti (6A-32A) <\/strong><\/h4>\n<p>Nospie\u017eot pogu <strong> SELECT <\/strong>, stacija samazin\u0101s uzl\u0101des jaudu, nepalielinot maksim\u0101lo uzl\u0101des jaudu, kas tiek pieg\u0101d\u0101ta kop\u0101 ar izmantoto adapteri. Nospie\u017eot pogu \u201cATLAS\u012aT\u201d, j\u016bs varat izv\u0113l\u0113ties \u0161\u0101das str\u0101vas: 32A, 25A, 20A, 16A, 13A, 10A, 8A un 6A. Izmantojot \u0161os str\u0101vas stiprumus, j\u016bs varat ieg\u016bt uzl\u0101des jaudu diapazon\u0101 no 1,3 l\u012bdz 22 kW.<\/p>\n<h4><strong> T2-T2 kabelis nav nepiecie\u0161ams <\/strong><\/h4>\n<p>Nav nepiecie\u0161ams T2-T2 kabelis, jo JUICE BOOSTER 2 pats aizst\u0101j tr\u012bsf\u0101\u017eu 32A 22kW T2-T2 kabeli. Kad T2-T2 adapteris ir pievienots j\u016bsu JUICE BOOSTER, tas s\u0101k darboties k\u0101 32A 22kW tr\u012bsf\u0101\u017eu T2-T2 kabelis.<\/p>\n<h4><strong> Uzl\u0101de no sadz\u012bves kontaktligzdas k\u013c\u016bst dro\u0161a <\/strong><\/h4>\n<p>Sliktas instal\u0101cijas vai pat k\u013c\u016bdainas elektroinstal\u0101cijas gad\u012bjum\u0101, ja ilgsto\u0161i uzl\u0101d\u0113jat, izmantojot sadz\u012bves kontaktligzdu, palielin\u0101s kabe\u013ca aizdeg\u0161an\u0101s iesp\u0113ja. JUICE adapterim ir sadz\u012bves rozete, k\u0101 ar\u012b divi temperat\u016bras sensori, kas aizsarg\u0101 j\u016bsu kabeli pat p\u0101rkar\u0161anas gad\u012bjum\u0101. P\u0101rkar\u0161anas gad\u012bjum\u0101 p\u0101rn\u0113s\u0101jam\u0101 uzl\u0101des stacija p\u0101rtrauc uzl\u0101di.<\/p>\n<h4><strong> Dro\u0161\u012bba no integr\u0113t\u0101 diferenci\u0101l\u0101 sl\u0113d\u017ea <\/strong><\/h4>\n<p>JUICE BOOSTER 2 lieliski atbilst pa\u0161reiz\u0113jam IEC62752 standartam. P\u0101rn\u0113s\u0101jam\u0101 uzl\u0101des stacija mai\u0146str\u0101vas un l\u012bdzstr\u0101vas str\u0101v\u0101m izmanto diferenci\u0101lo autom\u0101tisko sl\u0113dzi (RCD DC 6mA, AC \/ DC 30 mA).<\/p>\n<h4><strong> Aizsardz\u012bba pret z\u0101dz\u012bb\u0101m un nepareizu apie\u0161anos <\/strong><\/h4>\n<p>JUICE BOOSTER 2 ir jaun\u0101k\u0101s dro\u0161\u012bbas funkcijas. To var no\u0146emt tikai tad, kad elektrotransportl\u012bdzeklim ir iz\u0146emta kontaktdak\u0161a. Ir moderna sl\u0113dzene, kas aizsarg\u0101 j\u016bsu adapteri pret z\u0101dz\u012bbu. Lai nov\u0113rstu nev\u0113lamu regul\u0113\u0161anu, uzl\u0101des str\u0101va tiek blo\u0137\u0113ta p\u0113c 30 sekund\u0113m.<\/p>\n<h4><strong> \u0160veic\u0113 ra\u017eots <\/strong><\/h4>\n<p>JUICE BOOSTER 2 ir pla\u0161i paz\u012bstams \u0160veices uz\u0146\u0113muma produkts ar nosaukumu <a href=\"https:\/\/en.juice-world.com\/\" target=\"_blank\" rel=\"noopener\"> Juice Technology AG <\/a>. Uz\u0146\u0113mums ra\u017eo kvalitat\u012bvus produktus ar novatorisku dizainu, izstr\u0101d\u0101jot un ra\u017eojot visas savas ier\u012bces Eirop\u0101, lai atbilstu viet\u0113j\u0101m pras\u012bb\u0101m. Z\u012bmols ir \u013coti slavens, ka sp\u0113j sekot jaun\u0101m tendenc\u0113m un pat tas ir soli priek\u0161\u0101, sal\u012bdzinot ar konkurentiem.<\/p>\n<h4><strong> Vienk\u0101r\u0161a uzglab\u0101\u0161ana <\/strong><\/h4>\n<p>Taisnst\u016brveida futr\u0101lis sast\u0101v no vis\u0101m JUICE BOOSTER 2 iepakojuma sast\u0101vda\u013c\u0101m. J\u016bs sa\u0146emat ar\u012b cementa Velcro sloksni ar v\u0101ku, lai nodro\u0161in\u0101tu optim\u0101lu situ\u0101ciju j\u016bsu elektrisk\u0101 transportl\u012bdzek\u013ca uzglab\u0101\u0161anas nodal\u012bjum\u0101.<\/p>\n","protected":false},"excerpt":{"rendered":"<p>JUICE BOOSTER ir 3 ier\u012bces vien\u0101 risin\u0101jum\u0101:<\/p>\n<ul>\n<li>var darboties k\u0101 sienas kaste<\/li>\n<li>ir p\u0101rn\u0113s\u0101jams l\u0101d\u0113t\u0101js<\/li>\n<li>var izmantot k\u0101 2. tipa kabeli<\/li>\n<\/ul>\n<p>T\u0101 ir visuzticam\u0101k\u0101 mobil\u0101 uzl\u0101des stacija. J\u016bs varat uzl\u0101d\u0113t jebkur\u0101 kontaktligzd\u0101 vai publisk\u0101 uzl\u0101des stacij\u0101. T\u0101 neticami viegli lietojam\u0101, laika apst\u0101k\u013cu iztur\u012bg\u0101 un z\u0101dz\u012bbas dro\u0161\u0101, atbalsta l\u012bdz pat 10 reiz\u0113m \u0101tr\u0101ku uzl\u0101des \u0101trumu sal\u012bdzin\u0101jum\u0101 ar kontaktligzdu. Kvalitat\u012bvs \u0160veices produkts.<\/p>\n","protected":false},"featured_media":5285,"comment_status":"open","ping_status":"closed","template":"","meta":[],"product_brand":[],"product_cat":[496,592,464],"product_tag":[],"class_list":{"0":"post-5741","1":"product","2":"type-product","3":"status-publish","4":"has-post-thumbnail","6":"product_cat-elektrisko-automasinu-ladesanas-kabeli-un-adapteri","7":"product_cat-piederumi","8":"product_cat-wallbox-uazlades-stacijas","9":"pa_brand-juice-lv","11":"first","12":"outofstock","13":"taxable","14":"shipping-taxable","15":"purchasable","16":"product-type-simple"},"_links":{"self":[{"href":"https:\/\/chargingshop.eu\/lv\/wp-json\/wp\/v2\/product\/5741","targetHints":{"allow":["GET"]}}],"collection":[{"href":"https:\/\/chargingshop.eu\/lv\/wp-json\/wp\/v2\/product"}],"about":[{"href":"https:\/\/chargingshop.eu\/lv\/wp-json\/wp\/v2\/types\/product"}],"replies":[{"embeddable":true,"href":"https:\/\/chargingshop.eu\/lv\/wp-json\/wp\/v2\/comments?post=5741"}],"wp:featuredmedia":[{"embeddable":true,"href":"https:\/\/chargingshop.eu\/lv\/wp-json\/wp\/v2\/media\/5285"}],"wp:attachment":[{"href":"https:\/\/chargingshop.eu\/lv\/wp-json\/wp\/v2\/media?parent=5741"}],"wp:term":[{"taxonomy":"product_brand","embeddable":true,"href":"https:\/\/chargingshop.eu\/lv\/wp-json\/wp\/v2\/product_brand?post=5741"},{"taxonomy":"product_cat","embeddable":true,"href":"https:\/\/chargingshop.eu\/lv\/wp-json\/wp\/v2\/product_cat?post=5741"},{"taxonomy":"product_tag","embeddable":true,"href":"https:\/\/chargingshop.eu\/lv\/wp-json\/wp\/v2\/product_tag?post=5741"}],"curies":[{"name":"wp","href":"https:\/\/api.w.org\/{rel}","templated":true}]}}