{"id":5731,"date":"2021-07-24T14:11:33","date_gmt":"2021-07-24T14:11:33","guid":{"rendered":"https:\/\/chargingshop.eu\/product\/sulu-laditajs-man-11-kw-5-m-kabelis-rfid\/"},"modified":"2021-07-24T14:11:33","modified_gmt":"2021-07-24T14:11:33","slug":"sulu-laditajs-man-11-kw-5-m-kabelis-rfid","status":"publish","type":"product","link":"https:\/\/chargingshop.eu\/lv\/product\/sulu-laditajs-man-11-kw-5-m-kabelis-rfid\/","title":{"rendered":"SULU LAD\u012aT\u0100JS man, 11 KW, 5 m kabelis, RFID"},"content":{"rendered":"<h2><strong> JUICE CHARGER me <\/strong> ir vieda sienas uzl\u0101des stacija ar uzl\u0101des jaudu l\u012bdz 11 kW<\/h2>\n<p>JUICE CHARGER me ir r\u016bpn\u012bc\u0101 iepriek\u0161 konfigur\u0113ts, un to var nekav\u0113joties izmantot uz vietas. Nav nepiecie\u0161ami papildu iestat\u012bjumi.<\/p>\n<p><b> JUICE CHARGER <\/b> ir viena no pirmaj\u0101m sienas uzl\u0101d\u0113\u0161anas k\u0101rb\u0101m, kas izstr\u0101d\u0101ta, lai kalpotu k\u0101 &#8220;plug and play&#8221; standarts-n\u0101kotnes uzl\u0101des standarts vis\u0101s Eiropas valst\u012bs un citos re\u0123ionos.\u00a0<\/p>\n<p>JUICE CHARGER finans\u0113 KfW (V\u0101cija), un tas ir ide\u0101li piem\u0113rots gar\u0101\u017e\u0101m, priv\u0101t\u0101m autost\u0101vviet\u0101m vai automa\u0161\u012bnu nojum\u0113m. K\u0101 viena uzl\u0101des stacija priv\u0101taj\u0101 sektor\u0101 ir nepiecie\u0161ami tikai elektriskie savienojumi. K\u0101 mazs, vienk\u0101r\u0161s un l\u0113ts variants tas ir piem\u0113rots ar\u012b viesn\u012bc\u0101m, golfa\/tenisa\/sporta autost\u0101vviet\u0101m. To izmanto\u0161anas elast\u012bba padara tos pievilc\u012bgus ar\u012b gar\u0101\u017e\u0101m un daudzst\u0101vu autost\u0101vviet\u0101m. \/Uzl\u0101des kontroles re\u017e\u012bms, <strong> JUICE CHARGER <\/strong> nepiecie\u0161ams tikai LAN savienojums. <b> <\/b><\/p>\n<p>Piecelties, pievienoties elektrot\u012bklam, uzl\u0101d\u0113t: sabiedrisk\u0101s viet\u0101s automa\u0161\u012bnu var atblo\u0137\u0113t, izmantojot RFID, bez nepiecie\u0161am\u012bbas izmantot &#8220;plug and charge&#8221;.<\/p>\n<h3>SULAS L\u0100D\u0112T\u0100JS man ir:<\/h3>\n<ul>\n<li><strong> Plug and play ier\u012bce: <\/strong> uzl\u0101des stacija ir piln\u012bb\u0101 konfigur\u0113ta r\u016bpn\u012bc\u0101, un to var nekav\u0113joties izmantot bez papildu iestat\u012bjumiem.<\/li>\n<li>Apr\u012bkots ar automa\u0161\u012bnas funkciju <strong> \u201csavienot un uzl\u0101d\u0113t\u201d <\/strong> saska\u0146\u0101 ar ISO 15118. P\u0113c l\u0101d\u0113t\u0101ja pievieno\u0161anas automa\u0161\u012bnas kontaktligzdai tiek aktiviz\u0113ts <strong> SULU L\u0100D\u0112T\u0100JS <\/strong> un s\u0101kas uzl\u0101des process.<\/li>\n<li>Apr\u012bkots ar <strong> RFID las\u012bt\u0101ju <\/strong>, kas piem\u0113rots visiem citiem transportl\u012bdzek\u013ciem, un apr\u012bkots ar div\u0101m iepriek\u0161 ieprogramm\u0113t\u0101m RFID kart\u0113m.<\/li>\n<li>Izstr\u0101d\u0101ts, lai darbin\u0101tu 2 l\u012bdz 250 galven\u0101s un pal\u012bgvien\u012bbas. \u0160aj\u0101 gad\u012bjum\u0101 viena ier\u012bce ir atbild\u012bga par pieejam\u0101s jaudas vienm\u0113r\u012bgu sadali vis\u0101m p\u0101r\u0113j\u0101m stacij\u0101m. Tom\u0113r vied\u0101s JUICE daudzvirzienu uzl\u0101des kontrole nodro\u0161ina liel\u0101ku elast\u012bbu, piem\u0113ram, var noteikt priorit\u0101ti atsevi\u0161\u0137iem transportl\u012bdzek\u013ciem.<\/li>\n<li>Tie jau ir apr\u012bkoti ar standartiz\u0113tiem interfeisiem (Modbus\/TCP, Modbus\/RTU, EEBUS) jaun\u0101k\u0101s paaudzes viedaj\u0101m m\u0101j\u0101m, piem\u0113ram, tos var darbin\u0101t no parastaj\u0101m m\u0101jsaimniec\u012bbas fotoelementu sist\u0113m\u0101m. Pateicoties IP54, nav nepiecie\u0161ams kontrol\u0113t \u0101r\u0113jo slod\u017eu p\u0101rvald\u012bbu.<\/li>\n<li>tas ir piem\u0113rots lieto\u0161anai iek\u0161telp\u0101s un \u0101rpus t\u0101m.<\/li>\n<li>To var uzst\u0101d\u012bt uz sienas atsevi\u0161\u0137i vai uz pamatnes, kurai var piek\u013c\u016bt atsevi\u0161\u0137i vai pa p\u0101riem. Stiprin\u0101\u0161anai pie sienas pieg\u0101des komplekt\u0101 ir iek\u013cauts dokstacijas kron\u0161teins 2. tipa transportl\u012bdzek\u013ciem; br\u012bvi st\u0101vo\u0161o kron\u0161teinu var nodro\u0161in\u0101t atsevi\u0161\u0137i. <b> <\/b><\/li>\n<\/ul>\n<h3>Specifik\u0101cija:<\/h3>\n<section class=\"content-main container container-group\"><\/p>\n<table border=\"0\">\n<tbody>\n<tr>\n<td><strong>Izm\u0113ri<\/strong><\/td>\n<td>240 x 240 x 120 mm (H x W x D)<\/td>\n<\/tr>\n<tr>\n<td><strong> Kabe\u013ca garums <\/strong><\/td>\n<td>5 m<\/td>\n<\/tr>\n<tr>\n<td><strong>\u00a0Svars\u00a0<\/strong><\/td>\n<td>apm. 6,5 kg (ieskaitot uzl\u0101des kabeli)<\/td>\n<\/tr>\n<tr>\n<td><strong> Ievades str\u0101va <\/strong><\/td>\n<td>230 V, 6\u201332 A (1 f\u0101ze) mai\u0146str\u0101va vai 400 V, 6\u201332 A (3 f\u0101zes) mai\u0146str\u0101va<\/td>\n<\/tr>\n<tr>\n<td><strong> Jaudas jauda <\/strong><\/td>\n<td>22 kW (32 A, tr\u012bsf\u0101zu); KfW subs\u012bdijas regul\u0113t\u0101 versija: maks. 11 kW (16 A, tr\u012bsf\u0101zu)<\/td>\n<\/tr>\n<tr>\n<td><strong> Materi\u0101ls, kr\u0101sa <\/strong><\/td>\n<td>r\u0101mis no mat\u0113ta ner\u016bs\u0113jo\u0161\u0101 t\u0113rauda, \u200b\u200bpriek\u0161\u0113jais panelis melns UV iztur\u012bgs polikarbon\u0101ta stikls<\/td>\n<\/tr>\n<tr>\n<td><strong> Savienojums<\/strong><\/td>\n<td>Fiks\u0113ts<\/td>\n<\/tr>\n<tr>\n<td><strong> CE atbilst\u012bba <\/strong><\/td>\n<td>IEC 61851, IEC 61439-7, EMC RoHS \/ IEC EN 50470, EMC RoHS (papildu MID sader\u012bgam skait\u012bt\u0101jam)<\/td>\n<\/tr>\n<tr>\n<td><strong> Aizsardz\u012bbas klase <\/strong><\/td>\n<td>IP54<\/td>\n<\/tr>\n<tr>\n<td><strong> RCD dro\u0161\u012bba <\/strong><\/td>\n<td>RCD DC 6 mA, AC 30 mA &#8211; temperat\u016bras uzraudz\u012bba<\/td>\n<\/tr>\n<tr>\n<td><strong> Transportl\u012bdzek\u013ca s\u0101nu sakabe <\/strong><\/td>\n<td>2. tips (IEC 62196)<\/td>\n<\/tr>\n<\/tbody>\n<\/table>\n<div>\u00a0<\/div>\n<div class=\"product-info\"><strong style=\"font-size: 14.4px;\"> SULU LAD\u012aT\u0100JS man ir lab\u0101k\u0101 izv\u0113le: <\/strong><\/div>\n<\/section>\n<ol>\n<li>Lietot\u0101jiem, kuri apzin\u0101s cenas, kuri nev\u0113las piek\u0101pties dizain\u0101 un funkcionalit\u0101t\u0113.<\/li>\n<li>Izmantojiet pa\u0161reiz\u0113jos un turpm\u0101kos uzl\u0101des standartus \u201cplug and play\u201d, lai atvieglotu uzl\u0101di.<\/li>\n<li>Darbs iek\u0161telp\u0101s un \u0101r\u0101. Ekr\u0101ns nav izkrop\u013cots, bet tr\u012bs izgaismotas kr\u0101su ikonas nor\u0101da pa\u0161reiz\u0113jo statusu. <b> <\/b><\/li>\n<\/ol>\n<p>Vai jums ir k\u0101di jaut\u0101jumi? <a href=\"https:\/\/chargingshop.eu\/lv\/knowledge-center\/\"> M\u016bsu zin\u0101\u0161anu centr\u0101 <\/a> ir viss, kas jums j\u0101zina par elektroauto uzl\u0101di.<\/p>\n","protected":false},"excerpt":{"rendered":"<p>JUICE CHARGER me ir \u012bpa\u0161i kompakts, t\u0101 malas garums ir 24 cm un dzi\u013cums ir 12 cm, turkl\u0101t tas ir \u013coti viegls un sver tikai 6,5 kg (ieskaitot kabeli).<\/p>\n<ul>\n<li>KFW finans\u0113ta 11 kW sienas kaste<\/li>\n<li>Aktiviz\u0113\u0161ana, izmantojot RFID<\/li>\n<li>Plug and Charge &#8211; IZVEIDOTS V\u0100CIJ\u0100<\/li>\n<\/ul>\n","protected":false},"featured_media":5422,"comment_status":"open","ping_status":"closed","template":"","meta":[],"product_brand":[],"product_cat":[464],"product_tag":[],"class_list":{"0":"post-5731","1":"product","2":"type-product","3":"status-publish","4":"has-post-thumbnail","6":"product_cat-wallbox-uazlades-stacijas","7":"pa_brand-juice-lv","9":"first","10":"outofstock","11":"sale","12":"taxable","13":"shipping-taxable","14":"purchasable","15":"product-type-simple"},"_links":{"self":[{"href":"https:\/\/chargingshop.eu\/lv\/wp-json\/wp\/v2\/product\/5731","targetHints":{"allow":["GET"]}}],"collection":[{"href":"https:\/\/chargingshop.eu\/lv\/wp-json\/wp\/v2\/product"}],"about":[{"href":"https:\/\/chargingshop.eu\/lv\/wp-json\/wp\/v2\/types\/product"}],"replies":[{"embeddable":true,"href":"https:\/\/chargingshop.eu\/lv\/wp-json\/wp\/v2\/comments?post=5731"}],"wp:featuredmedia":[{"embeddable":true,"href":"https:\/\/chargingshop.eu\/lv\/wp-json\/wp\/v2\/media\/5422"}],"wp:attachment":[{"href":"https:\/\/chargingshop.eu\/lv\/wp-json\/wp\/v2\/media?parent=5731"}],"wp:term":[{"taxonomy":"product_brand","embeddable":true,"href":"https:\/\/chargingshop.eu\/lv\/wp-json\/wp\/v2\/product_brand?post=5731"},{"taxonomy":"product_cat","embeddable":true,"href":"https:\/\/chargingshop.eu\/lv\/wp-json\/wp\/v2\/product_cat?post=5731"},{"taxonomy":"product_tag","embeddable":true,"href":"https:\/\/chargingshop.eu\/lv\/wp-json\/wp\/v2\/product_tag?post=5731"}],"curies":[{"name":"wp","href":"https:\/\/api.w.org\/{rel}","templated":true}]}}