{"id":4803,"date":"2021-03-07T08:30:46","date_gmt":"2021-03-07T08:30:47","guid":{"rendered":"https:\/\/chargingshop.eu\/?post_type=product&#038;p=4803"},"modified":"2021-03-07T09:00:54","modified_gmt":"2021-03-07T09:00:54","slug":"elektromobilu-uzlades-kabelis-type-1-uz-type-2-1-faze-32a-5m","status":"publish","type":"product","link":"https:\/\/chargingshop.eu\/lv\/product\/elektromobilu-uzlades-kabelis-type-1-uz-type-2-1-faze-32a-5m\/","title":{"rendered":"Elektromobi\u013cu uzl\u0101des kabelis &#8211; Type 1 uz Type 2, 1 f\u0101ze, 32A, 5m"},"content":{"rendered":"<h1>Elektromobi\u013cu uzl\u0101des kabelis &#8211; Type 1 uz Type 2, 1 f\u0101ze, 32A, 5m<\/h1>\n<div>Izmantojot \u0161o kabeli, j\u016bs varat uzl\u0101d\u0113t EV \/ PHEV, kam ir 1. tipa ports (automa\u0161\u012bnas kontaktligzda), ar EV uzl\u0101des staciju, kurai ir 2. tipa ligzda. Kabelis ir 32 amp\u0113ri, vienf\u0101zes, var uzl\u0101d\u0113t j\u016bsu elektrisko jaudu l\u012bdz 7,2 kW. Produkts ir paredz\u0113ts \u0113rtai lieto\u0161anai un ir viegli pievienojams. Darba garums ir 5 metri, un tas ir izgatavots no termoplastiska materi\u0101la. Tam ir aizsardz\u012bbas l\u012bmenis IP55, tas ir pret uguns liesm\u0101m, iztur\u012bgs pret spiedienu, nodilumiztur\u012bgs un triecieniztur\u012bgs.<\/div>\n<div><\/div>\n<div>K\u0101 uzglab\u0101t:<\/div>\n<div><\/div>\n<div>Kabeli ieteicams uzglab\u0101t saus\u0101 viet\u0101, ieteicams to tur\u0113t uzglab\u0101\u0161anas maisi\u0146\u0101. Gad\u012bjum\u0101, ja kabelis kontaktos non\u0101k mitrum\u0101, rodas k\u013c\u016bme. Ja tas notiek, ievietojiet kabeli 8-12 stundas silt\u0101 un saus\u0101 viet\u0101. Izvairieties no kabe\u013ca atst\u0101\u0161anas \u0101rpus telp\u0101m, kur pie t\u0101 var nok\u013c\u016bt saule, v\u0113j\u0161, putek\u013ci vai lietus. Putek\u013ci un net\u012brumi kontaktos var izrais\u012bt kabe\u013ca uzl\u0101di. Lai nodro\u0161in\u0101tu ilgm\u016b\u017e\u012bbu, l\u016bdzu, p\u0101rliecinieties, ka EV uzl\u0101des kabelis uzglab\u0101\u0161anas laik\u0101 nav sav\u012bti vai p\u0101rlieku saliekts.<\/div>\n<div><\/div>\n<div>EV uzl\u0101des kabelis no 1. tipa l\u012bdz 2. tipam 32A 1, 5. posms, ir \u013coti \u0113rti lietojams un uzglab\u0101jams. Kabelis ir paredz\u0113ts uzl\u0101d\u0113\u0161anai gan \u0101rpus telp\u0101m, gan iek\u0161telp\u0101s, un tam ir IP55 (aizsardz\u012bba pret iek\u013c\u016b\u0161anu). Tas noz\u012bm\u0113, ka tam ir aizsardz\u012bba pret putek\u013ciem un \u016bdens \u0161\u013cakat\u0101m no jebkura virziena.<\/div>\n<div><\/div>\n<p>&nbsp;<\/p>\n","protected":false},"excerpt":{"rendered":"<p>Elektromobi\u013cu uzl\u0101des kabelis no 1. l\u012bdz 2. tipam 32A, 5 metru garums<br \/>\nViegla un \u012bpa\u0161i elast\u012bga, padarot to \u013coti \u0113rti lietojamu, uzglab\u0101jamu un transport\u0113jamu. IP55 v\u0113rt\u0113jums.<\/p>\n","protected":false},"featured_media":4768,"comment_status":"open","ping_status":"closed","template":"","meta":[],"product_brand":[],"product_cat":[496],"product_tag":[],"class_list":{"0":"post-4803","1":"product","2":"type-product","3":"status-publish","4":"has-post-thumbnail","6":"product_cat-elektrisko-automasinu-ladesanas-kabeli-un-adapteri","8":"first","9":"instock","10":"sale","11":"taxable","12":"shipping-taxable","13":"purchasable","14":"product-type-simple"},"_links":{"self":[{"href":"https:\/\/chargingshop.eu\/lv\/wp-json\/wp\/v2\/product\/4803","targetHints":{"allow":["GET"]}}],"collection":[{"href":"https:\/\/chargingshop.eu\/lv\/wp-json\/wp\/v2\/product"}],"about":[{"href":"https:\/\/chargingshop.eu\/lv\/wp-json\/wp\/v2\/types\/product"}],"replies":[{"embeddable":true,"href":"https:\/\/chargingshop.eu\/lv\/wp-json\/wp\/v2\/comments?post=4803"}],"wp:featuredmedia":[{"embeddable":true,"href":"https:\/\/chargingshop.eu\/lv\/wp-json\/wp\/v2\/media\/4768"}],"wp:attachment":[{"href":"https:\/\/chargingshop.eu\/lv\/wp-json\/wp\/v2\/media?parent=4803"}],"wp:term":[{"taxonomy":"product_brand","embeddable":true,"href":"https:\/\/chargingshop.eu\/lv\/wp-json\/wp\/v2\/product_brand?post=4803"},{"taxonomy":"product_cat","embeddable":true,"href":"https:\/\/chargingshop.eu\/lv\/wp-json\/wp\/v2\/product_cat?post=4803"},{"taxonomy":"product_tag","embeddable":true,"href":"https:\/\/chargingshop.eu\/lv\/wp-json\/wp\/v2\/product_tag?post=4803"}],"curies":[{"name":"wp","href":"https:\/\/api.w.org\/{rel}","templated":true}]}}