{"id":3306,"date":"2020-11-10T15:29:00","date_gmt":"2020-11-10T15:29:00","guid":{"rendered":"https:\/\/chargingshop.eu\/?page_id=3306"},"modified":"2020-11-10T15:29:00","modified_gmt":"2020-11-10T15:29:00","slug":"grozs","status":"publish","type":"page","link":"https:\/\/chargingshop.eu\/lv\/grozs\/","title":{"rendered":"Grozs"},"content":{"rendered":"<h3>M\u0113s atmaks\u0101jam 21% PVN par:<\/h3>\n<div><\/div>\n<p>&#8211; PVN re\u0123istr\u0113tas uz\u0146\u0113m\u0113jdarb\u012bbas vien\u012bbas ES.<\/p>\n<p>&#8211; priv\u0101tie un biznesa klienti no \u0160veices un Norv\u0113\u0123ijas<\/p>\n<p>&#8211; klienti no cit\u0101m valst\u012bm \u0101rpus ES<\/p>\n<p>Par visiem jaut\u0101jumiem, l\u016bdzu, sazinieties &#8211; rokas@chrg.network<\/p>\n\n","protected":false},"excerpt":{"rendered":"<p>M\u0113s atmaks\u0101jam 21% PVN par: &#8211; PVN re\u0123istr\u0113tas uz\u0146\u0113m\u0113jdarb\u012bbas vien\u012bbas ES. &#8211; priv\u0101tie un biznesa klienti no \u0160veices un Norv\u0113\u0123ijas &#8211; klienti no cit\u0101m valst\u012bm \u0101rpus ES Par visiem jaut\u0101jumiem, l\u016bdzu, sazinieties &#8211; rokas@chrg.network<\/p>\n","protected":false},"author":1,"featured_media":0,"parent":0,"menu_order":0,"comment_status":"closed","ping_status":"closed","template":"","meta":{"footnotes":""},"class_list":["post-3306","page","type-page","status-publish","hentry"],"_links":{"self":[{"href":"https:\/\/chargingshop.eu\/lv\/wp-json\/wp\/v2\/pages\/3306","targetHints":{"allow":["GET"]}}],"collection":[{"href":"https:\/\/chargingshop.eu\/lv\/wp-json\/wp\/v2\/pages"}],"about":[{"href":"https:\/\/chargingshop.eu\/lv\/wp-json\/wp\/v2\/types\/page"}],"author":[{"embeddable":true,"href":"https:\/\/chargingshop.eu\/lv\/wp-json\/wp\/v2\/users\/1"}],"replies":[{"embeddable":true,"href":"https:\/\/chargingshop.eu\/lv\/wp-json\/wp\/v2\/comments?post=3306"}],"version-history":[{"count":0,"href":"https:\/\/chargingshop.eu\/lv\/wp-json\/wp\/v2\/pages\/3306\/revisions"}],"wp:attachment":[{"href":"https:\/\/chargingshop.eu\/lv\/wp-json\/wp\/v2\/media?parent=3306"}],"curies":[{"name":"wp","href":"https:\/\/api.w.org\/{rel}","templated":true}]}}