{"id":3209,"date":"2016-03-31T14:08:39","date_gmt":"2016-03-31T14:08:39","guid":{"rendered":"https:\/\/chargingshop.eu\/pages\/"},"modified":"2020-10-16T10:28:28","modified_gmt":"2020-10-16T10:28:28","slug":"uznemums","status":"publish","type":"page","link":"https:\/\/chargingshop.eu\/lv\/uznemums\/","title":{"rendered":"Uz\u0146\u0113mums"},"content":{"rendered":"\n  <div class=\"banner has-hover\" id=\"banner-500287028\">\n          <div class=\"banner-inner fill\">\n        <div class=\"banner-bg fill\" >\n            <div class=\"bg fill bg-fill \"><\/div>\n                        <div class=\"overlay\"><\/div>            \n                    <\/div>\n\t\t\n        <div class=\"banner-layers container\">\n            <div class=\"fill banner-link\"><\/div>            \n   <div id=\"text-box-642487918\" class=\"text-box banner-layer x50 md-x50 lg-x50 y50 md-y50 lg-y50 res-text\">\n                                <div class=\"text-box-content text dark text-shadow-3\">\n              \n              <div class=\"text-inner text-center\">\n                  \n<h3 class=\"uppercase\"><strong>M\u016bsu misija<\/strong><\/h3>\n<p class=\"lead\">M\u016bsu misija ir veicin\u0101t nep\u0101rtrauktu p\u0101reju uz 100% elektrisko mobilit\u0101ti, padarot EV uzl\u0101di pieejamu k\u0101 gaisu, ikvienam ikvienam ..<\/p>\n<h3 class=\"uppercase\"><strong>M\u016bsu redz\u0113jums<\/strong><\/h3>\n<p class=\"lead\">J\u0101k\u013c\u016bst par liel\u0101ko vienas pieturas a\u0123ent\u016bru un zin\u0101\u0161anu centru, kas pal\u012bdz ikvienam EV vad\u012bt\u0101jam orient\u0113ties arvien main\u012bgaj\u0101 elektrisk\u0101s mobilit\u0101tes un vied\u0101s ener\u0123ijas nozar\u0113<\/p>\n              <\/div>\n           <\/div>\n                            \n<style>\n#text-box-642487918 {\n  width: 60%;\n}\n#text-box-642487918 .text-box-content {\n  font-size: 100%;\n}\n<\/style>\n    <\/div>\n \n        <\/div>\n      <\/div>\n\n            \n<style>\n#banner-500287028 {\n  padding-top: 496px;\n  background-color: rgb(174, 165, 165);\n}\n#banner-500287028 .bg.bg-loaded {\n  background-image: 8903;\n}\n#banner-500287028 .overlay {\n  background-color: rgba(0, 0, 0, 0.06);\n}\n#banner-500287028 .bg {\n  background-position: 52% 2%;\n}\n#banner-500287028 .ux-shape-divider--top svg {\n  height: 150px;\n  --divider-top-width: 100%;\n}\n#banner-500287028 .ux-shape-divider--bottom svg {\n  height: 150px;\n  --divider-width: 100%;\n}\n<\/style>\n  <\/div>\n\n\n<div class=\"container section-title-container\" ><h3 class=\"section-title section-title-center\"><b><\/b><span class=\"section-title-main\" >CHRG Network platform<\/span><b><\/b><\/h3><\/div>\n<div class=\"row\"  id=\"row-577116830\">\n\n\t<div id=\"col-1320674789\" class=\"col medium-6 small-12 large-6\"  >\n\t\t\t\t<div class=\"col-inner\"  >\n\t\t\t\n\t\t\t\n\t<div class=\"img has-hover x md-x lg-x y md-y lg-y\" id=\"image_1078003047\">\n\t\t\t\t\t\t\t\t<div class=\"img-inner dark\" >\n\t\t\t<img decoding=\"async\" width=\"800\" height=\"357\" src=\"https:\/\/chargingshop.eu\/wp-content\/uploads\/2020\/01\/green-charging-station_-800x357.jpg\" class=\"attachment-medium size-medium\" alt=\"Green energy ev charging\" srcset=\"https:\/\/chargingshop.eu\/wp-content\/uploads\/2020\/01\/green-charging-station_-800x357.jpg 800w, https:\/\/chargingshop.eu\/wp-content\/uploads\/2020\/01\/green-charging-station_-768x343.jpg 768w, https:\/\/chargingshop.eu\/wp-content\/uploads\/2020\/01\/green-charging-station_-510x228.jpg 510w, https:\/\/chargingshop.eu\/wp-content\/uploads\/2020\/01\/green-charging-station_.jpg 1343w\" sizes=\"(max-width: 800px) 100vw, 800px\" \/>\t\t\t\t\t\t\n\t\t\t\t\t<\/div>\n\t\t\t\t\t\t\t\t\n<style>\n#image_1078003047 {\n  width: 100%;\n}\n<\/style>\n\t<\/div>\n\t\n\t\t<\/div>\n\t\t\t\t\t<\/div>\n\n\t\n\n\t<div id=\"col-1911430280\" class=\"col medium-6 small-12 large-6\"  >\n\t\t\t\t<div class=\"col-inner\"  >\n\t\t\t\n\t\t\t\n<h3>M\u0113s savienojam automobi\u013cu un ener\u0123\u0113tikas nozari<\/h3>\n<div>Pa\u0161reiz\u0113j\u0101 ener\u0123ijas p\u0101reja izjauc status quo. Par\u0101d\u0101s jauns za\u013c\u0101s ener\u0123ijas avots, kas noved pie struktur\u0101l\u0101m un past\u0101v\u012bg\u0101m izmai\u0146\u0101m pied\u0101v\u0101jum\u0101, piepras\u012bjuma strukt\u016br\u0101 un cen\u0101s.<\/div>\n<div><\/div>\n<div>Pieg\u0101des pus\u0113 mums b\u016bs decentraliz\u0113ts mazo ener\u0123ijas ra\u017eot\u0101ju t\u012bkls. Piepras\u012bjuma pus\u0113 fosil\u0101 kurin\u0101m\u0101 transports tiks piln\u012bb\u0101 p\u0101rveidots par t\u012bru transportl\u012bdzekli, kas piln\u012bb\u0101 darbin\u0101ms ar elektr\u012bbu.<\/div>\n<div><\/div>\n<div>M\u0113s esam \u0161eit, lai pilnvarotu ikvienu personu vai uz\u0146\u0113mumu, kas v\u0113las dot savu ieguld\u012bjumu \u0161aj\u0101 p\u0101rej\u0101.<\/div>\n<p style=\"text-align: center;\">Kop\u012bgi izveidosim cilv\u0113ku CHRG&#8221;t\u012bklu!<\/p>\n<p style=\"text-align: center;\"><strong>GET IN CHRG!<\/strong><\/p>\n\t\t<\/div>\n\t\t\t\t\t<\/div>\n\n\t\n<\/div>\n","protected":false},"excerpt":{"rendered":"","protected":false},"author":2525,"featured_media":0,"parent":0,"menu_order":18,"comment_status":"closed","ping_status":"closed","template":"page-blank.php","meta":{"footnotes":""},"class_list":["post-3209","page","type-page","status-publish","hentry"],"_links":{"self":[{"href":"https:\/\/chargingshop.eu\/lv\/wp-json\/wp\/v2\/pages\/3209","targetHints":{"allow":["GET"]}}],"collection":[{"href":"https:\/\/chargingshop.eu\/lv\/wp-json\/wp\/v2\/pages"}],"about":[{"href":"https:\/\/chargingshop.eu\/lv\/wp-json\/wp\/v2\/types\/page"}],"author":[{"embeddable":true,"href":"https:\/\/chargingshop.eu\/lv\/wp-json\/wp\/v2\/users\/2525"}],"replies":[{"embeddable":true,"href":"https:\/\/chargingshop.eu\/lv\/wp-json\/wp\/v2\/comments?post=3209"}],"version-history":[{"count":0,"href":"https:\/\/chargingshop.eu\/lv\/wp-json\/wp\/v2\/pages\/3209\/revisions"}],"wp:attachment":[{"href":"https:\/\/chargingshop.eu\/lv\/wp-json\/wp\/v2\/media?parent=3209"}],"curies":[{"name":"wp","href":"https:\/\/api.w.org\/{rel}","templated":true}]}}