{"id":72316,"date":"2025-06-14T10:15:18","date_gmt":"2025-06-14T10:15:18","guid":{"rendered":"https:\/\/chargingshop.eu\/product\/nesiojamas-ikroviklis-su-display-valdymo-bloku-11kw-3x16a-type2-cee-red-16a-x-3-fazes-5m\/"},"modified":"2025-06-14T10:15:18","modified_gmt":"2025-06-14T10:15:18","slug":"nesiojamas-ikroviklis-su-display-valdymo-bloku-11kw-3x16a-type2-cee-red-16a-x-3-fazes-5m","status":"publish","type":"product","link":"https:\/\/chargingshop.eu\/lt\/produktas\/nesiojamas-ikroviklis-su-display-valdymo-bloku-11kw-3x16a-type2-cee-red-16a-x-3-fazes-5m\/","title":{"rendered":"ne\u0161iojamas \u012fkroviklis su DISPLAY valdymo bloku 11kW (3X16A), TYPE2-CEE RED, 16A x 3 faz\u0117s, 5m"},"content":{"rendered":"<p>Auk\u0161\u010diausios kokyb\u0117s ne\u0161iojamasis \u012fkrovimo sprendimas. Palaiko 3 fazi\u0173 16 A \u012fkrovim\u0105 (iki 11 kW). <\/p>\n<p>Pramoninis lizdas &#8211; CEE 16A \/ 5PIN &#8211; patogiausias b\u016bdas \u012fkrauti elektromobil\u012f, kad ir kur b\u016btum\u0117te.<\/p>\n<ul>\n<li>Auk\u0161\u010diausios klas\u0117s sauga ir patogus naudojimas<\/li>\n<li>Ekranas, skirtas valdyti maitinim\u0105 mygtukais 2,8 coli\u0173 LCD ekranas<\/li>\n<li>Nurodo problemas (prijungus ir \u012fkrovimo metu) atitinkamu klaidos kodu:\n<ul>\n<li>Kylanti temperat\u016bra arba prietaiso ar CEE lizdo perkaitimas<\/li>\n<li>Nuo kar\u0161\u010dio i\u0161silyd\u0119 perjungimo elementai arba suged\u0119 tranzistori\u0173 jungikliai<\/li>\n<li>Vir\u0161\u012ftampio arba \u017eemos \u012ftampos aptikimas<\/li>\n<li>PE ir N linij\u0173 tikrinimas<\/li>\n<li><strong><a href=\"https:\/\/en.wikipedia.org\/wiki\/Residual-current_device\" target=\"_blank\" rel=\"noopener noreferrer\">Nuot\u0117kio srov\u0117s<\/a> aptikimas &#8211;<\/strong> transporto priemon\u0117s atjungimas aptikus nuot\u0117k\u012f (30 mA kintamosios srov\u0117s, 6 mA nuolatin\u0117s srov\u0117s)<\/li>\n<li>Nepalaikomas \u012fkrovimo re\u017eimas<\/li>\n<li>RCD apsauga: A+DC6 mA;<\/li>\n<li>Apsaugos klas\u0117: IP55\u3001IK10<\/li>\n<li>darbo temperat\u016bra: -30 \u2103\uff5e+50 \u2103<\/li>\n<li>Apsauga: Apsauga nuo vir\u0161\u012ftampi\u0173, apsauga nuo \u017eemos \u012ftampos, apsauga nuo \u012f\u017eeminimo, apsauga nuo \u017eaibo, apsauga nuo nuot\u0117kio, apsauga nuo liepsnos, apsauga nuo vir\u0161\u012ftampi\u0173, i\u0161manioji temperat\u016bros kontrol\u0117s apsauga ir kt.<\/li>\n<\/ul>\n<\/li>\n<li>Did\u017eiausios \u012fkrovimo srov\u0117s nustatymo funkcija &#8211; naudinga automobiliams, kurie negali to padaryti patys (nustatymas atliekamas tiesiog paspaudus mygtuk\u0105).<\/li>\n<li>Tvirtas elektronikos korpusas su<strong> IP55 \/ IK10<\/strong> apsauga gali b\u016bti apsaugotas nuo lietaus.<\/li>\n<\/ul>\n<div class=\"magic-6\" data-spm-anchor-id=\"a2700.details.0.i35.4a137780bRdriA\"><\/div>\n","protected":false},"excerpt":{"rendered":"<p><strong>Galingas ne\u0161iojamasis ir<\/strong> <strong>i\u0161manusis kabelis<\/strong> su valdymo elektronika, skirtas elektromobiliams \u012fkrauti i\u0161 CEE 16A lizd\u0173, kuri\u0173 maksimali galia iki <strong>11 kW (3x16A, 400 V).<\/strong><\/p>\n","protected":false},"featured_media":0,"comment_status":"open","ping_status":"closed","template":"","meta":[],"product_brand":[],"product_cat":[254],"product_tag":[],"class_list":{"0":"post-72316","1":"product","2":"type-product","3":"status-publish","5":"product_cat-krovimo-kabelis","7":"first","8":"instock","9":"sale","10":"taxable","11":"shipping-taxable","12":"purchasable","13":"product-type-simple"},"_links":{"self":[{"href":"https:\/\/chargingshop.eu\/lt\/wp-json\/wp\/v2\/product\/72316","targetHints":{"allow":["GET"]}}],"collection":[{"href":"https:\/\/chargingshop.eu\/lt\/wp-json\/wp\/v2\/product"}],"about":[{"href":"https:\/\/chargingshop.eu\/lt\/wp-json\/wp\/v2\/types\/product"}],"replies":[{"embeddable":true,"href":"https:\/\/chargingshop.eu\/lt\/wp-json\/wp\/v2\/comments?post=72316"}],"wp:attachment":[{"href":"https:\/\/chargingshop.eu\/lt\/wp-json\/wp\/v2\/media?parent=72316"}],"wp:term":[{"taxonomy":"product_brand","embeddable":true,"href":"https:\/\/chargingshop.eu\/lt\/wp-json\/wp\/v2\/product_brand?post=72316"},{"taxonomy":"product_cat","embeddable":true,"href":"https:\/\/chargingshop.eu\/lt\/wp-json\/wp\/v2\/product_cat?post=72316"},{"taxonomy":"product_tag","embeddable":true,"href":"https:\/\/chargingshop.eu\/lt\/wp-json\/wp\/v2\/product_tag?post=72316"}],"curies":[{"name":"wp","href":"https:\/\/api.w.org\/{rel}","templated":true}]}}