{"id":723,"date":"2020-01-03T10:11:11","date_gmt":"2020-01-03T10:11:11","guid":{"rendered":"https:\/\/chargingshop.eu\/product\/elinta-homebox-mini-t2-7-kw\/"},"modified":"2020-05-05T08:09:48","modified_gmt":"2020-05-05T08:09:48","slug":"elinta-homebox-mini-t2-7-kw","status":"publish","type":"product","link":"https:\/\/chargingshop.eu\/lt\/produktas\/elinta-homebox-mini-t2-7-kw\/","title":{"rendered":"ELINTA CHARGE HOMEBOX MINI T2 &#8211; 7,2 kW"},"content":{"rendered":"<p>HOMEBOX MINI T2 funkcionalumai:<\/p>\n<div>\n<ul>\n<li>Paprastas dizainas &amp; minimalistinis funkcionalumas<\/li>\n<li>7,2kW krovimo galia<\/li>\n<li>Integruotas Type 2 kabelis\u00a0 patogiam naudojimui namuose ar darbe<\/li>\n<li>Paprasta instaliacija<\/li>\n<\/ul>\n<\/div>\n<div>HOMEBOX MINI T2 sukonstruotas kaip paprastas ir nebrangui sprendimas, kasdieniniam naudojimui namuose arba darbo parkinge. HOMEBOX MINI gali b\u016bti naudjamas priva\u010diose teritorijose, kur nereikalinga naudotojo autentifikacija.<\/div>\n<div>\n<div>HomeBox Mini turi integruot\u0105 apsaug\u0105 nuo vir\u0161ytos el srov\u0117s, srov\u0117s nuotekio, taippat turi energijos skaitikl\u012f. Reikalingas tik pajungimas prie elektros \u0161altinio. HomeBox Mini suprojektuotas naudojimui namuose arba ofise, naudojant kokybi\u0161kus ir patvarius komponentus, tod\u0117l u\u017etikrins ilg\u0105 naudojimo cikl\u0105.<\/div>\n<\/div>\n","protected":false},"excerpt":{"rendered":"<p>HomeBox Mini sukonstruotas kaip paprastas ir nebrangui sprendimas, kasdieniniam naudojimui\u00a0 Mode 3, Type 2, vienos faz\u0117s krovimui su 7,2 kW galios padavimu.<\/p>\n","protected":false},"featured_media":725,"comment_status":"open","ping_status":"closed","template":"","meta":[],"product_brand":[],"product_cat":[138],"product_tag":[],"class_list":{"0":"post-723","1":"product","2":"type-product","3":"status-publish","4":"has-post-thumbnail","6":"product_cat-wallbox-ikrovimo-stoteles-lt","7":"pa_brand-elinta-charge-lt","9":"first","10":"outofstock","11":"sale","12":"taxable","13":"shipping-taxable","14":"purchasable","15":"product-type-simple"},"_links":{"self":[{"href":"https:\/\/chargingshop.eu\/lt\/wp-json\/wp\/v2\/product\/723","targetHints":{"allow":["GET"]}}],"collection":[{"href":"https:\/\/chargingshop.eu\/lt\/wp-json\/wp\/v2\/product"}],"about":[{"href":"https:\/\/chargingshop.eu\/lt\/wp-json\/wp\/v2\/types\/product"}],"replies":[{"embeddable":true,"href":"https:\/\/chargingshop.eu\/lt\/wp-json\/wp\/v2\/comments?post=723"}],"wp:featuredmedia":[{"embeddable":true,"href":"https:\/\/chargingshop.eu\/lt\/wp-json\/wp\/v2\/media\/725"}],"wp:attachment":[{"href":"https:\/\/chargingshop.eu\/lt\/wp-json\/wp\/v2\/media?parent=723"}],"wp:term":[{"taxonomy":"product_brand","embeddable":true,"href":"https:\/\/chargingshop.eu\/lt\/wp-json\/wp\/v2\/product_brand?post=723"},{"taxonomy":"product_cat","embeddable":true,"href":"https:\/\/chargingshop.eu\/lt\/wp-json\/wp\/v2\/product_cat?post=723"},{"taxonomy":"product_tag","embeddable":true,"href":"https:\/\/chargingshop.eu\/lt\/wp-json\/wp\/v2\/product_tag?post=723"}],"curies":[{"name":"wp","href":"https:\/\/api.w.org\/{rel}","templated":true}]}}