{"id":72286,"date":"2025-06-14T10:14:50","date_gmt":"2025-06-14T10:14:50","guid":{"rendered":"https:\/\/chargingshop.eu\/product\/sungrow-idc-180e-kw-120-150-180-kw-ikroviklis\/"},"modified":"2025-06-14T10:14:50","modified_gmt":"2025-06-14T10:14:50","slug":"sungrow-idc-180e-kw-120-150-180-kw-ikroviklis","status":"publish","type":"product","link":"https:\/\/chargingshop.eu\/lt\/produktas\/sungrow-idc-180e-kw-120-150-180-kw-ikroviklis\/","title":{"rendered":"&#8220;Sungrow IDC 180E kW 120\/150\/180 kW \u012fkroviklis"},"content":{"rendered":"<h2>&#8220;Sungrow IDC 180E kW 120\/150\/180 kW \u012fkroviklis<\/h2>\n<ul class=\"prtextlist prtext m0aoto ovh ani swiper-slide-active\">\n<li class=\"MonLight f16 pt-page-delay100 animated fadeInUp\">\n<div class=\"f20 MonRegular ce97702\">PATIKIMAS IR SAUGUS<\/div>\n<p>IP65 apsauga ir C5 apsauga nuo korozijos<\/p>\n<p>Ilgas tarnavimo laikas &#8211; daugiau kaip 10 met\u0173<\/p>\n<p>Ner\u016bpestinga prie\u017ei\u016bra nekei\u010diant dulki\u0173 filtro kilim\u0117lio<\/p>\n<p>Savaranki\u0161kai suprojektuoti ir pagaminti maitinimo moduliai<\/li>\n<li class=\"MonLight f16 pt-page-delay300 animated fadeInUp\">\n<div class=\"f20 MonRegular ce97702\">DRAUGI\u0160KAS VARTOTOJUI<\/div>\n<p>Palaikomos kelios autentifikavimo ir mok\u0117jimo parinktys<\/p>\n<p>\u012ekrovimo kabeli\u0173 valdymo sistema, u\u017etikrinanti auk\u0161\u010diausios kokyb\u0117s naudotojo patirt\u012f<\/li>\n<li class=\"MonLight f16 pt-page-delay500 animated fadeInUp\">\n<div class=\"f20 MonRegular ce97702\">EFEKTYVUS IR I\u0160MANUS<\/div>\n<p>Maksimalus efektyvumas iki 96,5 % <\/p>\n<p>Dinaminis apkrovos valdymas siekiant optimizuoti elektromobili\u0173 \u012fkrovim\u0105<\/li>\n<li class=\"MonLight f16 pt-page-delay700 animated fadeInUp\">\n<div class=\"f20 MonRegular ce97702\">LANKSTUS TAIKYMAS<\/div>\n<p>Adaptyviosios \u012ftampos diapazonas 200-920Vdc<\/p>\n<p>Suderinamumas su PV-ESS sistema<\/li>\n<\/ul>\n<div>Produkto privalumai:<\/div>\n<div>&#8211; Dvi \u012fkrovimo vietos su dinaminiu apkrovos paskirstymu<\/div>\n<div>&#8211; Patogus 10 coli\u0173 jutiklinis ekranas<\/div>\n<div>&#8211; Kalibravimo \u012fstatym\u0105 atitinkantis dizainas<\/div>\n<div><\/div>\n<div>Produkto savyb\u0117s:<\/div>\n<div>&#8211; Vienos \u012fkrovimo vietos \u012fkrovimo galia: 90 kW<\/div>\n<div>&#8211; \u012ekrovimo ta\u0161k\u0173 skai\u010dius: 2<\/div>\n<div>&#8211; Nuolatin\u0117s srov\u0117s jungtis: CCS2<\/div>\n<div>&#8211; \u012ekrovimo laido ilgis: 5.0 m<\/div>\n<div>&#8211; Nuolatin\u0117s srov\u0117s pertekliaus \u012fkrovimas: ne<\/div>\n<div>&#8211; Kintamosios srov\u0117s jungtis: 400 V, 3 fazi\u0173<\/div>\n<div>&#8211; Prieigos kontrol\u0117: PTB \/ kalibravimo teis\u0117<\/div>\n<div>&#8211; Bendravimas: Ethernet, 2G, 3G, 4G, &#8220;Bluetooth<\/div>\n<div>&#8211; Protokolas: PROTOKOLAS: OCPP 2.0.1<\/div>\n<div>&#8211; Matmenys: 2000 x 900 x 750 mm (Vx\u0160xGxD)<\/div>\n<div>&#8211; Apsaugos klas\u0117: IP65<\/div>\n<div>&#8211; Svoris: 450,0 kg<\/div>\n<div><\/div>\n<div><a href=\"https:\/\/chargingshop.eu\/wp-content\/uploads\/2024\/12\/DS_20241022_IDC180E_Datasheet_V3_EN.pdf\">DS_20241022_IDC180E_Datasheet_V3_EN<\/a><\/div>\n","protected":false},"excerpt":{"rendered":"<p>Su IDC180E \u201eSungrow\u201c taip pat si\u016blo nuolatin\u0117s srov\u0117s \u012fkrovikl\u012f vie\u0161am naudojimui. Du \u012fkrovimo ta\u0161kus su lanks\u010diu kabeli\u0173 valdymu ir iki 180 kW \u012fkrovimo galia, priklausomai nuo versijos, galima aktyvuoti naudojant program\u0117l\u0119, RFID arba mok\u0117jimo terminal\u0105. Galios matavim\u0105 galima atlikti naudojant teisin\u0117s metrologijos reikalavimus atitinkant\u012f skaitikl\u012f. \u012ekroviklis suderinamas su visais dabartiniais transporto priemoni\u0173 modeliais.   <\/p>\n","protected":false},"featured_media":0,"comment_status":"closed","ping_status":"closed","template":"","meta":[],"product_brand":[],"product_cat":[139],"product_tag":[],"class_list":{"0":"post-72286","1":"product","2":"type-product","3":"status-publish","5":"product_cat-dc-ikrovimo-stoteles","6":"pa_brand-sienine-dezute","8":"first","9":"instock","10":"sale","11":"taxable","12":"shipping-taxable","13":"purchasable","14":"product-type-simple"},"_links":{"self":[{"href":"https:\/\/chargingshop.eu\/lt\/wp-json\/wp\/v2\/product\/72286","targetHints":{"allow":["GET"]}}],"collection":[{"href":"https:\/\/chargingshop.eu\/lt\/wp-json\/wp\/v2\/product"}],"about":[{"href":"https:\/\/chargingshop.eu\/lt\/wp-json\/wp\/v2\/types\/product"}],"replies":[{"embeddable":true,"href":"https:\/\/chargingshop.eu\/lt\/wp-json\/wp\/v2\/comments?post=72286"}],"wp:attachment":[{"href":"https:\/\/chargingshop.eu\/lt\/wp-json\/wp\/v2\/media?parent=72286"}],"wp:term":[{"taxonomy":"product_brand","embeddable":true,"href":"https:\/\/chargingshop.eu\/lt\/wp-json\/wp\/v2\/product_brand?post=72286"},{"taxonomy":"product_cat","embeddable":true,"href":"https:\/\/chargingshop.eu\/lt\/wp-json\/wp\/v2\/product_cat?post=72286"},{"taxonomy":"product_tag","embeddable":true,"href":"https:\/\/chargingshop.eu\/lt\/wp-json\/wp\/v2\/product_tag?post=72286"}],"curies":[{"name":"wp","href":"https:\/\/api.w.org\/{rel}","templated":true}]}}