{"id":72284,"date":"2025-06-14T10:14:44","date_gmt":"2025-06-14T10:14:44","guid":{"rendered":"https:\/\/chargingshop.eu\/product\/alfen-eve-vienguba-pro-line-22kw-su-lizdu\/"},"modified":"2025-06-14T10:14:47","modified_gmt":"2025-06-14T10:14:47","slug":"alfen-eve-vienguba-pro-line-22kw-su-lizdu","status":"publish","type":"product","link":"https:\/\/chargingshop.eu\/lt\/produktas\/alfen-eve-vienguba-pro-line-22kw-su-lizdu\/","title":{"rendered":"\u201eAlfen Eve\u201c vienguba \u201ePro Line\u201c 22kW su lizdu"},"content":{"rendered":"<div class=\"video video-fit mb\" style=\"padding-top:56.25%;\"><p><iframe title=\"Alfen installatievideo Eve Single Pro-line (Nederlands) - Alfen Charging Equipment\" width=\"1020\" height=\"574\" src=\"https:\/\/www.youtube.com\/embed\/iq98ee6rMCM?feature=oembed\" frameborder=\"0\" allow=\"accelerometer; autoplay; clipboard-write; encrypted-media; gyroscope; picture-in-picture; web-share\" referrerpolicy=\"strict-origin-when-cross-origin\" allowfullscreen><\/iframe><\/p>\n<\/div>\n<p><strong>\u201eAlfen Eve\u201c viengubos \u201ePro Line\u201c 22 kW su lizdu pagrindin\u0117s savyb\u0117s:<\/strong><\/p>\n<ul data-rte-list=\"default\">\n<li>\n<p class=\"\">Iki <strong> 22 kW kintamosios srov\u0117s galios<\/strong><\/p>\n<\/li>\n<li><strong>Apsauga nuo nuolatin\u0117s srov\u0117s nuot\u0117kio<\/strong> &#8211; \u0161ioje stotyje \u012fmontuota apsauga nuo nuolatin\u0117s srov\u0117s nuot\u0117kio, kuri aptinka nuolatin\u0117s srov\u0117s (DC) nuot\u0117k\u012f ir i\u0161 karto j\u012f sustabdo. Tai apsaugo ir elektromobil\u012f, ir elektros tinkl\u0105 nuo galim\u0173 elektros gedim\u0173 ar pa\u017eeidim\u0173. <\/li>\n<li><strong>Ekranas<\/strong> &#8211; Naudotojo s\u0105saja, palaikoma keliomis kalbomis, yra paprasta naudoti ir joje pateikiama visa reikalinga informacija tiek pirm\u0105 kart\u0105, tiek pa\u017eengusiems naudotojams.<\/li>\n<li><strong>Program\u0117l\u0117s valdymas<\/strong> &#8211; program\u0117l\u0117je galima nuotoliniu b\u016bdu steb\u0117ti \u012fkrovimo proces\u0105, nustatyti \u012fkrovimo tvarkara\u0161t\u012f ir per\u017ei\u016br\u0117ti \u012fkrovimo istorij\u0105.<\/li>\n<li><strong>RFID<\/strong> &#8211; \u012fkrovimo stotel\u0117je \u012frengta naudotojo identifikavimo funkcija naudojant RFID (fizin\u012f \u017eeton\u0105) arba program\u0117l\u0119 \u201eCharged\u201c.<br \/>\n\u201ePro-line\u201c modelyje taip pat yra integruotas \u012fkrovimo stotel\u0117s ekranas, skirtas \u012fkrovimo procesui steb\u0117ti.<\/li>\n<\/ul>\n<p>DUOMEN\u0172 LAPAS:<\/p>\n<p><strong><a href=\"https:\/\/chargingshop.eu\/wp-content\/uploads\/2025\/01\/Alfen-Eve-Single-Pro-Line_DATASHEET.pdf\">&#8220;Alfen-Eve-Single-Pro-Line_DATASHEET<\/a><\/strong><\/p>\n","protected":false},"excerpt":{"rendered":"<div class=\"flex-shrink-0 flex flex-col relative items-end\">\n<div class=\"pt-0\">\n<div class=\"gizmo-bot-avatar flex h-8 w-8 items-center justify-center overflow-hidden rounded-full\">\n<div class=\"relative p-1 rounded-sm flex items-center justify-center bg-token-main-surface-primary text-token-text-primary h-8 w-8\">\u201eAlfen Eve Single Pro-line\u201c 22 kW trifaz\u0117 \u012fkrovimo stotel\u0117 su DISPLAY &#8211; auk\u0161\u010diausios kokyb\u0117s sprendimas saugiam ir patikimam \u012fkrovimui namuose ar vie\u0161ose vietose.<\/div>\n<div>Tod\u0117l OCPP atitinkantys \u012frenginiai gali b\u016bti prijungti prie internetin\u0117s platformos \u201eCharged\u201c (back-end) ir taip valdomi mobili\u0105ja program\u0117le.<\/div>\n<\/div>\n<\/div>\n<\/div>\n<p>&nbsp;<\/p>\n","protected":false},"featured_media":0,"comment_status":"open","ping_status":"closed","template":"","meta":[],"product_brand":[],"product_cat":[138],"product_tag":[1559],"class_list":{"0":"post-72284","1":"product","2":"type-product","3":"status-publish","5":"product_cat-wallbox-ikrovimo-stoteles-lt","6":"product_tag-etrel-inch-pro-lt","7":"pa_brand-alfen-lt","9":"first","10":"instock","11":"sale","12":"taxable","13":"shipping-taxable","14":"purchasable","15":"product-type-simple"},"_links":{"self":[{"href":"https:\/\/chargingshop.eu\/lt\/wp-json\/wp\/v2\/product\/72284","targetHints":{"allow":["GET"]}}],"collection":[{"href":"https:\/\/chargingshop.eu\/lt\/wp-json\/wp\/v2\/product"}],"about":[{"href":"https:\/\/chargingshop.eu\/lt\/wp-json\/wp\/v2\/types\/product"}],"replies":[{"embeddable":true,"href":"https:\/\/chargingshop.eu\/lt\/wp-json\/wp\/v2\/comments?post=72284"}],"wp:attachment":[{"href":"https:\/\/chargingshop.eu\/lt\/wp-json\/wp\/v2\/media?parent=72284"}],"wp:term":[{"taxonomy":"product_brand","embeddable":true,"href":"https:\/\/chargingshop.eu\/lt\/wp-json\/wp\/v2\/product_brand?post=72284"},{"taxonomy":"product_cat","embeddable":true,"href":"https:\/\/chargingshop.eu\/lt\/wp-json\/wp\/v2\/product_cat?post=72284"},{"taxonomy":"product_tag","embeddable":true,"href":"https:\/\/chargingshop.eu\/lt\/wp-json\/wp\/v2\/product_tag?post=72284"}],"curies":[{"name":"wp","href":"https:\/\/api.w.org\/{rel}","templated":true}]}}