{"id":72276,"date":"2025-06-14T10:14:34","date_gmt":"2025-06-14T10:14:34","guid":{"rendered":"https:\/\/chargingshop.eu\/product\/byd-hvs-5-1-fronius-symo-gen24-10-0-plus-hibridinis-keitiklis\/"},"modified":"2025-06-14T10:14:37","modified_gmt":"2025-06-14T10:14:37","slug":"byd-hvs-5-1-fronius-symo-gen24-10-0-plus-hibridinis-keitiklis","status":"publish","type":"product","link":"https:\/\/chargingshop.eu\/lt\/produktas\/byd-hvs-5-1-fronius-symo-gen24-10-0-plus-hibridinis-keitiklis\/","title":{"rendered":"BYD HVS 5.1 + \u201eFronius Symo GEN24 10.0 Plus\u201c hibridinis keitiklis"},"content":{"rendered":"<p>BYD HVS 5.1 + \u201eFronius Symo GEN24 10.0 Plus\u201c hibridinis keitiklis<\/p>\n<p>\u012e RINKIN\u012e \u012eEINA:<\/p>\n<p>1 x \u201eFronius Symo GEN24 10.0 Plus\u201c hibridinis keitiklis<\/p>\n<p>1 x BYD Premium HV BCU+baz\u0117<\/p>\n<p>1 x BYD Battery-Box Premium HVS (25Ah) &#8211; modulis<\/p>\n<p>1 x \u201eFronius\u201c i\u0161manusis skaitiklis 63A-3<\/p>\n<p>BYD HVS 5.1<\/p>\n<p>\u201eFronius Symo GEN24 10.0 Plus\u201c hibridinis saul\u0117s inverteris<br \/>\nHibridinis inverteris su atskiru rezerviniu maitinimu<\/p>\n<p>\u0160is hibridinis keitiklis gali veikti su akumuliatoriumi arba be jo. Tod\u0117l \u201eFronius Symo GEN24 Plus\u201c u\u017etikrina auk\u0161\u010diausio lygio tiekimo patikimum\u0105 nam\u0173 sektoriuje. <\/p>\n<p>Naujovi\u0161kame \u201eFronius Symo GEN24 10.0 Plus\u201c pirm\u0105 kart\u0105 u\u017etikrinamas pagrindinis avarinis maitinimo \u0161altinis. Tai rei\u0161kia, kad tur\u0117site atsargin\u012f variant\u0105 net ir tuo atveju, jei kartu ne\u012fsigysite akumuliatoriaus. Ta\u010diau tiems klientams, kurie jau turi akumuliatori\u0173, \u201eFronius Symo GEN24\u201c si\u016blo visavert\u012f atsargin\u012f sprendim\u0105 (i\u0161bandyt\u0105 ir patikrint\u0105), galint\u012f apr\u016bpinti vis\u0105 nam\u0173 \u016bk\u012f avariniu maitinimu.<\/p>\n<div class=\"video video-fit mb\" style=\"padding-top:56.25%;\"><p><iframe title=\"Spotlight: Fronius GEN24 Plus - uniquely versatile\" width=\"1020\" height=\"574\" src=\"https:\/\/www.youtube.com\/embed\/fQ3dTXs3Q2U?feature=oembed\" frameborder=\"0\" allow=\"accelerometer; autoplay; clipboard-write; encrypted-media; gyroscope; picture-in-picture; web-share\" referrerpolicy=\"strict-origin-when-cross-origin\" allowfullscreen><\/iframe><\/p>\n<\/div>\n<p>Tod\u0117l \u201eFronius GEN24 Plus\u201c hibridiniai keitikliai yra idealus sprendimas \u012fvairiems naudojimo atvejams ir klient\u0173 reikalavimams. Jis tinka tiems klientams, kurie jau nuo pirmos dienos turi akumuliatori\u0173. Sistema \u201eFronius Ohmpilot\u201c leid\u017eia naudoti fotovoltin\u0119 energij\u0105 kar\u0161tam vandeniui \u0161ildyti namuose. Taip pat galite pasirinkti integruoti PV sistem\u0105 \u012f nam\u0173 automatikos paket\u0105. Fronius GEN24 Plus yra universalus sprendimas ir visada bus tinkamas pasirinkimas &#8211; naujoms sistemoms, taip pat modernizuojant ir ple\u010diant esamos saul\u0117s energijos sistemos s\u0105rank\u0105.    <\/p>\n<p>Be to, \u201eFronius GEN24\u201c serijos keitiklius labai paprasta ir lengva \u012frengti, paleisti ir aptarnauti. Jis yra universalus, gali b\u016bti naudojamas bet kokio tipo sistemoje. Fronius GEN24 serijoje palaikomos jau patikrintos \u201eFronius\u201c technologijos, t. y. \u201eSuperFlex Design\u201c, kurios taip pat naudojamos \u201ePrimo GEN24 Plus\u201c ir \u201eSymo GEN24 Plus\u201c &#8211; \u012frenginiuose, kurie si\u016blo idealius kaupimo sprendimus vienfaz\u0117ms ir didel\u0117ms trifaz\u0117ms sistemoms.  <\/p>\n<p>Suderinami akumuliatoriai:<\/p>\n<p>BYD Battery-Box Premium HVS 5.1<br \/>\nBYD Battery-Box Premium HVS 7.7<br \/>\nBYD Battery-Box Premium HVS 10.2<br \/>\nBYD Battery-Box Premium HVM 11.0<br \/>\nBYD Battery-Box Premium HVM 13.8<br \/>\nBYD Battery-Box Premium HVM 16.6<br \/>\nBYD Battery-Box Premium HVM 19.3<br \/>\nBYD Battery-Box Premium HVM 22.1<\/p>\n<p><a href=\"https:\/\/chargingshop.eu\/wp-content\/uploads\/2022\/12\/Fronius_Symo_GEN24_Plus_Datasheet.pdf\">Fronius_Symo_GEN24_Plus_Dataheet<\/a><\/p>\n<h3><strong>Pagrindin\u0117s specifikacijos:<\/strong><\/h3>\n<p>Prijungimas prie tinklo (\u012ftampos diapazonas):3~NPE 400 V \/ 230 V arba 3~NPE 380 V \/ 220 V (+ 20 % \/ &#8211; 30 %)<\/p>\n<p>Aplinkos temperat\u016bra nuo 0 iki 50 laipsni\u0173 Celsijaus<\/p>\n<p>Maksimali \u012f\u0117jimo srov\u0117 (Idc max MPPT1 \/ MPPT2) 25 A \/ 12,5 A <\/p>\n<p>Da\u017eni\u0173 diapazonas 50 Hz \/ 60 Hz (45 Hz &#8211; 66 Hz)<\/p>\n<p>Galia 10 KW<\/p>\n<p>Nominali i\u0161\u0117jimo galia PV Point \/ pilna atsargin\u0117 kopija 3 000 VA \/ 10 000 VA <\/p>\n<p>IP \u012fvertinimas IP66<\/p>\n","protected":false},"excerpt":{"rendered":"<p>SUPER I\u0160PARDAVIMAS iki 2025 m. vasario 10 d. ARBA KAD J\u0172 I\u0160LIKS!<\/p>\n<p>BYD HVS 5.1 + Fronius Symo GEN24 10.0 Plus hibridinis inverteris<\/p>\n<p>\u012e RINKINUK\u0104 \u012eeina:<\/p>\n<p>1 x Fronius Symo GEN24 10.0 Plus hibridinis inverteris<\/p>\n<p>1 x BYD Premium HV BCU+baz\u0117<\/p>\n<p>1 x BYD Battery-Box Premium HVS (25Ah) &#8211; modulis<\/p>\n<p>1 x Fronius Smart Meter 63A-3<\/p>\n<p>&nbsp;<\/p>\n","protected":false},"featured_media":0,"comment_status":"open","ping_status":"closed","template":"","meta":[],"product_brand":[],"product_cat":[145],"product_tag":[],"class_list":{"0":"post-72276","1":"product","2":"type-product","3":"status-publish","5":"product_cat-saules-jegaines","6":"pa_brand-fronius-lt","8":"first","9":"instock","10":"taxable","11":"shipping-taxable","12":"purchasable","13":"product-type-simple"},"_links":{"self":[{"href":"https:\/\/chargingshop.eu\/lt\/wp-json\/wp\/v2\/product\/72276","targetHints":{"allow":["GET"]}}],"collection":[{"href":"https:\/\/chargingshop.eu\/lt\/wp-json\/wp\/v2\/product"}],"about":[{"href":"https:\/\/chargingshop.eu\/lt\/wp-json\/wp\/v2\/types\/product"}],"replies":[{"embeddable":true,"href":"https:\/\/chargingshop.eu\/lt\/wp-json\/wp\/v2\/comments?post=72276"}],"wp:attachment":[{"href":"https:\/\/chargingshop.eu\/lt\/wp-json\/wp\/v2\/media?parent=72276"}],"wp:term":[{"taxonomy":"product_brand","embeddable":true,"href":"https:\/\/chargingshop.eu\/lt\/wp-json\/wp\/v2\/product_brand?post=72276"},{"taxonomy":"product_cat","embeddable":true,"href":"https:\/\/chargingshop.eu\/lt\/wp-json\/wp\/v2\/product_cat?post=72276"},{"taxonomy":"product_tag","embeddable":true,"href":"https:\/\/chargingshop.eu\/lt\/wp-json\/wp\/v2\/product_tag?post=72276"}],"curies":[{"name":"wp","href":"https:\/\/api.w.org\/{rel}","templated":true}]}}