{"id":72265,"date":"2025-06-14T10:14:21","date_gmt":"2025-06-14T10:14:21","guid":{"rendered":"https:\/\/chargingshop.eu\/product\/h1029-a-etrel-inch-duo-atsargine-dalis-pagrindines-plokstes-pcba\/"},"modified":"2025-06-14T10:14:21","modified_gmt":"2025-06-14T10:14:21","slug":"h1029-a-etrel-inch-duo-atsargine-dalis-pagrindines-plokstes-pcba","status":"publish","type":"product","link":"https:\/\/chargingshop.eu\/lt\/produktas\/h1029-a-etrel-inch-duo-atsargine-dalis-pagrindines-plokstes-pcba\/","title":{"rendered":"H1029-A ETREL INCH DUO &#8211; Atsargin\u0117 dalis &#8211; Pagrindin\u0117s plok\u0161t\u0117s PCBA"},"content":{"rendered":"<div class=\"wpb_text_column wpb_content_element \">\n<div class=\"wpb_wrapper\">\n<div class=\"wpb_text_column wpb_content_element \">\n<div class=\"wpb_wrapper\">\n<div class=\"wpb_text_column wpb_content_element \">\n<div class=\"wpb_wrapper\">\n<div class=\"wpb_text_column wpb_content_element \">\n<div class=\"wpb_wrapper\">\n<p>H1029-A &#8211; ETREL INCH DUO &#8211; Atsargin\u0117 dalis &#8211; Pagrindin\u0117s plok\u0161t\u0117s PCBA &#8211; H1029-A<\/p>\n<\/div>\n<p>Galimi 3 vienetai<\/p>\n<\/div>\n<\/div>\n<\/div>\n<\/div>\n<\/div>\n<\/div>\n<\/div>\n","protected":false},"excerpt":{"rendered":"<p>Turima sand\u0117lyje &#8211; susisiekite su sales@chargingshop.eu, kad gautum\u0117te 0 % PVM kvit\u0105<\/p>\n<p>&nbsp;<\/p>\n<p>&nbsp;<\/p>\n<p>&nbsp;<\/p>\n","protected":false},"featured_media":0,"comment_status":"open","ping_status":"closed","template":"","meta":[],"product_brand":[],"product_cat":[142],"product_tag":[],"class_list":{"0":"post-72265","1":"product","2":"type-product","3":"status-publish","5":"product_cat-stacionarus-krovikliai-lt","6":"pa_brand-etrel-lt","8":"first","9":"instock","10":"taxable","11":"shipping-taxable","12":"purchasable","13":"product-type-simple"},"_links":{"self":[{"href":"https:\/\/chargingshop.eu\/lt\/wp-json\/wp\/v2\/product\/72265","targetHints":{"allow":["GET"]}}],"collection":[{"href":"https:\/\/chargingshop.eu\/lt\/wp-json\/wp\/v2\/product"}],"about":[{"href":"https:\/\/chargingshop.eu\/lt\/wp-json\/wp\/v2\/types\/product"}],"replies":[{"embeddable":true,"href":"https:\/\/chargingshop.eu\/lt\/wp-json\/wp\/v2\/comments?post=72265"}],"wp:attachment":[{"href":"https:\/\/chargingshop.eu\/lt\/wp-json\/wp\/v2\/media?parent=72265"}],"wp:term":[{"taxonomy":"product_brand","embeddable":true,"href":"https:\/\/chargingshop.eu\/lt\/wp-json\/wp\/v2\/product_brand?post=72265"},{"taxonomy":"product_cat","embeddable":true,"href":"https:\/\/chargingshop.eu\/lt\/wp-json\/wp\/v2\/product_cat?post=72265"},{"taxonomy":"product_tag","embeddable":true,"href":"https:\/\/chargingshop.eu\/lt\/wp-json\/wp\/v2\/product_tag?post=72265"}],"curies":[{"name":"wp","href":"https:\/\/api.w.org\/{rel}","templated":true}]}}