{"id":72256,"date":"2025-06-14T10:14:00","date_gmt":"2025-06-14T10:14:00","guid":{"rendered":"https:\/\/chargingshop.eu\/product\/v2c-trydan-22kw-pro-rfid-4g-sim-kortele-ekranas-2-tipo-spring-kabelis-juoda\/"},"modified":"2025-06-14T10:14:02","modified_gmt":"2025-06-14T10:14:02","slug":"v2c-trydan-22kw-pro-rfid-4g-sim-kortele-ekranas-2-tipo-spring-kabelis-juoda","status":"publish","type":"product","link":"https:\/\/chargingshop.eu\/lt\/produktas\/v2c-trydan-22kw-pro-rfid-4g-sim-kortele-ekranas-2-tipo-spring-kabelis-juoda\/","title":{"rendered":"V2C Trydan 22kW PRO &#8211; RFID, 4G SIM kortel\u0117, ekranas, 2 tipo SPRING kabelis, juoda"},"content":{"rendered":"<div class=\"elementor-element elementor-element-6d87fa2 elementor-widget elementor-widget-heading\" data-id=\"6d87fa2\" data-element_type=\"widget\" data-widget_type=\"heading.default\">\n<div class=\"elementor-widget-container\">\n<p>V2C Trydan 22kW PRO su SPRING CABLE &#8211; naujovi\u0161kas ir pa\u017eangus \u012fkrovimas darbe, namuose, maksimalus naudotojo ir \u012fkrovimo valdymas naudojant program\u0117l\u0119 arba internetin\u012f prietais\u0173 skydel\u012f.<br \/>\nPridedama 4G SIM kortel\u0117 nepertraukiamam ry\u0161iui!<br \/>\nRFID &#8211; standartas naudotojo prieigos valdymui!<\/p>\n<h4 class=\"elementor-heading-title elementor-size-default\">Trydan yra sinonimas \u017eod\u017eiui <b><i>Tri &#8211; <\/i>ry\u0161ys<\/b><\/h4>\n<\/div>\n<\/div>\n<div class=\"elementor-element elementor-element-3efa5b8a elementor-position-left elementor-view-default elementor-vertical-align-top elementor-widget elementor-widget-icon-box\" data-id=\"3efa5b8a\" data-element_type=\"widget\" data-widget_type=\"icon-box.default\">\n<div class=\"elementor-widget-container\">\n<div class=\"elementor-icon-box-wrapper\">\n<div class=\"elementor-icon-box-content\">\n<h4 class=\"elementor-icon-box-title\"><em>Prisijunkite prie telefono.<\/em><\/h4>\n<p>Naudokit\u0117s visais \u201eV2C Cloud\u201c program\u0117l\u0117s privalumais prisijungdami per \u201eWiFi\u201c arba \u201eBluetooth\u201c: kontroliuokite \u012fkrovim\u0105, tikrinkite statistik\u0105 ir sudarykite tvarkara\u0161t\u012f pagal savo poreikius.<\/p>\n<\/div>\n<\/div>\n<\/div>\n<\/div>\n<div class=\"elementor-element elementor-element-5f394a06 elementor-position-left elementor-view-default elementor-vertical-align-top elementor-widget elementor-widget-icon-box\" data-id=\"5f394a06\" data-element_type=\"widget\" data-widget_type=\"icon-box.default\">\n<div class=\"elementor-widget-container\">\n<div class=\"elementor-icon-box-wrapper\">\n<h4 class=\"elementor-icon-box-title\"><em>Prisijunkite prie \u201eAlexa\u201c.<\/em><\/h4>\n<p class=\"elementor-icon-box-title\">\u012esivaizduokite, kad sakote \u201eAlexa, prad\u0117k krauti mano elektromobil\u012f\u201c. Su \u201eTrydan\u201c tai &#8211; realyb\u0117. J\u016bs\u0173 balsas pateikia nurodymus, o \u201eAlexa\u201c juos \u012fvykdo.  <\/p>\n<\/div>\n<\/div>\n<\/div>\n<div class=\"elementor-element elementor-element-49f5b55a elementor-position-left elementor-view-default elementor-vertical-align-top elementor-widget elementor-widget-icon-box\" data-id=\"49f5b55a\" data-element_type=\"widget\" data-widget_type=\"icon-box.default\">\n<div class=\"elementor-widget-container\">\n<div class=\"elementor-icon-box-wrapper\">\n<h4 class=\"elementor-icon-box-title\"><strong><em>Prijunkite prie saul\u0117s inverterio ir \u012fkraukite saul\u0117s generuojam\u0105 energij\u0105 \u012f savo elektromobil\u012f<\/em><\/strong><\/h4>\n<div class=\"elementor-icon-box-content\">\n<p class=\"elementor-icon-box-description\">\u201eTrydan\u201c turi pa\u010di\u0105 i\u0161samiausi\u0105 fotovoltin\u0117s integracijos sistem\u0105, leid\u017eian\u010di\u0105 \u012fkrauti energij\u0105 tiesiogiai i\u0161 saul\u0117s elektrin\u0117s.  <span style=\"font-size: 14.4px;\">Saul\u0117s EV \u012fkroviklis veikia taip, kad gal\u0117tum\u0117te naudoti perteklin\u0119 saul\u0117s energij\u0105 ir tiesiogiai \u012fkrauti savo EV. Tai rei\u0161kia, kad j\u016bs\u0173 elektromobil\u012f maitina NEMOKAMA energija! <\/span><\/p>\n<p>  Saul\u0117s EV \u012fkrovikl\u012f paprasta \u012frengti ir naudoti, tod\u0117l padid\u0117ja investicij\u0173 gr\u0105\u017ea (ROI) \u012f j\u016bs\u0173 skydelius ir elektromobil\u012f. Ta\u010diau nesijaudinkite, jei neturite saul\u0117s kolektori\u0173, nes EV \u012fkroviklis vis tiek veiks kaip \u012fprastas \u012fkroviklis, naudojantis tinklo energij\u0105. <\/p>\n<p>* \u201eTrydan\u201c suderinamas su visais saul\u0117s energijos keitikliais. Belaid\u017eiu ry\u0161iu jis u\u017emezga tiesiogin\u012f ry\u0161\u012f su \u201e<strong>GoodWe\u201c<\/strong>, \u201e<strong>Fronius\u201c<\/strong>, \u201e<strong>Huawei\u201c<\/strong>, \u201e<strong>Ingeteam\u201c<\/strong>, \u201e<strong>Kostal\u201c<\/strong>, \u201e<strong> SolarEdge\u201c<\/strong>, \u201e<strong> SolaX\u201c<\/strong>, \u201e<strong>Victron\u201c<\/strong> ir \u201e<strong>Shelly\u201c <\/strong>bei \u201e<strong> Wibeee\u201c<\/strong> skaitikliais. <\/p>\n<\/div>\n<\/div>\n<\/div>\n<\/div>\n<p>&nbsp;<\/p>\n<div class=\"video video-fit mb\" style=\"padding-top:56.25%;\"><p><iframe title=\"Trydan Pro - The perfect evolution\" width=\"1020\" height=\"574\" src=\"https:\/\/www.youtube.com\/embed\/TSnKat2HRcU?feature=oembed\" frameborder=\"0\" allow=\"accelerometer; autoplay; clipboard-write; encrypted-media; gyroscope; picture-in-picture; web-share\" referrerpolicy=\"strict-origin-when-cross-origin\" allowfullscreen><\/iframe><\/p>\n<\/div>\n<p>&nbsp;<\/p>\n<h3><strong><em>Pagrindin\u0117s funkcijos<\/em><\/strong><\/h3>\n<p class=\"elementor-icon-box-title\">Dinaminis apkrovos valdymas &#8211; jis realiuoju laiku nustato bendr\u0105 suvartojamos energijos kiek\u012f ir reguliuoja \u012fkrov\u0105, kad b\u016bt\u0173 i\u0161vengta perkrovos.<\/p>\n<p class=\"elementor-icon-box-title\">Integracija su \u201eHome Assistant\u201c &#8211; i\u0161skirtin\u0117 \u012fkrovimo patirtis d\u0117l suderinamumo su nam\u0173 automatikos sistemomis.<\/p>\n<p class=\"elementor-icon-box-title\"><strong>Neribotas ry\u0161ys<\/strong> &#8211; \u201eTrydan\u201c yra vienintelis el. \u012fkroviklis, kur\u012f galima visi\u0161kai valdyti per \u201eTelegram\u201c program\u0117l\u0119 d\u0117l \u201eV2C Bot\u201c. Palaiko ry\u0161\u012f per <strong>OCPP<\/strong>. Trydan taip pat apima <strong>OPEN API<\/strong> programuotojams.  <\/p>\n<h3>&#8220;V2C Cloud<\/h3>\n<p>\u012ekrovimo patirtis pakyl\u0117ta iki auk\u0161\u010diausio lygio.<\/p>\n<p>U\u017eprogramuokite apkrov\u0105 pasirinktu laiko tarpu, kad maksimaliai sutaupytum\u0117te.<\/p>\n<p>\u012ejungti arba i\u0161jungti \u012fkrovim\u0105, pasirinkti jo intensyvum\u0105, u\u017eblokuoti \u012fkroviklio naudojim\u0105 ir per\u017ei\u016br\u0117ti visus statistinius duomenis i\u0161 \u201eV2C Cloud\u201c.<\/p>\n<h3><strong>Specifikacijos &#8211; modelis TRY32-3-L5-M<\/strong><\/h3>\n<ul>\n<li>Montavimo vieta viduje ir lauke<\/li>\n<li>I\u0161\u0117jimo galia: 22 kW (3ph)<\/li>\n<li>Nominali maitinimo \u012ftampa: 230 V kintamosios srov\u0117s vienfaz\u0117 arba 400 V kintamosios srov\u0117s trifaz\u0117 (+\/- 10 %)<\/li>\n<li>Maitinimo da\u017enis: 50\/60 Hz<\/li>\n<li>Spalva: juoda<\/li>\n<li>2 tipo i\u0161vesties kabelis, 5 m<\/li>\n<li>Vardin\u0117 srov\u0117: ne daugiau kaip 32 A<\/li>\n<li>LED su grafiniu ekranu<\/li>\n<li>Energijos suvartojimas bud\u0117jimo re\u017eimu: 3W<\/li>\n<li>Darbin\u0117 temperat\u016bra: nuo -25 \u00b0C iki +50 \u00b0C<\/li>\n<li>RFID naudotojo prieigos kontrolei<\/li>\n<\/ul>\n<p>&nbsp;<\/p>\n<p>&nbsp;<\/p>\n","protected":false},"excerpt":{"rendered":"<p>Naujasis \u201eV2C Trydan PRO\u201c jau \u010dia!<\/p>\n<p>Pridedama 4G SIM kortel\u0117, kad ry\u0161ys b\u016bt\u0173 nenutr\u016bkstamas!<br \/>\nRFID &#8211; naudotoj\u0173 prieigos valdymo standartas!<\/p>\n<p>Novatori\u0161kas ir pa\u017eangus \u012fkrovimas namuose, eleganti\u0161kas ir funkcionalus dizainas.<\/p>\n<p>Vienas i\u0161 i\u0161maniausi\u0173 elektromobili\u0173 \u012fkrovikli\u0173 rinkoje, pasi\u017eymintis puikiu dizainu ir daugybe funkcij\u0173<\/p>\n<ul>\n<li>Galimyb\u0117 \u012fkrauti saul\u0117s energij\u0105 \u012f j\u016bs\u0173 elektromobil\u012f, kai ji pakankamai tiekiama per keitikl\u012f.<\/li>\n<li>Dinaminis galios balansavimas &#8211; 3 CT spaustuvai!<\/li>\n<li>I\u0161manusis &#8211; galima valdyti naudojant program\u0117l\u0119<\/li>\n<li>Turi ekran\u0105<\/li>\n<li>galima valdyti balso komandomis per \u201eAlexa\u201c!<\/li>\n<li>RFID naudotojo prieigos kontrolei<\/li>\n<\/ul>\n","protected":false},"featured_media":0,"comment_status":"open","ping_status":"closed","template":"","meta":[],"product_brand":[],"product_cat":[138,987],"product_tag":[1438],"class_list":{"0":"post-72256","1":"product","2":"type-product","3":"status-publish","5":"product_cat-wallbox-ikrovimo-stoteles-lt","6":"product_cat-sale-offers-discounts","7":"product_tag-v2c-trydan-pro-lt","8":"pa_brand-v2c-lt","10":"first","11":"instock","12":"sale","13":"taxable","14":"shipping-taxable","15":"purchasable","16":"product-type-simple"},"_links":{"self":[{"href":"https:\/\/chargingshop.eu\/lt\/wp-json\/wp\/v2\/product\/72256","targetHints":{"allow":["GET"]}}],"collection":[{"href":"https:\/\/chargingshop.eu\/lt\/wp-json\/wp\/v2\/product"}],"about":[{"href":"https:\/\/chargingshop.eu\/lt\/wp-json\/wp\/v2\/types\/product"}],"replies":[{"embeddable":true,"href":"https:\/\/chargingshop.eu\/lt\/wp-json\/wp\/v2\/comments?post=72256"}],"wp:attachment":[{"href":"https:\/\/chargingshop.eu\/lt\/wp-json\/wp\/v2\/media?parent=72256"}],"wp:term":[{"taxonomy":"product_brand","embeddable":true,"href":"https:\/\/chargingshop.eu\/lt\/wp-json\/wp\/v2\/product_brand?post=72256"},{"taxonomy":"product_cat","embeddable":true,"href":"https:\/\/chargingshop.eu\/lt\/wp-json\/wp\/v2\/product_cat?post=72256"},{"taxonomy":"product_tag","embeddable":true,"href":"https:\/\/chargingshop.eu\/lt\/wp-json\/wp\/v2\/product_tag?post=72256"}],"curies":[{"name":"wp","href":"https:\/\/api.w.org\/{rel}","templated":true}]}}