{"id":72244,"date":"2025-06-14T10:13:48","date_gmt":"2025-06-14T10:13:48","guid":{"rendered":"https:\/\/chargingshop.eu\/product\/abb-smartmeter-d13-15-m-65-modbus\/"},"modified":"2025-06-14T10:13:48","modified_gmt":"2025-06-14T10:13:48","slug":"abb-smartmeter-d13-15-m-65-modbus","status":"publish","type":"product","link":"https:\/\/chargingshop.eu\/lt\/produktas\/abb-smartmeter-d13-15-m-65-modbus\/","title":{"rendered":"ABB SmartMeter D13 15-M 65 Modbus"},"content":{"rendered":"<p>D13 15-M 65 Modbus yra trifazis energijos skaitiklis su Modbus RTU, tiesioginis prijungimas iki 65 A, keturi\u0173 kvadrant\u0173 matavimas, B klas\u0117s tikslumas aktyviajai energijai pagal MID direktyv\u0105 ir 2 klas\u0117s tikslumas reaktyviajai energijai pagal IEC 62053-23, viena skaitmenin\u0117 \u012fvestis ir viena skaitmenin\u0117 i\u0161vestis, tik trij\u0173 DIN moduli\u0173 plo\u010dio, korpusas i\u0161 perdirbto plastiko.<\/p>\n","protected":false},"excerpt":{"rendered":"<p>ABB SmartMeter D13 15-M 65 Modbus &#8211; tai trifazis energijos skaitiklis su Modbus RTU, tiesioginis prijungimas iki 65 A. Suderinamas su visais ABB AC Terra modeliais.<\/p>\n","protected":false},"featured_media":0,"comment_status":"closed","ping_status":"closed","template":"","meta":[],"product_brand":[],"product_cat":[254,138],"product_tag":[],"class_list":{"0":"post-72244","1":"product","2":"type-product","3":"status-publish","5":"product_cat-krovimo-kabelis","6":"product_cat-wallbox-ikrovimo-stoteles-lt","8":"first","9":"instock","10":"sale","11":"taxable","12":"shipping-taxable","13":"purchasable","14":"product-type-simple"},"_links":{"self":[{"href":"https:\/\/chargingshop.eu\/lt\/wp-json\/wp\/v2\/product\/72244","targetHints":{"allow":["GET"]}}],"collection":[{"href":"https:\/\/chargingshop.eu\/lt\/wp-json\/wp\/v2\/product"}],"about":[{"href":"https:\/\/chargingshop.eu\/lt\/wp-json\/wp\/v2\/types\/product"}],"replies":[{"embeddable":true,"href":"https:\/\/chargingshop.eu\/lt\/wp-json\/wp\/v2\/comments?post=72244"}],"wp:attachment":[{"href":"https:\/\/chargingshop.eu\/lt\/wp-json\/wp\/v2\/media?parent=72244"}],"wp:term":[{"taxonomy":"product_brand","embeddable":true,"href":"https:\/\/chargingshop.eu\/lt\/wp-json\/wp\/v2\/product_brand?post=72244"},{"taxonomy":"product_cat","embeddable":true,"href":"https:\/\/chargingshop.eu\/lt\/wp-json\/wp\/v2\/product_cat?post=72244"},{"taxonomy":"product_tag","embeddable":true,"href":"https:\/\/chargingshop.eu\/lt\/wp-json\/wp\/v2\/product_tag?post=72244"}],"curies":[{"name":"wp","href":"https:\/\/api.w.org\/{rel}","templated":true}]}}