{"id":669,"date":"2019-12-20T12:35:38","date_gmt":"2019-12-20T12:35:38","guid":{"rendered":"https:\/\/chargingshop.eu\/product\/elinta-citycharge-mini2-lt\/"},"modified":"2020-05-05T14:39:14","modified_gmt":"2020-05-05T14:39:14","slug":"elinta-citycharge-mini2-lt","status":"publish","type":"product","link":"https:\/\/chargingshop.eu\/lt\/produktas\/elinta-citycharge-mini2-lt\/","title":{"rendered":"ELINTA CHARGE CITYCHARGE MINI2 &#8211; 2\u00d722 kW, 3G, LAN, Wifi, RFID"},"content":{"rendered":"<p><strong>ELINTA CHARGE <\/strong>CityCharge Mini2 savyb\u0117s:<\/p>\n<div>\n<ul>\n<li>Tvirtas aluminio korpusas<\/li>\n<li>RFID autorizacija<\/li>\n<li>OCPP komunikacijos palaikymas (per 3G) &#8211; veikia kartu su CHRG Network stotel\u0117s valdymo sistema<\/li>\n<li>\u0160viesus LED ekranas<\/li>\n<li>Profesionalus dizainas<\/li>\n<li>Iki 2&#215;22 kW galia<\/li>\n<li>Integruotas energijos skaitiklis<\/li>\n<li>Paprastas instaliavimas<\/li>\n<\/ul>\n<\/div>\n<div>ELINTA CHARGE CityCharge Mini2 suprojektuotas b\u016bti paprastu ir ekonomi\u0161ku sprendimu pusiasu greitam iki 2&#215;22 kW elektromobili\u0173 krovimui. Jis gali b\u016bti naudojamas gara\u017euose, parkinge ir kitose priva\u010diose erdv\u0117se. Su integruota vir\u0161\u012ftampos ir srov\u0117s nuotekio apsauga ji gali b\u016bti instaliuota, kaip savistoviai veikiantis \u012frenginys.<\/div>\n","protected":false},"excerpt":{"rendered":"<p>ELINTA CHARGE CityCharge Mini2 suprojektuotas tiek priva\u010diam naudojimui namie, tiek vie\u0161am elektromobili\u0173 krovimui \u0161alia ofis\u0173 prekybos centr\u0173 ir t.t. Stotel\u0117s komponentai tik auks\u010diausios kokyb\u0117s, u\u017etikrinantys ilg\u0105 veikim\u0105 ir patikimum\u0105.\u00a0 CityCharge Mini2 elektromobili\u0173 krovimo stotel\u0117 yr klasifikuojama kaip pusiau greito krovimo Mode 3 stotel\u0117 su galimybe pateikti iki 44 kW galios naudojant dvi Type 2 krovimo jungtis.<\/p>\n<a href=\"https:\/\/chargingshop.eu\/elements\/pages\/contact\/\" class=\"button primary is-primary is-medium\"  >\n    <span>Get a quote<\/span>\n  <\/a>\n\n<p>&nbsp;<\/p>\n<div><\/div>\n","protected":false},"featured_media":670,"comment_status":"open","ping_status":"closed","template":"","meta":[],"product_brand":[],"product_cat":[142,138,98],"product_tag":[],"class_list":{"0":"post-669","1":"product","2":"type-product","3":"status-publish","4":"has-post-thumbnail","6":"product_cat-stacionarus-krovikliai-lt","7":"product_cat-wallbox-ikrovimo-stoteles-lt","8":"product_cat-post-chargers","9":"pa_brand-elinta-charge-lt","11":"first","12":"instock","13":"taxable","14":"shipping-taxable","15":"purchasable","16":"product-type-simple"},"_links":{"self":[{"href":"https:\/\/chargingshop.eu\/lt\/wp-json\/wp\/v2\/product\/669","targetHints":{"allow":["GET"]}}],"collection":[{"href":"https:\/\/chargingshop.eu\/lt\/wp-json\/wp\/v2\/product"}],"about":[{"href":"https:\/\/chargingshop.eu\/lt\/wp-json\/wp\/v2\/types\/product"}],"replies":[{"embeddable":true,"href":"https:\/\/chargingshop.eu\/lt\/wp-json\/wp\/v2\/comments?post=669"}],"wp:featuredmedia":[{"embeddable":true,"href":"https:\/\/chargingshop.eu\/lt\/wp-json\/wp\/v2\/media\/670"}],"wp:attachment":[{"href":"https:\/\/chargingshop.eu\/lt\/wp-json\/wp\/v2\/media?parent=669"}],"wp:term":[{"taxonomy":"product_brand","embeddable":true,"href":"https:\/\/chargingshop.eu\/lt\/wp-json\/wp\/v2\/product_brand?post=669"},{"taxonomy":"product_cat","embeddable":true,"href":"https:\/\/chargingshop.eu\/lt\/wp-json\/wp\/v2\/product_cat?post=669"},{"taxonomy":"product_tag","embeddable":true,"href":"https:\/\/chargingshop.eu\/lt\/wp-json\/wp\/v2\/product_tag?post=669"}],"curies":[{"name":"wp","href":"https:\/\/api.w.org\/{rel}","templated":true}]}}