{"id":6403,"date":"2022-01-23T13:21:09","date_gmt":"2022-01-23T13:21:09","guid":{"rendered":"https:\/\/chargingshop.eu\/product\/huawei-sun2000-8kw-8ktl-saules-energijos-keitiklis\/"},"modified":"2022-08-09T18:06:48","modified_gmt":"2022-08-09T18:06:48","slug":"huawei-sun2000-8kw-8ktl-saules-energijos-keitiklis","status":"publish","type":"product","link":"https:\/\/chargingshop.eu\/lt\/produktas\/huawei-sun2000-8kw-8ktl-saules-energijos-keitiklis\/","title":{"rendered":"Huawei SUN2000 8kW (8KTL) \u2013 saul\u0117s energijos keitiklis"},"content":{"rendered":"<p><strong>Huawei SUN2000-8KTL-M0 8kW<\/strong> tinklo jungties keitiklis paruo\u0161tas montuoti namuose, kurie maitinami trifaze srove. \u0160is keitiklis yra tarpinis modelis naujame gyvenam\u0173j\u0173 nam\u0173 tinklo ry\u0161io diapazone. Saul\u0117s skydelyje yra nuolatin\u0117s srov\u0117s izoliacijos aptikimo ir liekamojo intensyvumo steb\u0117jimo blokas. Veiksmingiausioms saul\u0117s energijos sistemoms, naudojan\u010dioms m\u016bs\u0173 prietaisus, reikalingas auk\u0161tos kokyb\u0117s keitiklis su tvirta konvekcinio au\u0161inimo sistema. <strong>SUN2000-8KTL-M0 8kW keitiklis <\/strong>paruo\u0161tas dirbti trifazio tinklo prijungimo \u012frenginiuose. Jis paruo\u0161tas taip, kad b\u016bt\u0173 galima padidinti baterij\u0173 savaiminio suvartojimo laipsn\u012f.<\/p>\n<h2>Huawei SUN2000-8KTL-M0 funkcijos:<\/h2>\n<p><span data-spm-anchor-id=\"a2g0o.detail.1000023.i1.76d84c51JufCUg\">Huawei SUN2000-8KTL-M0 8kW keitiklis turi 2 MPPT, leid\u017eian\u010dius montuoti plok\u0161tes \u012f dvi form\u0173 grupes, kuri\u0173 kiekviena grup\u0117s gali b\u016bti montuojamos su skirtingu nuolyd\u017eiu, orientacija ar skirtingomis elektrin\u0117mis charakteristikomis. <b>Inverteris SUN20008KTL<\/b> padidina <a href=\"https:\/\/chargingshop.eu\/lt\/produkto-kategorija\/saules-jegaines\/\"><strong>saul\u0117s kolektori\u0173<\/strong><\/a> efektyvum\u0105 kad namams visada b\u016bt\u0173 pasi\u016blyta maksimali iki 99 % energijos.<\/span> Naujausias \u201eHuawei\u201c 8 kW saul\u0117s energijos keitiklis yra labai vertinamas rinkoje d\u0117l \u0161i\u0173 specifikacij\u0173, tod\u0117l verta investuoti. <strong>Specifikacijos:<\/strong><\/p>\n<ul>\n<li>Aktyvi vardin\u0117 kintamosios srov\u0117s galia 8 000 W Maks.<\/li>\n<li>Tarsiamoji kintamosios srov\u0117s galia 8 800 VA<\/li>\n<li>Did\u017eiausia \u012fvesties \u012ftampa (Vmax) 1 100 V<\/li>\n<li>Maksimalus MPPT 11A intensyvumas<\/li>\n<li>Maks. trumpojo jungimo intensyvumas vienam MPPT 15A<\/li>\n<li>Minimali \u012fvesties \u012ftampa 200 V<\/li>\n<li>\u012etampos diapazonas MPP 380\u2013850 V<\/li>\n<li>Maksimalaus potencialo nominali \u012ftampa 600 V Maks.<\/li>\n<\/ul>\n<h4><strong>Efektyvumas:<\/strong><\/h4>\n<ul>\n<li><strong>Maksimalus keitiklio efektyvumas:<\/strong> 98,6 %<\/li>\n<li><strong>Europos svertinis efektyvumas:<\/strong> 98,0 %<\/li>\n<\/ul>\n<h4><strong>\u012evestis:<\/strong><\/h4>\n<ul>\n<li><strong>Did\u017eiausia \u012fvesties \u012ftampa:<\/strong> 1 100 V<\/li>\n<li><strong>Ma\u017eoji \u012fvesties \u012ftampa:<\/strong> 200 V<\/li>\n<li><strong>MpPT \u012ftampos diapazonas:<\/strong> 140 V\u2013980 V<\/li>\n<li><strong>Nominali skydelio \u012fvesties \u012ftampa:<\/strong> 600 V<\/li>\n<li><strong>Did\u017eiausia \u012fvesties srov\u0117 vienam MPPT:<\/strong> 11A<\/li>\n<li><strong>Did\u017eiausias intensyvumas:<\/strong> 15A<\/li>\n<li><strong>MPPT numeris:<\/strong> 2<\/li>\n<li><strong>MPPT \u012fvestys:<\/strong> 1<\/li>\n<\/ul>\n<h4><strong>I\u0161vestis:<\/strong><\/h4>\n<ul>\n<li>Trifazis kintamasis i\u0161\u0117jimas<\/li>\n<li>Nominali i\u0161\u0117jimo galia: 8kW \u2013 8,8kVA<\/li>\n<li>I\u0161\u0117jimo \u012ftampa: 220\/380V, 230\/400V, 3W+N+PE<\/li>\n<li>Nominalus tinklo da\u017enis: 50 Hz \/ 60 Hz<\/li>\n<li>Did\u017eiausia i\u0161\u0117jimo srov\u0117 13,5 A<\/li>\n<\/ul>\n","protected":false},"excerpt":{"rendered":"<p>Huawei SUN2000-8KTL-M0\u201c yra saugus, patikimas ir efektyvus. \u0160is saul\u0117s energijos i\u0161rad\u0117jas \u017eada vien\u0105 geriausi\u0173 saul\u0117s patirties.<\/p>\n<ul>\n<li>Didelio efektyvumo keitiklio topologija<\/li>\n<li>Integruota akumuliatoriaus s\u0105saja<\/li>\n<li>AI pagr\u012fstas lanko aptikimo AFCI<\/li>\n<li>\u012etaisyta akumuliatoriaus s\u0105saja<\/li>\n<li>Greitas diegimas<\/li>\n<li>WLAN raktas keitiklio pakuot\u0117je<\/li>\n<\/ul>\n","protected":false},"featured_media":6046,"comment_status":"open","ping_status":"closed","template":"","meta":[],"product_brand":[],"product_cat":[145],"product_tag":[],"class_list":{"0":"post-6403","1":"product","2":"type-product","3":"status-publish","4":"has-post-thumbnail","6":"product_cat-saules-jegaines","7":"pa_brand-huawei-lt","9":"first","10":"instock","11":"taxable","12":"shipping-taxable","13":"purchasable","14":"product-type-simple"},"_links":{"self":[{"href":"https:\/\/chargingshop.eu\/lt\/wp-json\/wp\/v2\/product\/6403","targetHints":{"allow":["GET"]}}],"collection":[{"href":"https:\/\/chargingshop.eu\/lt\/wp-json\/wp\/v2\/product"}],"about":[{"href":"https:\/\/chargingshop.eu\/lt\/wp-json\/wp\/v2\/types\/product"}],"replies":[{"embeddable":true,"href":"https:\/\/chargingshop.eu\/lt\/wp-json\/wp\/v2\/comments?post=6403"}],"wp:featuredmedia":[{"embeddable":true,"href":"https:\/\/chargingshop.eu\/lt\/wp-json\/wp\/v2\/media\/6046"}],"wp:attachment":[{"href":"https:\/\/chargingshop.eu\/lt\/wp-json\/wp\/v2\/media?parent=6403"}],"wp:term":[{"taxonomy":"product_brand","embeddable":true,"href":"https:\/\/chargingshop.eu\/lt\/wp-json\/wp\/v2\/product_brand?post=6403"},{"taxonomy":"product_cat","embeddable":true,"href":"https:\/\/chargingshop.eu\/lt\/wp-json\/wp\/v2\/product_cat?post=6403"},{"taxonomy":"product_tag","embeddable":true,"href":"https:\/\/chargingshop.eu\/lt\/wp-json\/wp\/v2\/product_tag?post=6403"}],"curies":[{"name":"wp","href":"https:\/\/api.w.org\/{rel}","templated":true}]}}