{"id":618,"date":"2019-12-31T10:41:51","date_gmt":"2019-12-31T10:41:51","guid":{"rendered":"https:\/\/chargingshop.eu\/product\/chrg-network-stoteles-valdymo-sistema\/"},"modified":"2021-03-14T18:22:57","modified_gmt":"2021-03-14T18:22:57","slug":"chrg-network-stoteles-valdymo-sistema","status":"publish","type":"product","link":"https:\/\/chargingshop.eu\/lt\/produktas\/chrg-network-stoteles-valdymo-sistema\/","title":{"rendered":"CHRG Network stotel\u0117s valdymo sistema"},"content":{"rendered":"<div class=\"bluefoot-row bluefoot-structural mediawave-flexgrid\">\n<div class=\"bluefoot-column bluefoot-structural bluefoot-column-6\">\n<h3 class=\"bluefoot-entity bluefoot-entity\">Valdymas ir vizualizacija<\/h3>\n<div class=\"bluefoot-entity bluefoot-textarea bluefoot-entity\">\n<p>CHRG Networkstotel\u0117s valdytojo Web prieiga leid\u017eia matyti visas krovimo sesijas. J\u016bs galite matyti kada, kaip ilgai, ir kiek elektros J\u016bs pateikiate klientams, arba kiek sunaudojote patys.<\/p>\n<p>&nbsp;<\/p>\n<h3>Valdykite stoteles ir savo klient\u0173 duomenis ir prieig\u0105<\/h3>\n<\/div>\n<\/div>\n<div class=\"bluefoot-column bluefoot-structural bluefoot-column-6\">\n<div class=\"bluefoot-entity bluefoot-textarea bluefoot-entity\">\n<p>Stotel\u0117s valdytojo WebAplikacija leid\u017eia lengvai ir patogiai nustatyti kada stotel\u0117 bus prieinama klientams. Taip pat J\u016bs\u0173 klientai gal\u0117s patys u\u017esiregistruoti ir prad\u0117ti naudotis krovimosi paslauga. Sutaupys Jums laiko ir pinig\u0173.<\/p>\n<\/div>\n<\/div>\n<\/div>\n<div class=\"bluefoot-row bluefoot-structural mediawave-flexgrid\">\n<div class=\"bluefoot-column bluefoot-structural bluefoot-column-6\">\n<h3 class=\"bluefoot-entity bluefoot-entity\">Eksportuokite krovimosi sesij\u0173 duomenis<\/h3>\n<div class=\"bluefoot-entity bluefoot-textarea bluefoot-entity\">\n<p>Su CHRG Network<sup>\u00a0<\/sup>WebAlikacija J\u016bs galite matyti visas krovimosi sesijas, kurios \u012fvyko j\u016bs\u0173 stotel\u0117se. Taip pat galite fitruoti \/ rikiuoti duomenis pagal krovimosi sesijos ilgum\u0105, vartotojus, sumok\u0117t\u0105 sum\u0105 ir t.t. Visa krovimosi sesij\u0173 informacija gali b\u016bti eksportuota \u00a0Excel formatu, kas yra labai patogu kuriant ataskaitas ir kitus dokumentus.<\/p>\n<h3>Nuotolinis valdymas<\/h3>\n<p>Stotelei nustojus veikti, stotel\u0117s valdytojas CHRG Network panel\u0117je turi galimyb\u0119 nuotoliniu b\u016bdu restartuoti. Tokiu b\u016bdu galima i\u0161pr\u0119sti iki 95% smulki\u0173 gedimo atveju. Jums nereiks fizi\u0161kai va\u017eiuoti prie stotel\u0117s ir tod\u0117l sutaupysite ir laiko ir pinig\u0173.\u00a0 Tai rei\u0161kia kad Jums neb\u016btina samdyti u\u017e technik\u0105atsakingo darbuotojo tam kad teikti kokybi\u0161k\u0105 paslaug\u0105 savo klientams. Visa tai galite daryti nuotoliniu b\u016bdu, tiesiog savo kompiuterio ar telefono ekrane.<\/p>\n<\/div>\n<\/div>\n<\/div>\n<div class=\"bluefoot-row bluefoot-structural mediawave-flexgrid\">\n<div class=\"bluefoot-column bluefoot-structural bluefoot-column-6\">\n<h3 class=\"bluefoot-entity bluefoot-entity\">Interneto ry\u0161ys ir OCPP<\/h3>\n<div class=\"bluefoot-entity bluefoot-textarea bluefoot-entity\">\n<p>Tam kad stoteles gal\u0117tum\u0117te prijungti prie CHRG Network Web Aplikacijos, J\u016bs\u0173 stotelei reikia prijungti prie interneto\u00a0 \u00a0<strong>per ethernet kabel\u012f <\/strong>arba<strong> mobilaus signalo (priklausomai nuo stotel\u0117s modelio).<\/strong> Aplikacija komunikuoja <strong>su krovimo stotele <\/strong>per<strong>\u00a0Open Charge Point Protocol\u00a0<\/strong>(OCPP). Tai universalus protokolas komunikacijai tarp krovimo stotel\u0117s ir backend systemos.<\/p>\n<\/div>\n<\/div>\n<\/div>\n<div class=\"bluefoot-row bluefoot-structural mediawave-flexgrid\">\n<div class=\"bluefoot-column bluefoot-structural bluefoot-column-6\">\n<h3 class=\"bluefoot-entity bluefoot-entity\">Krovimosi progresas gali b\u016bti matomas vis\u0105 par\u0105 gyvai<\/h3>\n<div class=\"bluefoot-entity bluefoot-textarea bluefoot-entity\">\n<p>Su CHRG Network&#8217;s stotel\u0117s valdytojo prieiga, Jums \u012fra\u0161omi visi krovimo sesij\u0173 duomenys, ir J\u016bs juos galite pasiekti per kompiuter\u012f, plan\u0161et\u0119 ar telefon\u0105 bet kuriuo metu. Duomen\u0173 sekos gali b\u016bti eksportuojamos lengvai, pvz norint i\u0161ra\u0161yti s\u0105skaitas.<\/p>\n<\/div>\n<\/div>\n<\/div>\n","protected":false},"excerpt":{"rendered":"<p>CHRG Network turi labai lengvai ir intuityviai\u00a0 valdom\u0105 stotel\u0117s valdytojo sas\u0105j\u0105, kuri \u0161iai dienai leid\u017eia lengvai matyti Elintos ir Ensto gamybos krovimo stoteli\u0173 sesijas bet kuriuo metu prisijungus internetu, i\u0161 bet kurios vietos. J\u016bs galite labai lengvai valdyti savo stoteli\u0173 naudotoj\u0173 prieig\u0105 ir duomenis, mok\u0117jimus ir s\u0105skaitas.<\/p>\n<ul>\n<li><strong>Valdysite kroviomo sesij\u0173, vartotoj\u0173 duomenis ir stoteli\u0173 prieig\u0105<\/strong><\/li>\n<li>Gausite vis\u0173 krovimo sesij\u0173 duomen\u0173 \u012fra\u0161us<\/li>\n<li>Valdykite savo stoteles savo telefonu, plan\u0161ete arba kompiuteriu.<\/li>\n<li>Nuotolin\u0117 pagalba i\u0161 gamintojo<\/li>\n<li>Veikia su visomis Elinta, Ensto Mode 2 stotel\u0117mis kurios turi interneto komunikacijos prieig\u0105.<\/li>\n<\/ul>\n","protected":false},"featured_media":619,"comment_status":"open","ping_status":"closed","template":"","meta":[],"product_brand":[],"product_cat":[143],"product_tag":[],"class_list":{"0":"post-618","1":"product","2":"type-product","3":"status-publish","4":"has-post-thumbnail","6":"product_cat-stoteliu-valdymo-sprendimai","8":"first","9":"outofstock","10":"sale","11":"taxable","12":"shipping-taxable","13":"purchasable","14":"product-type-simple"},"_links":{"self":[{"href":"https:\/\/chargingshop.eu\/lt\/wp-json\/wp\/v2\/product\/618","targetHints":{"allow":["GET"]}}],"collection":[{"href":"https:\/\/chargingshop.eu\/lt\/wp-json\/wp\/v2\/product"}],"about":[{"href":"https:\/\/chargingshop.eu\/lt\/wp-json\/wp\/v2\/types\/product"}],"replies":[{"embeddable":true,"href":"https:\/\/chargingshop.eu\/lt\/wp-json\/wp\/v2\/comments?post=618"}],"wp:featuredmedia":[{"embeddable":true,"href":"https:\/\/chargingshop.eu\/lt\/wp-json\/wp\/v2\/media\/619"}],"wp:attachment":[{"href":"https:\/\/chargingshop.eu\/lt\/wp-json\/wp\/v2\/media?parent=618"}],"wp:term":[{"taxonomy":"product_brand","embeddable":true,"href":"https:\/\/chargingshop.eu\/lt\/wp-json\/wp\/v2\/product_brand?post=618"},{"taxonomy":"product_cat","embeddable":true,"href":"https:\/\/chargingshop.eu\/lt\/wp-json\/wp\/v2\/product_cat?post=618"},{"taxonomy":"product_tag","embeddable":true,"href":"https:\/\/chargingshop.eu\/lt\/wp-json\/wp\/v2\/product_tag?post=618"}],"curies":[{"name":"wp","href":"https:\/\/api.w.org\/{rel}","templated":true}]}}