{"id":612,"date":"2019-12-20T13:19:22","date_gmt":"2019-12-20T13:19:22","guid":{"rendered":"https:\/\/chargingshop.eu\/product\/elinta-citycharge-v2-2x22-kw-lt\/"},"modified":"2021-06-07T11:15:46","modified_gmt":"2021-06-07T11:15:46","slug":"elinta-citycharge-v2-2x22-kw-lt","status":"publish","type":"product","link":"https:\/\/chargingshop.eu\/lt\/produktas\/elinta-citycharge-v2-2x22-kw-lt\/","title":{"rendered":"ELINTA CHARGE CITYCHARGE V2 &#8211; 2\u00d722 kW, 3G \/ LAN \/ Wifi \/ RFID"},"content":{"rendered":"<p>ELINTA CHARGE CityCharge V2 Savyb\u0117s:<\/p>\n<div>\n<ul>\n<li>2 x Mode 3, Type 2<\/li>\n<li>Abi pus\u0117s prieinamos vienu metu<\/li>\n<li>Iki 2&#215;22 kW galia<\/li>\n<li>Gali krauti du automobilius<\/li>\n<li>Integruotas energijos skaitiklis<\/li>\n<li>Tvirtas aliuminio korpusas<\/li>\n<li>Galima autorizacija per RFID<\/li>\n<li>OCPP komunikacijos sistema<\/li>\n<li>Ry\u0161kus LED ekranas<\/li>\n<\/ul>\n<div class=\"video video-fit mb\" style=\"padding-top:56.25%;\"><p><iframe title=\"Elinta Charge beautiful &amp; smart charging stations for electric vehicles \ud83d\ude98\u26a1\ufe0f\ud83d\udd0c\u26fd\ufe0f\" width=\"1020\" height=\"574\" src=\"https:\/\/www.youtube.com\/embed\/dXiFvkjvtX8?feature=oembed\" frameborder=\"0\" allow=\"accelerometer; autoplay; clipboard-write; encrypted-media; gyroscope; picture-in-picture\" allowfullscreen><\/iframe><\/p>\n<\/div>\n<\/div>\n<div>ELINTA CHARGE CityCharge V2 puikiai tinka bet kuriai komercinei ar vie\u0161ai erdvei. I\u0161skirtinis dizainas puikiai tinka prie verslo centr\u0173, prekybos centr\u0173, restoran\u0173, vie\u0161bu\u010di\u0173 ir kit\u0173 vie\u0161\u0173 parkavimo viet\u0173.<\/div>\n<div>ELINTA CHARGE CityCharge V2 klasifikuojama kaip pusiau greita Mode 3 krovimo stotel\u0117 galinti krauti du automobilius su bendra\u00a0 44 kW galia vienu metu. CityCharge V2 pagaminta naudojant tik pa\u010dios geriausios kokyb\u0117s komponentus. Tvirtas pagrindas padarytas tvirtu korpusu ilgam naudojimui. Integruoti auk\u0161\u010diausios kokyb\u0117s elektronikos komponentai u\u017etikrinantys patikimum\u0105 netgi pa\u010diomis blogiausiomis oro s\u0105lygomis. Ry\u0161kiai animuotas LED ekranas ir ap\u0161vietimas yra matomi netgi tiesiogin\u0117je saul\u0117s \u0161viesoje, tuo pa\u010diu duoda futuristin\u012f \u012fsp\u016bd\u012f ir galimyb\u0119 b\u016bti matomam i\u0161 toli nakties metu. Gali veikti kaip atskira stotel\u0117 su RFID identifikacija. Ta\u010diau taip pat veikia kartu su CHRG Network stotel\u0117s valdytojo sistema per integruotus GSM ir 3G modulius.<\/div>\n<p>&nbsp;<\/p>\n","protected":false},"excerpt":{"rendered":"<p>ELINTA CHARGE CityCharge V2 yra stacionaraus tipo kroviklis, kuris klasifikuojamas kaip Mode 3 pusiau greitas elektromobili\u0173 krovimo \u012frenginys. Jis gali paduoti 2&#215;22 kW gali\u0105 naudodamas du Type 2 krovimo lizdus.<\/p>\n<a href=\"https:\/\/chargingshop.eu\/elements\/pages\/contact\/\" class=\"button primary is-primary is-medium\"  >\n    <span>Get a qoute<\/span>\n  <\/a>\n\n","protected":false},"featured_media":613,"comment_status":"open","ping_status":"closed","template":"","meta":[],"product_brand":[],"product_cat":[142],"product_tag":[],"class_list":{"0":"post-612","1":"product","2":"type-product","3":"status-publish","4":"has-post-thumbnail","6":"product_cat-stacionarus-krovikliai-lt","7":"pa_brand-elinta-charge-lt","9":"first","10":"instock","11":"taxable","12":"shipping-taxable","13":"purchasable","14":"product-type-simple"},"_links":{"self":[{"href":"https:\/\/chargingshop.eu\/lt\/wp-json\/wp\/v2\/product\/612","targetHints":{"allow":["GET"]}}],"collection":[{"href":"https:\/\/chargingshop.eu\/lt\/wp-json\/wp\/v2\/product"}],"about":[{"href":"https:\/\/chargingshop.eu\/lt\/wp-json\/wp\/v2\/types\/product"}],"replies":[{"embeddable":true,"href":"https:\/\/chargingshop.eu\/lt\/wp-json\/wp\/v2\/comments?post=612"}],"wp:featuredmedia":[{"embeddable":true,"href":"https:\/\/chargingshop.eu\/lt\/wp-json\/wp\/v2\/media\/613"}],"wp:attachment":[{"href":"https:\/\/chargingshop.eu\/lt\/wp-json\/wp\/v2\/media?parent=612"}],"wp:term":[{"taxonomy":"product_brand","embeddable":true,"href":"https:\/\/chargingshop.eu\/lt\/wp-json\/wp\/v2\/product_brand?post=612"},{"taxonomy":"product_cat","embeddable":true,"href":"https:\/\/chargingshop.eu\/lt\/wp-json\/wp\/v2\/product_cat?post=612"},{"taxonomy":"product_tag","embeddable":true,"href":"https:\/\/chargingshop.eu\/lt\/wp-json\/wp\/v2\/product_tag?post=612"}],"curies":[{"name":"wp","href":"https:\/\/api.w.org\/{rel}","templated":true}]}}