{"id":5936,"date":"2021-08-20T14:54:44","date_gmt":"2021-08-20T14:54:44","guid":{"rendered":"https:\/\/chargingshop.eu\/product\/efacec-qc45-fast-charging-station\/"},"modified":"2021-08-20T14:54:44","modified_gmt":"2021-08-20T14:54:44","slug":"efacec-qc45-fast-charging-station","status":"publish","type":"product","link":"https:\/\/chargingshop.eu\/lt\/produktas\/efacec-qc45-fast-charging-station\/","title":{"rendered":"Greito \u012fkrovimo stotis EFACEC QC45"},"content":{"rendered":"<div class = \"fusion-text fusion-text-1\">\n<h2 class = \"eshop-detail-title cf\"> <span class = \"product-title\"> <span class = \"product-title-content\"> \u201eEfacec\u201c <\/span> <\/span> QC45 yra geriausias apmokestinimas stotis, suderinama su vis\u0173 marki\u0173 elektromobiliais <\/h2>\n<\/div>\n<p> Greitojo \u012fkrovimo stotel\u0117 QC45 u\u017etikrina greit\u0105 akumuliatoriaus \u012fkrovim\u0105 ir palaiko 2 EV vienu metu kintamosios ir nuolatin\u0117s srov\u0117s \u012fkrovim\u0105 su keliomis i\u0161\u0117jimo galimyb\u0117mis. Visos kombinuotos i\u0161vestys yra sujungtos \u012f vien\u0105 spintel\u0119, kad b\u016bt\u0173 galima saugiai ir lengvai \u012fkrauti visus tinkamus elektromobilius. <\/p>\n<p> Greitojo \u012fkroviklio CHAdeMO, CCS ir AC Type 2 \u012fkrovimo jungtys gali pasi\u016blyti iki 50 kW \u012fkrovimo gali\u0105. Kintamosios srov\u0117s \u012fkrovimo jung\u010diai nereikia nuolatinio laido ir ji gali \u012fkrauti iki 22 kW. \u201eQC45\u201c sukurtas taip, kad maksimaliai \u012fkraut\u0173 j\u016bs\u0173 EV su minimaliu praleistu laiku. <\/p>\n<h3> <strong> \u201eQC45\u201c greito \u012fkrovimo stoties ypatyb\u0117s <\/strong> <\/h3>\n<ul>\n<li> Greitas \u012fkrovimas iki 80% ma\u017eiau nei per 30 minu\u010di\u0173 <\/li>\n<li> Vienu metu \u012fkraunama kintamoji ir nuolatin\u0117 srov\u0117 <\/li>\n<li> keli\u0173 standart\u0173 (suderinami su CHAdeMO, CCS ir AC Type 2) <\/li>\n<li> Didelis efektyvumas &#038; gt; 93%<\/li>\n<li> Didel\u0117s galios koeficientas 0,98 <\/li>\n<li> Integruotas ry\u0161ys (3G; LAN; \u201eWi-Fi\u201c) <\/li>\n<li> nuolatin\u0117s srov\u0117s galia iki 50 kW <\/li>\n<li> Kintamosios srov\u0117s galia iki 43 kVA <\/li>\n<li> Didelis patikimumas <\/li>\n<li> \u201eEasy Plug &#038; amp; \u201ePlay\u201c diegimas <\/li>\n<\/ul>\n<h4> <strong> Greitas \u012fkrovimas: <\/strong> <\/h4>\n<p> Kiekvienas \u012frenginys, kur\u012f galima \u012fkrauti nuo nulio iki 80 procent\u0173 per ma\u017eiau nei 30 minu\u010di\u0173, gali b\u016bti strategi\u0161kai i\u0161d\u0117stytas kaip greito \u012fkrovimo infrastrukt\u016bros tinklo dalis. M\u016bs\u0173 produktai yra sukurti atsi\u017evelgiant \u012f stipri\u0105 gamyb\u0105, ilgaam\u017ei\u0161kum\u0105 ir saugum\u0105. Pagrindin\u0117s \u012fkroviklio linijos ir forma leid\u017eia jam prisitaikyti prie aplinkos ir kra\u0161tovaizd\u017eio, o dizainas skirtas suteikti klientams pasitik\u0117jimo, kad automobilio \u012fkrovimas yra paprastas ir saugus. <\/p>\n<h4> <strong> Tinklo integravimas <\/strong> <\/h4>\n<p> \u201eQC45\u201c yra lanksti ir atvira \u012fkrovimo stotel\u0117, kuri\u0105 galima \u012fkrauti autonominiu re\u017eimu arba integruoti \u012f bet kur\u012f tinkl\u0105 su bet kokia centrine sistema. <\/p>\n<h4> <strong> Tinkinimas &#038; amp; Priedas <\/strong> <\/h4>\n<p> \u201eQC45\u201c turi auk\u0161tos kokyb\u0117s ir patvar\u0173 korpus\u0105 su apsauga nuo korozijos, prilyginam\u0105 ner\u016bdijan\u010diam plienui, u\u017etikrinant ilg\u0105 \u012frangos tarnavimo laik\u0105. Kad atitikt\u0173 bendr\u0105 prek\u0117s \u017eenklo i\u0161vaizd\u0105, galite j\u012f tinkinti naudodami pasirinktinius vaizdus, \u200b\u200blogotipus ir spalvas. <\/p>\n<h4> <strong> Lengva \u012fdiegti <\/strong> <\/h4>\n<p> \u0160is didel\u0117s galios greitas \u012fkroviklis QC45 yra \u012fvairi\u0173 spalv\u0173. Tai paprasta \u012fdiegti ir lengva naudoti. \u012erenginiai yra i\u0161bandyti ir patikrinti su visais suderinamais elektromobiliais. Greitasis \u012fkroviklis QC45 si\u016blo iki 50 kW nuolatin\u0117s srov\u0117s ir 43 kW kintamosios srov\u0117s. <\/p>\n<h4> <strong> Galima programin\u0117 \u012franga <\/strong> <\/h4>\n<p> \u201eQC45\u201c suderinamas su \u201eCharge Lab\u201c, \u201eEV Connect\u201c ir \u201eGreen lot\u201c komercini\u0173 elektrini\u0173 transporto priemoni\u0173 \u012fkrovikli\u0173 programin\u0117s \u012frangos sistemomis. Naudodami \u0161iuos programin\u0117s \u012frangos paketus galite atsiskaityti u\u017e klientus, valdyti automobili\u0173 park\u0105, steb\u0117ti \u012fkroviklius ir netgi \u201eiPhone\u201c bei \u201eAndroid\u201c programas, skirtas vartotojams rasti \u012fkroviklius. <\/p>\n<p> &#038; nbsp; <\/p>\n","protected":false},"excerpt":{"rendered":"<p> \u201eEfacec\u201c pristat\u0117 nauj\u0105 \u012fkrovimo stot\u012f, kuri \u012fkrauna visus EV atskiru re\u017eimu su minimaliu praleistu laiku. Jo dizainas yra unikalus ir \u012fkraunamas naudojant geriausi\u0105 galios koeficient\u0105. <\/p>\n<ul>\n<li> Greitas apmokestinimas iki 80%<\/li>\n<li> Didelis efektyvumas &#038; gt; 93%<\/li>\n<li> Didel\u0117s galios koeficientas 0,98 <\/li>\n<li> Didelis patikimumas <\/li>\n<li> nuolatin\u0117s srov\u0117s galia iki 50 KW <\/li>\n<li> Kintamosios srov\u0117s galia iki 43Kva <\/li>\n<li> Lengva \u012fdiegti <\/li>\n<li> Apsauga nuo korozijos <\/li>\n<\/ul>\n<p> ~ 2-3 m\u0117nesi\u0173 pristatymo laikas. <\/p>\n","protected":false},"featured_media":5852,"comment_status":"open","ping_status":"closed","template":"","meta":[],"product_brand":[],"product_cat":[139],"product_tag":[732,731,730,729],"class_list":{"0":"post-5936","1":"product","2":"type-product","3":"status-publish","4":"has-post-thumbnail","6":"product_cat-dc-ikrovimo-stoteles","7":"product_tag-50kw-greitas-ikroviklis","8":"product_tag-efacec-qc45-kaina","9":"product_tag-qc45-greitas-ikroviklis","10":"product_tag-qc45-greito-ikrovimo-stotele","11":"pa_brand-efacec-lt","13":"first","14":"instock","15":"taxable","16":"shipping-taxable","17":"purchasable","18":"product-type-simple"},"_links":{"self":[{"href":"https:\/\/chargingshop.eu\/lt\/wp-json\/wp\/v2\/product\/5936","targetHints":{"allow":["GET"]}}],"collection":[{"href":"https:\/\/chargingshop.eu\/lt\/wp-json\/wp\/v2\/product"}],"about":[{"href":"https:\/\/chargingshop.eu\/lt\/wp-json\/wp\/v2\/types\/product"}],"replies":[{"embeddable":true,"href":"https:\/\/chargingshop.eu\/lt\/wp-json\/wp\/v2\/comments?post=5936"}],"wp:featuredmedia":[{"embeddable":true,"href":"https:\/\/chargingshop.eu\/lt\/wp-json\/wp\/v2\/media\/5852"}],"wp:attachment":[{"href":"https:\/\/chargingshop.eu\/lt\/wp-json\/wp\/v2\/media?parent=5936"}],"wp:term":[{"taxonomy":"product_brand","embeddable":true,"href":"https:\/\/chargingshop.eu\/lt\/wp-json\/wp\/v2\/product_brand?post=5936"},{"taxonomy":"product_cat","embeddable":true,"href":"https:\/\/chargingshop.eu\/lt\/wp-json\/wp\/v2\/product_cat?post=5936"},{"taxonomy":"product_tag","embeddable":true,"href":"https:\/\/chargingshop.eu\/lt\/wp-json\/wp\/v2\/product_tag?post=5936"}],"curies":[{"name":"wp","href":"https:\/\/api.w.org\/{rel}","templated":true}]}}