{"id":5926,"date":"2021-08-25T14:08:34","date_gmt":"2021-08-25T14:08:34","guid":{"rendered":"https:\/\/chargingshop.eu\/product\/efacec-qc24s-greitas-ikroviklis\/"},"modified":"2021-08-25T14:08:34","modified_gmt":"2021-08-25T14:08:34","slug":"efacec-qc24s-greitas-ikroviklis","status":"publish","type":"product","link":"https:\/\/chargingshop.eu\/lt\/produktas\/efacec-qc24s-greitas-ikroviklis\/","title":{"rendered":"Efacec QC24S greitas \u012fkroviklis"},"content":{"rendered":"<p> Greitasis \u012fkroviklis \u201eEfacec QC24S\u201c yra naujas vieno lizdo greitas \u012fkroviklis, kuris per vien\u0105 valand\u0105 \u012fkrauna j\u016bs\u0173 elektromobil\u012f iki 80%. Sukurti taip, kad atitikt\u0173 visus pramon\u0117s standartus atitinkan\u010dius \u012fkrovimo protokolus ir s\u0105sajas. Jo lengva konstrukcija lengvai montuojama ant sienos, kur yra vietos. \u201eQC24S\u201c yra greito \u012fkrovimo stotel\u0117, galinti \u012fkrauti visas su CCS suderinamas elektrines transporto priemones. Galimos \u012fvairios i\u0161vesties parinktys, pvz., Bazin\u0117 24 kW galios nuolatin\u0117 nuolatin\u0117 i\u0161vestis su CCS arba \u201eCHadeMO\u201c jungtimi ant priri\u0161to laido, i\u0161bandyta ir akredituota su visomis suderinamomis transporto priemon\u0117mis. <\/p>\n<h2> <strong> \u201eEfacec QC24S\u201c \u012fkroviklio pagrindin\u0117s savyb\u0117s ir privalumai <\/strong> <\/h2>\n<ul>\n<li> \u012ekraukite elektromobil\u012f per 1 valand\u0105 Didelis efektyvumas &#038; gt; 94%<\/li>\n<li> Kelios programos ir lengva prie\u017ei\u016bra <\/li>\n<li> nuolatin\u0117s srov\u0117s galia iki 24 kW <\/li>\n<li> Patogi vartotojui s\u0105saja su pasirinktiniu spalvotu ekranu <\/li>\n<li> B\u016bsenos \u0161viesos diod\u0173 spalvoto kabelio laikiklis <\/li>\n<li> Didel\u0117s galios koeficientas 0,99 <\/li>\n<li> Vietinio ir nuotolinio steb\u0117jimo valdymas <\/li>\n<li> Nepriklausoma arba tinklo integracija <\/li>\n<li> Pasirenkamas integruotas ry\u0161ys (3G; LAN; \u201eWi-Fi\u201c) <\/li>\n<li> Galimas tinkintas ir prek\u0117s \u017eenklas <\/li>\n<\/ul>\n<h3> <strong> \u201eQC24S Fast Charger\u201c funkcijos apima: <\/strong> <\/h3>\n<h4> <strong> Greitas \u012fkrovimas: <\/strong> <\/h4>\n<p> Kiekvienas \u012frenginys, kur\u012f per 60 minu\u010di\u0173 galima \u012fkrauti nuo nulio iki 80, gali b\u016bti strategi\u0161kai i\u0161d\u0117stytas kaip greito \u012fkrovimo infrastrukt\u016bros tinklo dalis. Tai kainuoja paveikt\u0105 sien\u0105, kai yra vietos. <\/p>\n<h4> <strong> Tinkinimas &#038; amp; Priedas <\/strong> <\/h4>\n<p> \u201eQC24S\u201c turi auk\u0161tos kokyb\u0117s ir patvar\u0173 korpus\u0105 su apsauga nuo korozijos, prilyginam\u0105 ner\u016bdijan\u010diam plienui, taip u\u017etikrinant ilg\u0105 \u012frangos tarnavimo laik\u0105. Suasmeninkite j\u012f naudodami pasirinktin\u0119 grafik\u0105, logotipus ir spalvas, kad susidarytum\u0117te bendr\u0105 j\u016bs\u0173 prek\u0117s \u017eenklo i\u0161vaizd\u0105. <\/p>\n<h4> <strong> Lengva \u012fdiegti <\/strong> <\/h4>\n<p> \u0160is didel\u0117s galios, daugiasluoksnis QC24S yra greitas \u012fkroviklis su \u012fmontuotu 3G ir LAN ry\u0161iu ir yra \u012fvairi\u0173 spalv\u0173. J\u012f paprasta \u012fdiegti ir prijungti prie esamo \u012fkrovimo infrastrukt\u016bros tinklo. <\/p>\n<h4> <strong> Galima programin\u0117 \u012franga <\/strong> <\/h4>\n<p> Pagrindinis CPVS yra sprendim\u0173 visapusi\u0161kas EV \u012fkrovimo valdymo platforma. J\u012f sudaro unikali\u0173 ir galing\u0173 programin\u0117s \u012frangos \u012franki\u0173 rinkinys, kuris veiksmingai reaguoja \u012f \u012fkraunam\u0173 elektrini\u0173 transporto priemoni\u0173 rinkos ekosistemos poreikius. <\/p>\n<h5> <strong> TAIKYMAS: <\/strong> <\/h5>\n<ul>\n<li> \u201eCar-Share\u201c, \u201eTaxi\u201c ir \u201eRent-a-Car\u201c automobili\u0173 parkai <\/li>\n<li> EV pardav\u0117jai ir paslaug\u0173 teik\u0117jai <\/li>\n<li> Darbuotoj\u0173 stov\u0117jimo aik\u0161tel\u0117s <\/li>\n<li> EV parkai (privat\u016bs ir valstybiniai) <\/li>\n<li> Prekybos centrai <\/li>\n<li> Privati \u200b\u200bEV infrastrukt\u016bra ir operatorius <\/li>\n<\/ul>\n","protected":false},"excerpt":{"rendered":"<p class = \"fusion-responsive-typography-apskai\u010diuotas\" data-fontsize = \"24\" data-lineheight = \"36px\"> Ekonomi\u0161ka ir greita \u012fkrovimo stotel\u0117. \u012ekraukite bet kokio tipo EV 24 kW galios grei\u010diu per valand\u0105. <\/p>\n<ul>\n<li> Montuojamas ant sienos <\/li>\n<li> Didelis efektyvumas &#038; gt; 94%<\/li>\n<li> nuolatin\u0117s srov\u0117s galia iki 24 kW <\/li>\n<li> Patogi vartotojo s\u0105saja <\/li>\n<li> Integruotas ry\u0161ys (3G; LAN; \u201eWi-Fi\u201c) <\/li>\n<li> Didel\u0117s galios koeficientas 0,99 <\/li>\n<\/ul>\n","protected":false},"featured_media":5880,"comment_status":"open","ping_status":"closed","template":"","meta":[],"product_brand":[],"product_cat":[139],"product_tag":[],"class_list":{"0":"post-5926","1":"product","2":"type-product","3":"status-publish","4":"has-post-thumbnail","6":"product_cat-dc-ikrovimo-stoteles","7":"pa_brand-efacec-lt","9":"first","10":"instock","11":"sale","12":"taxable","13":"shipping-taxable","14":"purchasable","15":"product-type-simple"},"_links":{"self":[{"href":"https:\/\/chargingshop.eu\/lt\/wp-json\/wp\/v2\/product\/5926","targetHints":{"allow":["GET"]}}],"collection":[{"href":"https:\/\/chargingshop.eu\/lt\/wp-json\/wp\/v2\/product"}],"about":[{"href":"https:\/\/chargingshop.eu\/lt\/wp-json\/wp\/v2\/types\/product"}],"replies":[{"embeddable":true,"href":"https:\/\/chargingshop.eu\/lt\/wp-json\/wp\/v2\/comments?post=5926"}],"wp:featuredmedia":[{"embeddable":true,"href":"https:\/\/chargingshop.eu\/lt\/wp-json\/wp\/v2\/media\/5880"}],"wp:attachment":[{"href":"https:\/\/chargingshop.eu\/lt\/wp-json\/wp\/v2\/media?parent=5926"}],"wp:term":[{"taxonomy":"product_brand","embeddable":true,"href":"https:\/\/chargingshop.eu\/lt\/wp-json\/wp\/v2\/product_brand?post=5926"},{"taxonomy":"product_cat","embeddable":true,"href":"https:\/\/chargingshop.eu\/lt\/wp-json\/wp\/v2\/product_cat?post=5926"},{"taxonomy":"product_tag","embeddable":true,"href":"https:\/\/chargingshop.eu\/lt\/wp-json\/wp\/v2\/product_tag?post=5926"}],"curies":[{"name":"wp","href":"https:\/\/api.w.org\/{rel}","templated":true}]}}