{"id":5788,"date":"2021-08-03T11:07:08","date_gmt":"2021-08-03T11:07:08","guid":{"rendered":"https:\/\/chargingshop.eu\/product\/adapteris-cee-16-400v-saugos-adapteris-sulciu-stiprintuvui-2\/"},"modified":"2021-08-03T11:07:08","modified_gmt":"2021-08-03T11:07:08","slug":"adapteris-cee-16-400v-saugos-adapteris-sulciu-stiprintuvui-2","status":"publish","type":"product","link":"https:\/\/chargingshop.eu\/lt\/produktas\/adapteris-cee-16-400v-saugos-adapteris-sulciu-stiprintuvui-2\/","title":{"rendered":"Adapteris CEE 16, 400V, saugos adapteris sul\u010di\u0173 stiprintuvui 2"},"content":{"rendered":"<div class=\"content-title\">\n<h2 class=\"\" data-element=\"main\" data-content-type=\"title\" data-i=\"\">Galite \u012fkrauti savo automobil\u012f bet kurioje \u012fkrovimo stotyje, naudodami tinkam\u0105 JUICE BOOSTER 2 adapter\u012f: adapteris VRE 16<\/h2>\n<\/div>\n<div class=\"product-description\">\n<p>Saugos adapteris \u012fkrovimui <strong> CEE 16\/400 V <\/strong> kartu su <a href=\"https:\/\/chargingshop.eu\/lt\/produktas\/juice-booster-2-mobilus-ev-ikroviklis-32-a-22-kw-52-m-kabelis\/\"> JUICE BOOSTER 2 <\/a> galite lengvai \u012fkrauti savo automobil\u012f bet kuriuo <span data-story-id=\" story_4e7a24029f09064f26dd915ae6c7e8bb \" data-room-id=\" room_0e3e85a5f5e53aea55030dd \" data-text=\"bet kuriame CEE 16 lizde visoje Europoje, kurio \u012fkrovimo greitis iki 11 kW\" data-userid=\"638093783230025728\" data-orgid=\"638093783882313728\"> CEE 16 lizdas visoje Europoje, kurio \u012fkrovimo greitis iki 11 kW <\/span>. Prijungimas prie sul\u010di\u0173 stiprintuvo 2 atliekamas per saugi\u0105 ir tvirt\u0105 sul\u010di\u0173 jungt\u012f.<\/p>\n<p><span style=\"font-size: 20.16px; color: #333333;\"> Techniniai duomenys<\/span><\/p>\n<div id=\"product-technical-data\">\n<div class=\"flex justify-content-between mb-4\">\n<table width=\"294\">\n<tbody>\n<tr>\n<td width=\"142\"><strong> Tipas <\/strong><\/td>\n<td width=\"152\">Vidurio ir Ryt\u0173 Europos adapteris<\/td>\n<\/tr>\n<tr>\n<td width=\"142\"><strong> \u012ekrovos apribojimas <\/strong><\/td>\n<td width=\"152\">400 V \/ 16 A<\/td>\n<\/tr>\n<tr>\n<td width=\"142\"><strong> \u012etampa <\/strong><\/td>\n<td width=\"152\">400 V<\/td>\n<\/tr>\n<tr>\n<td width=\"142\"><strong> Elektros srov\u0117 <\/strong><\/td>\n<td width=\"152\">16 A<\/td>\n<\/tr>\n<tr>\n<td width=\"142\"><strong> IP reitingas <\/strong><\/td>\n<td width=\"152\">IP44<\/td>\n<\/tr>\n<tr>\n<td width=\"142\"><strong> Kabelio ilgis <\/strong><\/td>\n<td width=\"152\">1,5 m<\/td>\n<\/tr>\n<tr>\n<td width=\"142\"><strong> Potencial\u016bs klientai <\/strong><\/td>\n<td width=\"152\">5<\/td>\n<\/tr>\n<tr>\n<td width=\"142\"><strong> Spalva <\/strong><\/td>\n<td width=\"152\">Raudona, juoda<\/td>\n<\/tr>\n<\/tbody>\n<\/table>\n<\/div>\n<\/div>\n<\/div>\n<h3>Kaip naudoti adapter\u012f?<\/h3>\n<p>J\u012f paprasta naudoti, tiesiog prijunkite ir \u012fkraukite. Nereikia joki\u0173 technini\u0173 \u017eini\u0173, mokymo ar kompetencijos. Prijunkite tinkam\u0105 adapter\u012f prie JUICE BOOSTER 2, prijunkite j\u012f ir \u012fkraukite optimalia galia.<\/p>\n","protected":false},"excerpt":{"rendered":"<p> \u201eCEE16\u201c pramonin\u0117 jungtis \u201eJuice Booster 2\u201c <\/p>\n<ul>\n<li> <span data-story-id = \"story_198812f55bd0bfb1558b07bd49b3416c\" data-room-id = \"room_0e3e85a5f5e53aea55030d99dbda7d31\" data-timestamp = \"1627986677844\" data-text = \"I\u0161\" CEE 16 Booster \" userid = \"638093783230025728\" data-orgid = \"638093783882313728\"> Nuo CEE 16 lizdo iki 2 sul\u010di\u0173 stiprintuvo (transporto priemon\u0117s pus\u0117je) <\/span> <\/li>\n<li> Kokybi\u0161kas produktas i\u0161 \u0160veicarijos <\/li>\n<\/ul>\n","protected":false},"featured_media":5761,"comment_status":"open","ping_status":"closed","template":"","meta":[],"product_brand":[],"product_cat":[497],"product_tag":[],"class_list":{"0":"post-5788","1":"product","2":"type-product","3":"status-publish","4":"has-post-thumbnail","6":"product_cat-elektromobiliu-ikrovimo-kabeliai-adapteriai","8":"first","9":"outofstock","10":"sale","11":"taxable","12":"shipping-taxable","13":"purchasable","14":"product-type-simple"},"_links":{"self":[{"href":"https:\/\/chargingshop.eu\/lt\/wp-json\/wp\/v2\/product\/5788","targetHints":{"allow":["GET"]}}],"collection":[{"href":"https:\/\/chargingshop.eu\/lt\/wp-json\/wp\/v2\/product"}],"about":[{"href":"https:\/\/chargingshop.eu\/lt\/wp-json\/wp\/v2\/types\/product"}],"replies":[{"embeddable":true,"href":"https:\/\/chargingshop.eu\/lt\/wp-json\/wp\/v2\/comments?post=5788"}],"wp:featuredmedia":[{"embeddable":true,"href":"https:\/\/chargingshop.eu\/lt\/wp-json\/wp\/v2\/media\/5761"}],"wp:attachment":[{"href":"https:\/\/chargingshop.eu\/lt\/wp-json\/wp\/v2\/media?parent=5788"}],"wp:term":[{"taxonomy":"product_brand","embeddable":true,"href":"https:\/\/chargingshop.eu\/lt\/wp-json\/wp\/v2\/product_brand?post=5788"},{"taxonomy":"product_cat","embeddable":true,"href":"https:\/\/chargingshop.eu\/lt\/wp-json\/wp\/v2\/product_cat?post=5788"},{"taxonomy":"product_tag","embeddable":true,"href":"https:\/\/chargingshop.eu\/lt\/wp-json\/wp\/v2\/product_tag?post=5788"}],"curies":[{"name":"wp","href":"https:\/\/api.w.org\/{rel}","templated":true}]}}