{"id":5742,"date":"2021-07-23T13:01:37","date_gmt":"2021-07-23T13:01:37","guid":{"rendered":"https:\/\/chargingshop.eu\/product\/juice-booster-2-mobilus-ev-ikroviklis-32-a-22-kw-52-m-kabelis\/"},"modified":"2021-08-02T10:17:17","modified_gmt":"2021-08-02T10:17:17","slug":"juice-booster-2-mobilus-ev-ikroviklis-32-a-22-kw-52-m-kabelis","status":"publish","type":"product","link":"https:\/\/chargingshop.eu\/lt\/produktas\/juice-booster-2-mobilus-ev-ikroviklis-32-a-22-kw-52-m-kabelis\/","title":{"rendered":"JUICE BOOSTER 2 Mobilus EV \u012fkroviklis 32 A, 22 kW, 5,2 m kabelis"},"content":{"rendered":"<h2><strong> JUICE BOOSTER 2 <\/strong> yra nuostabi mobilioji \u012fkrovimo stotel\u0117, kurioje yra keli adapteriai, skirti \u012fkrauti elektromobil\u012f bet kuriame rinkoje esan\u010diame terminale ir lizde.<\/h2>\n<p>Pagamintas i\u0161 aliuminio lydinio, &#8220;JUICE BOOSTER 2\u201c yra auk\u0161tos kokyb\u0117s ne\u0161iojamasis \u012fkroviklis ir labai tvirtas. \u0160io prietaiso jungtys gaminamos naudojant med\u017eiagas, kurios naudojamos kosmin\u0117se technologijose.<\/p>\n<p>Tvirtumo \u012frodymas &#8211; \u012fkroviklis vis dar veikia net ir tada, kai j\u012f apva\u017eiavo karinis TANKAS!<\/p>\n<p><iframe src=\"https:\/\/www.youtube.com\/embed\/46I5NwEnRfo?t=28 rel=0\" width=\"640\" height=\"360\" frameborder=\"0\" allowfullscreen=\"allowfullscreen\"><\/iframe><\/p>\n<h3><strong> JUICE BOOSTER 2 mobilusis EV \u012fkroviklis <\/strong><\/h3>\n<p>Jis suteikia didel\u0119 EV \u012fkrovimo gali\u0105, galite \u012fkrauti savo automobil\u012f <strong> vienu etapu <\/strong> arba <strong> trimis etapais <\/strong> iki <strong> 22kW <\/strong>(rei\u0161kia, kad galite \u012fveikti 100 km, jei valand\u0105 \u012fkraunate transporto priemon\u0119)<strong>. <\/strong><\/p>\n<p>Mobilioji \u012fkrovimo stotel\u0117 <strong> <em> JUICE BOOSTER 2 <\/em> <\/strong> yra labai naudinga, nes ji gali automati\u0161kai aptikti prijungto adapterio tip\u0105 ir \u012fkrauti dideliu <a href=\"https: \/\/chargingshop.eu\/product\/duosida-7-kw-portable-charging-connector-adjustable-8-32a-type-2-to-cee-plug-copy\/\">krovimo galia <\/a>. Jums nereikia su\u017einoti, kiek kilovatvaland\u017ei\u0173 gal\u0117site \u012fkrauti, kad gal\u0117tum\u0117te saugiai \u012fkrauti savo \u012frengin\u012f ir sutaupyti brangaus laiko.<\/p>\n<h3><strong> Specifikacijos ir funkcijos <\/strong><\/h3>\n<ul>\n<li>Matmenys (skersmuo ir ilgis): 7 cm &amp; amp; Atitinkamai 22,5 cm<\/li>\n<li>\u012evesties maitinimo \u0161altinis: vienfazis\/ trifazis &#8211; kintamas &#8211; nuo 6 iki 32A<\/li>\n<li>I\u0161\u0117jimo galia: 1,4\u201322 kW (priklauso nuo \u012fvesties galios)<\/li>\n<li>laido ir jungties ilgis: 5 m<\/li>\n<li>Svoris (su jungtimi ir laidu): 3,2 kg<\/li>\n<li>Svoris (be laido): 1 kg<\/li>\n<li>Spalva: juodas kabelis, metalinis antracitas<\/li>\n<li>Atsparumas sm\u016bgiams: IK10 &#8211; pradeda prie\u0161intis, net jei 3t transporto priemon\u0117 apvirsta<\/li>\n<li>Darbin\u0117 temperat\u016bra: nuo -25 \u00b0 C iki + 45 \u00b0 C<\/li>\n<li>Atitiktis: CE 62196, 62752, 61851, CEM, 2\/3 re\u017eimas ir RoHS<\/li>\n<li>Nuot\u0117kio srov\u0117s aptikimas: taip (30 mA)<\/li>\n<li>Sandarinimas: IP67 (atsparus vandeniui)<\/li>\n<li>Integruoti jungikliai: taip<\/li>\n<\/ul>\n<h4><strong> Suderinamas su visomis 2 tipo ki\u0161tukin\u0117mis elektrin\u0117mis transporto priemon\u0117mis <\/strong><\/h4>\n<p>Kad ir koks b\u016bt\u0173 j\u016bs\u0173 2 tipo transporto priemon\u0117s modelis, \u201eJUICE BOOSTER 2\u201c <strong> 2 tipo lizdas <\/strong> bus visi\u0161kai suderinamas.<\/p>\n<h4><strong> Atsparus ir atsparus vandeniui <\/strong><\/h4>\n<p>\u201eJUICE BOOSTER 2\u201c ir jo komponentai yra atspar\u016bs oro s\u0105lygoms ir sm\u016bgiams. Net ir tur\u0117dama daugiau nei trij\u0173 ton\u0173 apkrov\u0105, elektronika i\u0161lieka gerai apsaugota.<\/p>\n<h4><strong> Greitesnis \u012fkrovimas <\/strong><\/h4>\n<p>Palyginti su standartiniu buitiniu elektros lizdu, jis \u012fkraunamas <strong> 10 kart\u0173 grei\u010diau <\/strong>. Tiesiog pa\u017ei\u016br\u0117kite, kaip greitai akumuliatorius bus visi\u0161kai \u012fkrautas, kad elektrin\u0117 transporto priemon\u0117 gal\u0117t\u0173 greitai pasiruo\u0161ti pajud\u0117ti.<\/p>\n<h4><strong> Automatinis galios reguliavimas <\/strong><\/h4>\n<p>JUICE BOOSTER 2 naudoti labai paprasta! Tiesiog prijunkite <a href=\"https:\/\/chargingshop.eu\/product\/adapter-cee-16a-to-cee-32a\/\"> adapter\u012f <\/a> prie ne\u0161iojamojo terminalo ir \u012fkrovimo galia bus automati\u0161kai sureguliuota iki did\u017eiausios \u012fmanomos \u012fkrovimo galios. \u012ekrovimas bus automati\u0161kai sustabdytas, kai automobilis bus visi\u0161kai \u012fkrautas.<\/p>\n<p>Nereikia ki\u0161tis \u012f jokias i\u0161mani\u0173j\u0173 telefon\u0173 programas. &#8220;JUICE BOOSTER 2\u201c komplektuojamas su vienu srov\u0117s stiprumo pasirinkimo mygtuku: tai paprasta, saugu ir patikima.<\/p>\n<h4><strong> Paprasta pasirinkti \u012fkrovimo intensyvum\u0105 (6A-32A) <\/strong><\/h4>\n<p>Kai paspausite mygtuk\u0105 <strong> PASIRINKTI <\/strong>, stotis suma\u017eins \u012fkrovimo gali\u0105, niekada nedidindama did\u017eiausios \u012fkrovimo galios, pateiktos su naudojamu adapteriu.<\/p>\n<p>Kai paspausite mygtuk\u0105 &#8220;SELECT\u201c, gal\u0117site pasirinkti \u0161iuos stiprumus: 32A, 25A, 20A, 16A, 13A, 10A, 8A ir 6A. Naudodami \u0161ias sroves, galite gauti \u012fkrovimo gali\u0105 nuo 1,3 iki 22 kW.<\/p>\n<h4><strong> T2-T2 kabelis nereikalingas <\/strong><\/h4>\n<p>T2-T2 kabelio nereikia, nes pats JUICE BOOSTER 2 pakei\u010dia 3 fazi\u0173 32A 22kW T2-T2 kabel\u012f. Kai T2-T2 adapteris prijungiamas prie JUICE BOOSTER, jis pradeda veikti kaip 32A 22kW trifazis T2-T2 kabelis.<\/p>\n<h4><strong> \u012ekrovimas i\u0161 buitinio lizdo tampa saugus <\/strong><\/h4>\n<p>Jei blogai sumontuota ar net suged\u0119 laidai, kabelio gaisro tikimyb\u0117 padid\u0117ja, jei ilgai kraunate per buitin\u012f lizd\u0105. JUICE adapteris turi buitin\u012f lizd\u0105 ir du temperat\u016bros jutiklius, kurie apsaugo j\u016bs\u0173 kabel\u012f net ir perkaitimo atveju. Perkaitus, ne\u0161iojama \u012fkrovimo stotel\u0117 nustoja krauti.<\/p>\n<h4><strong> Sauga nuo integruoto diferencinio jungiklio <\/strong><\/h4>\n<p>\u201eJUICE BOOSTER 2\u201c puikiai atitinka dabartin\u012f IEC62752 standart\u0105. Ne\u0161iojamoje \u012fkrovimo stotyje naudojamas kintamosios ir nuolatin\u0117s srov\u0117s diferencinis jungiklis (RCD DC 6mA, AC \/ DC 30 mA).<\/p>\n<h4><strong> Apsauga nuo vagys\u010di\u0173 ir netinkamo elgesio <\/strong><\/h4>\n<p>\u201eJUICE BOOSTER 2\u201c turi naujausias saugos funkcijas. J\u012f galite i\u0161imti tik tada, kai ki\u0161tukas buvo i\u0161trauktas i\u0161 j\u016bs\u0173 elektrin\u0117s transporto priemon\u0117s. Yra modernus u\u017eraktas, apsaugantis j\u016bs\u0173 adapter\u012f nuo vagys\u010di\u0173. Kad i\u0161vengtum\u0117te nepageidaujamo reguliavimo, \u012fkrovimo maitinimas u\u017erakinamas po 30 sekund\u017ei\u0173.<\/p>\n<h4><strong> \u0160veicarijoje pagamintas <\/strong><\/h4>\n<p>JUICE BOOSTER 2 yra gerai \u017einomas \u0160veicarijos kompanijos produktas, pavadintas <a href=\"https:\/\/en.juice-world.com\/\" target=\"_blank\" rel=\"noopener\"> Juice Technology AG <\/a>. Bendrov\u0117 gamina naujovi\u0161ko dizaino kokybi\u0161kus produktus, kuria ir gamina visus savo prietaisus Europoje, kad atitikt\u0173 vietos reikalavimus. Prek\u0117s \u017eenklas yra labai garsus, nes gali sekti naujas tendencijas ir netgi yra vienu \u017eingsniu priekyje, palyginti su konkurentais.<\/p>\n<h4><strong> Lengvas saugojimas <\/strong><\/h4>\n<p>Sta\u010diakamp\u012f d\u0117kl\u0105 sudaro visi JUICE BOOSTER 2 pakuot\u0117s komponentai. Taip pat gausite cementin\u0119 velcro juostel\u0119 su dangteliu, kad j\u016bs\u0173 elektromobilio saugojimo skydelyje b\u016bt\u0173 optimali pad\u0117tis.<\/p>\n","protected":false},"excerpt":{"rendered":"<p>JUICE BOOSTER yra 3 \u012frenginiai viename sprendime:<\/p>\n<ul>\n<li>gali veikti kaip sienin\u0117 d\u0117\u017eut\u0117<\/li>\n<li>yra ne\u0161iojamasis \u012fkroviklis<\/li>\n<li>gali b\u016bti naudojamas kaip 2 tipo kabelis<\/li>\n<\/ul>\n<p>Tai patikimiausia mobiliojo \u012fkrovimo stotel\u0117. \u012ekrauti galite bet kuriame ki\u0161tukiniame lizde arba vie\u0161oje \u012fkrovimo stotyje. Ne\u012ftik\u0117tinai paprasta naudoti, atspari oro s\u0105lygoms ir apsauga nuo vagys\u010di\u0173, palaiko iki 10 kart\u0173 didesn\u012f \u012fkrovimo greit\u012f, palyginti su lizdu. Kokybi\u0161kas \u0160veicarijos produktas.<\/p>\n","protected":false},"featured_media":5286,"comment_status":"open","ping_status":"closed","template":"","meta":[],"product_brand":[],"product_cat":[497,254,138],"product_tag":[],"class_list":{"0":"post-5742","1":"product","2":"type-product","3":"status-publish","4":"has-post-thumbnail","6":"product_cat-elektromobiliu-ikrovimo-kabeliai-adapteriai","7":"product_cat-krovimo-kabelis","8":"product_cat-wallbox-ikrovimo-stoteles-lt","9":"pa_brand-juice-lt","11":"first","12":"outofstock","13":"taxable","14":"shipping-taxable","15":"purchasable","16":"product-type-simple"},"_links":{"self":[{"href":"https:\/\/chargingshop.eu\/lt\/wp-json\/wp\/v2\/product\/5742","targetHints":{"allow":["GET"]}}],"collection":[{"href":"https:\/\/chargingshop.eu\/lt\/wp-json\/wp\/v2\/product"}],"about":[{"href":"https:\/\/chargingshop.eu\/lt\/wp-json\/wp\/v2\/types\/product"}],"replies":[{"embeddable":true,"href":"https:\/\/chargingshop.eu\/lt\/wp-json\/wp\/v2\/comments?post=5742"}],"wp:featuredmedia":[{"embeddable":true,"href":"https:\/\/chargingshop.eu\/lt\/wp-json\/wp\/v2\/media\/5286"}],"wp:attachment":[{"href":"https:\/\/chargingshop.eu\/lt\/wp-json\/wp\/v2\/media?parent=5742"}],"wp:term":[{"taxonomy":"product_brand","embeddable":true,"href":"https:\/\/chargingshop.eu\/lt\/wp-json\/wp\/v2\/product_brand?post=5742"},{"taxonomy":"product_cat","embeddable":true,"href":"https:\/\/chargingshop.eu\/lt\/wp-json\/wp\/v2\/product_cat?post=5742"},{"taxonomy":"product_tag","embeddable":true,"href":"https:\/\/chargingshop.eu\/lt\/wp-json\/wp\/v2\/product_tag?post=5742"}],"curies":[{"name":"wp","href":"https:\/\/api.w.org\/{rel}","templated":true}]}}