{"id":5732,"date":"2021-07-24T14:11:33","date_gmt":"2021-07-24T14:11:33","guid":{"rendered":"https:\/\/chargingshop.eu\/product\/sulu-laditajs-man-11-kw-5-m-kabelis-rfid\/"},"modified":"2021-08-19T07:21:44","modified_gmt":"2021-08-19T07:21:44","slug":"juice-charger-me-kaina","status":"publish","type":"product","link":"https:\/\/chargingshop.eu\/lt\/produktas\/juice-charger-me-kaina\/","title":{"rendered":"Juice Charger Me, 11 KW, 5 m kabelis, RFID"},"content":{"rendered":"<h2><strong> JUICE CHARGER me <\/strong> yra protinga sienin\u0117 \u012fkrovimo stotel\u0117, kurios \u012fkrovimo galia yra iki 11 kW<\/h2>\n<p>JUICE CHARGER me yra i\u0161 anksto sukonfig\u016bruotas gamykloje ir gali b\u016bti i\u0161 karto naudojamas vietoje. Nereikia joki\u0173 papildom\u0173 nustatym\u0173.<\/p>\n<p>\u201eJUICE CHARGER\u201c finansuoja \u201eKfW\u201c (Vokietija) ir idealiai tinka gara\u017eams, priva\u010dioms automobili\u0173 stov\u0117jimo aik\u0161tel\u0117ms ar automobili\u0173 stov\u0117jimo aik\u0161tel\u0117ms. Kaip viena \u012fkrovimo stotis priva\u010diame sektoriuje, reikia tik elektros jung\u010di\u0173. Kaip ma\u017eas, paprastas ir nebrangus variantas, jis taip pat tinka vie\u0161bu\u010diams, golfo\/teniso\/sporto aik\u0161tel\u0117ms. J\u0173 lankstumas taip pat daro juos patrauklius gara\u017eams ir keli\u0173 auk\u0161t\u0173 automobili\u0173 stov\u0117jimo aik\u0161tel\u0117ms. \/\u012ekrovimo valdymo re\u017eimas, <strong> JUICE CHARGER <\/strong> reikalingas tik LAN ry\u0161ys. <b> <\/b><\/p>\n<p>Prijunkite ir kraukite: vie\u0161ose vietose automobil\u012f galima atrakinti naudojant RFID, nereikia \u201e\u012fjungti ir \u012fkrauti\u201c.<\/p>\n<h3>JUICE CHARGER man yra:<\/h3>\n<ul>\n<li><strong> \u012ejungiamas ir paleid\u017eiamas \u012frenginys: <\/strong> \u012fkrovimo stotis gamykloje yra visi\u0161kai sukonfig\u016bruota ir j\u0105 galima naudoti nedelsiant, be joki\u0173 papildom\u0173 nustatym\u0173.<\/li>\n<li>\u012erengta automobilio funkcija <strong> \u201eprijungti ir \u012fkrauti\u201c <\/strong> pagal ISO 15118. \u012ejungus \u012fkrovikl\u012f \u012f automobilio lizd\u0105, \u012fjungiamas <strong> JUICE CHARGER <\/strong> ir prasideda \u012fkrovimo procesas.<\/li>\n<li>\u012erengtas <strong> RFID skaitytuvas <\/strong>, tinkantis visoms kitoms transporto priemon\u0117ms, ir dvi i\u0161 anksto u\u017eprogramuotos RFID kortel\u0117s.<\/li>\n<li>Sukurta veikti nuo 2 iki 250 pagrindini\u0173 ir pavald\u017ei\u0173 \u012frengini\u0173. \u0160iuo atveju vienas \u012frenginys yra atsakingas u\u017e tolyg\u0173 turimos energijos paskirstym\u0105 visoms kitoms stotims. Ta\u010diau \u201eSmart JUICE\u201c universalus \u012fkrovimo valdymas suteikia didesn\u012f lankstum\u0105, pavyzd\u017eiui, pirmenyb\u0117 gali b\u016bti teikiama atskiroms transporto priemon\u0117ms.<\/li>\n<li>Juose jau yra standartin\u0117s s\u0105sajos (Modbus\/TCP, Modbus\/RTU, EEBUS), skirtos naujausios kartos i\u0161maniesiems namams, pavyzd\u017eiui, jos gali b\u016bti maitinamos i\u0161 \u012fprast\u0173 buitini\u0173 fotoelektros sistem\u0173. D\u0117l IP54 nereikia kontroliuoti i\u0161orini\u0173 apkrov\u0173 valdymo.<\/li>\n<li>tinka naudoti patalpose ir lauke.<\/li>\n<li>Jis gali b\u016bti montuojamas ant sienos vienas arba ant pagrindo, prie kurio galima prieiti atskirai arba poromis. Montuojant ant sienos, 2 tipo transporto priemoni\u0173 prijungimo laikiklis yra \u012ftrauktas \u012f pristatymo rinkin\u012f; atskirai stovint\u012f laikikl\u012f galima pateikti atskirai. <b> <\/b><\/li>\n<\/ul>\n<h3>Specifikacija:<\/h3>\n<section class=\"content-main container block-group\">\n<table border=\"0\">\n<tbody>\n<tr>\n<td><strong>Matmenys<\/strong><\/td>\n<td>240 x 240 x 120 mm (auk\u0161tis x plotis x gylis)<\/td>\n<\/tr>\n<tr>\n<td><strong> Kabelio ilgis <\/strong><\/td>\n<td>5 m<\/td>\n<\/tr>\n<tr>\n<td><strong>Svoris <\/strong><\/td>\n<td>apytiksliai 6,5 kg (su \u012fkrovimo laidu)<\/td>\n<\/tr>\n<tr>\n<td><strong> \u012evesties srov\u0117 <\/strong><\/td>\n<td>230 V, 6\u201332 A (1 faz\u0117) kintamosios srov\u0117s arba 400 V, 6\u201332 A (3 fazi\u0173) kintamosios srov\u0117s<\/td>\n<\/tr>\n<tr>\n<td><strong> Galia <\/strong><\/td>\n<td>22 kW (32 A, trifazis); reguliuojama KfW subsidijos versija: maks. 11 kW (16 A, trifazis)<\/td>\n<\/tr>\n<tr>\n<td><strong> Med\u017eiaga, spalva <\/strong><\/td>\n<td>r\u0117mas \u0161lifuotas ner\u016bdijantis plienas, priekinis skydelis juodas UV atsparus polikarbonato stiklas<\/td>\n<\/tr>\n<tr>\n<td><strong>Prisijungimas <\/strong><\/td>\n<td>I\u0161taisyta<\/td>\n<\/tr>\n<tr>\n<td><strong> CE atitiktis <\/strong><\/td>\n<td>IEC 61851, IEC 61439-7, EMC RoHS \/ IEC EN 50470, EMC RoHS (pasirinktinai MID atitinkan\u010diam matuokliui)<\/td>\n<\/tr>\n<tr>\n<td><strong> Apsaugos klas\u0117 <\/strong><\/td>\n<td>IP54<\/td>\n<\/tr>\n<tr>\n<td><strong> RCD sauga <\/strong><\/td>\n<td>RCD DC 6 mA, AC 30 mA &#8211; temperat\u016bros steb\u0117jimas<\/td>\n<\/tr>\n<tr>\n<td><strong> Transporto priemon\u0117s \u0161oninis sukabinimas <\/strong><\/td>\n<td>2 tipas (IEC 62196)<\/td>\n<\/tr>\n<\/tbody>\n<\/table>\n<div><\/div>\n<div class=\"product-info\"><strong style=\"font-size: 14.4px;\"> JUICE CHARGER me kaina yra geriausias pasirinkimas: <\/strong><\/div>\n<\/section>\n<ol>\n<li>Naudotojams, kurie ie\u0161ko geros kokyb\u0117s u\u017e makam\u0105 kain\u0105 ir nenori daryti kompromis\u0173 d\u0117l dizaino ir funkcionalumo.<\/li>\n<li>Kad b\u016bt\u0173 lengviau \u012fkrauti, naudokite dabartinius ir b\u016bsimus \u012fkrovimo standartus \u201e\u012fjunkite ir paleiskite\u201c.<\/li>\n<li>Dirbkite patalpose ir lauke. Ekranas turi tris \u0161vie\u010dian\u010dios spalv\u0173 piktogramas kurios rodo esam\u0105 b\u016bsen\u0105. <b> <\/b><\/li>\n<\/ol>\n<p>Ar turite koki\u0173 nors u\u017eklaus\u0173? <a href=\"https:\/\/chargingshop.eu\/lt\/ziniu-centras\/\"> M\u016bs\u0173 \u017eini\u0173 centre <\/a> rasite visk\u0105, k\u0105 reikia \u017einoti apie elektromobilio \u012fkrovim\u0105.<\/p>\n","protected":false},"excerpt":{"rendered":"<p>&#8220;JUICE CHARGER me&#8221; yra ypa\u010d kompakti\u0161kas, 24 cm ilgio ir 12 cm gylio, taip pat labai lengvas ir sveria tik 6,5 kg (\u012fskaitant kabel\u012f).<\/p>\n<ul>\n<li>KFW finansuojama 11 kW galios sienin\u0117 d\u0117\u017e\u0117<\/li>\n<li>Aktyvinimas naudojant RFID<\/li>\n<li>\u201ePlug and Charge\u201c &#8211; PAGAL VOKIETIJ\u0104<\/li>\n<\/ul>\n","protected":false},"featured_media":5423,"comment_status":"open","ping_status":"closed","template":"","meta":[],"product_brand":[],"product_cat":[138],"product_tag":[],"class_list":{"0":"post-5732","1":"product","2":"type-product","3":"status-publish","4":"has-post-thumbnail","6":"product_cat-wallbox-ikrovimo-stoteles-lt","7":"pa_brand-juice-lt","9":"first","10":"outofstock","11":"sale","12":"taxable","13":"shipping-taxable","14":"purchasable","15":"product-type-simple"},"_links":{"self":[{"href":"https:\/\/chargingshop.eu\/lt\/wp-json\/wp\/v2\/product\/5732","targetHints":{"allow":["GET"]}}],"collection":[{"href":"https:\/\/chargingshop.eu\/lt\/wp-json\/wp\/v2\/product"}],"about":[{"href":"https:\/\/chargingshop.eu\/lt\/wp-json\/wp\/v2\/types\/product"}],"replies":[{"embeddable":true,"href":"https:\/\/chargingshop.eu\/lt\/wp-json\/wp\/v2\/comments?post=5732"}],"wp:featuredmedia":[{"embeddable":true,"href":"https:\/\/chargingshop.eu\/lt\/wp-json\/wp\/v2\/media\/5423"}],"wp:attachment":[{"href":"https:\/\/chargingshop.eu\/lt\/wp-json\/wp\/v2\/media?parent=5732"}],"wp:term":[{"taxonomy":"product_brand","embeddable":true,"href":"https:\/\/chargingshop.eu\/lt\/wp-json\/wp\/v2\/product_brand?post=5732"},{"taxonomy":"product_cat","embeddable":true,"href":"https:\/\/chargingshop.eu\/lt\/wp-json\/wp\/v2\/product_cat?post=5732"},{"taxonomy":"product_tag","embeddable":true,"href":"https:\/\/chargingshop.eu\/lt\/wp-json\/wp\/v2\/product_tag?post=5732"}],"curies":[{"name":"wp","href":"https:\/\/api.w.org\/{rel}","templated":true}]}}