{"id":4794,"date":"2021-03-01T10:19:28","date_gmt":"2021-03-01T10:19:28","guid":{"rendered":"https:\/\/chargingshop.eu\/product\/elektromobilio-ikrovimo-kabelis-is-type-1-i-type-2-1-faze-16a-5m\/"},"modified":"2021-03-07T15:11:11","modified_gmt":"2021-03-07T15:11:11","slug":"elektromobilio-ikrovimo-kabelis-is-type-1-i-type-2-1-faze-16a-5m","status":"publish","type":"product","link":"https:\/\/chargingshop.eu\/lt\/produktas\/elektromobilio-ikrovimo-kabelis-is-type-1-i-type-2-1-faze-16a-5m\/","title":{"rendered":"Elektromobilio \u012fkrovimo kabelis &#8211; i\u0161 Type 1 \u012f Type 2, 1 faz\u0117, 16A, 5m"},"content":{"rendered":"<h1>Elektromobilio \u012fkrovimo kabelis &#8211; i\u0161 Type 1 \u012f Type 2, 1 faz\u0117, 16A, 5m<\/h1>\n<div>\u0160iuo kabeliu galite \u012fkrauti savo EV \/ PHEV, turint\u012f 1 tipo prievad\u0105 (automobilio lizd\u0105), su EV \u012fkrovimo stotele, turin\u010dia 2 tipo lizd\u0105. Kabelis yra 16 amper\u0173, \u200b\u200bvienfazis, gali \u012fkrauti j\u016bs\u0173 elektromobil\u0173 iki 3,6 kW sparta. Produktas sukurtas patogiam naudojimui ir lengvai prijungiamas. Ilgis yra 5 metrai ir pagamintas i\u0161 termoplastin\u0117s med\u017eiagos. Jis turi apsaugos lyg\u012f IP55, yra atsparus liepsnai, atsparus sl\u0117giui, atsparus dilimui ir sm\u016bgiams.<\/div>\n<div><\/div>\n<div><strong>Kaip laikyti:<\/strong><\/div>\n<div><\/div>\n<div>Kabel\u012f rekomenduojame laikyti sausoje vietoje, pageidautina, kad jis b\u016bt\u0173 laikomas mai\u0161e. Jei \u012f kontaktus pateks dr\u0117gm\u0117s, atsiras gedimas. Jei taip atsitikt\u0173, kabel\u012f 24\u201336 valandoms pad\u0117kite \u0161iltoje ir sausoje vietoje. Venkite kabelio palikti lauke, kur prie jo gali patekti saul\u0117, v\u0117jas, dulk\u0117s ar lietus. D\u0117l kontaktuose esan\u010di\u0173 dulki\u0173 ir ne\u0161varum\u0173 kabelis gali ne\u012fkrauti. D\u0117l ilgaam\u017ei\u0161kumo \u012fsitikinkite, kad saugojimo metu j\u016bs\u0173 EV \u012fkrovimo laidas n\u0117ra susuktas ar per daug sulenktas.<\/div>\n<div><\/div>\n<div>\u201eEV\u201c \u012fkrovimo laid\u0105 labai lengva naudoti ir laikyti. Kabelis skirtas krauti tiek lauke, tiek patalpose, jis turi IP55 (apsauga nuo aplinkos poveikio). Tai rei\u0161kia, kad jis turi apsaug\u0105 nuo dulki\u0173, saul\u0117s ir vandens.<\/div>\n<p>&nbsp;<\/p>\n","protected":false},"excerpt":{"rendered":"<p>Elektromobilio \u012fkrovimo kabelis &#8211; i\u0161 Type 1 \u012f Type 2, 5m ilgio<br \/>\nLengvas ir labai lankstus, tod\u0117l j\u012f paprasta naudoti, laikyti ir transportuoti.\u00a0 Apsauga &#8211; IP55.<\/p>\n","protected":false},"featured_media":4769,"comment_status":"open","ping_status":"closed","template":"","meta":[],"product_brand":[],"product_cat":[497],"product_tag":[],"class_list":{"0":"post-4794","1":"product","2":"type-product","3":"status-publish","4":"has-post-thumbnail","6":"product_cat-elektromobiliu-ikrovimo-kabeliai-adapteriai","8":"first","9":"instock","10":"sale","11":"taxable","12":"shipping-taxable","13":"purchasable","14":"product-type-simple"},"_links":{"self":[{"href":"https:\/\/chargingshop.eu\/lt\/wp-json\/wp\/v2\/product\/4794","targetHints":{"allow":["GET"]}}],"collection":[{"href":"https:\/\/chargingshop.eu\/lt\/wp-json\/wp\/v2\/product"}],"about":[{"href":"https:\/\/chargingshop.eu\/lt\/wp-json\/wp\/v2\/types\/product"}],"replies":[{"embeddable":true,"href":"https:\/\/chargingshop.eu\/lt\/wp-json\/wp\/v2\/comments?post=4794"}],"wp:featuredmedia":[{"embeddable":true,"href":"https:\/\/chargingshop.eu\/lt\/wp-json\/wp\/v2\/media\/4769"}],"wp:attachment":[{"href":"https:\/\/chargingshop.eu\/lt\/wp-json\/wp\/v2\/media?parent=4794"}],"wp:term":[{"taxonomy":"product_brand","embeddable":true,"href":"https:\/\/chargingshop.eu\/lt\/wp-json\/wp\/v2\/product_brand?post=4794"},{"taxonomy":"product_cat","embeddable":true,"href":"https:\/\/chargingshop.eu\/lt\/wp-json\/wp\/v2\/product_cat?post=4794"},{"taxonomy":"product_tag","embeddable":true,"href":"https:\/\/chargingshop.eu\/lt\/wp-json\/wp\/v2\/product_tag?post=4794"}],"curies":[{"name":"wp","href":"https:\/\/api.w.org\/{rel}","templated":true}]}}