{"id":3602,"date":"2021-01-07T08:39:06","date_gmt":"2021-01-07T08:39:07","guid":{"rendered":"https:\/\/chargingshop.eu\/?post_type=product&#038;p=3602"},"modified":"2021-01-07T11:30:35","modified_gmt":"2021-01-07T11:30:35","slug":"abb-terra-su-ekranu-22-kw-type-2-lizdas-rfid-mid-wifi-4g","status":"publish","type":"product","link":"https:\/\/chargingshop.eu\/lt\/produktas\/abb-terra-su-ekranu-22-kw-type-2-lizdas-rfid-mid-wifi-4g\/","title":{"rendered":"ABB Terra su ekranu 22 kW, Type 2 kabelis, RFID, MID, 4G, Wifi"},"content":{"rendered":"<div class=\"video video-fit mb\" style=\"padding-top:56.25%;\"><p><iframe title=\"Terra AC wallbox -  High value quality\" width=\"1020\" height=\"574\" src=\"https:\/\/www.youtube.com\/embed\/ZapL_pinxY0?feature=oembed\" frameborder=\"0\" allow=\"accelerometer; autoplay; encrypted-media; gyroscope; picture-in-picture\" allowfullscreen><\/iframe><\/p>\n<\/div>\n<p><em><strong>ABB Terra su ekranu &#8211; 22 kW socket, RFID, MID skaitliukas, 4G modemas, Wifi\/LAN<\/strong><\/em><\/p>\n<div><strong>Auk\u0161ta kokyb\u0117<\/strong><\/div>\n<div><\/div>\n<div>\u2022 Vienas geriausi\u0173 kokyb\u0117s \/ vert\u0117s santyki\u0173<\/div>\n<div><\/div>\n<div>\u2022 Platus prijungimo galimybi\u0173 pasirinkimas<\/div>\n<div><\/div>\n<div>\u2022 Taupo viet\u0105 ir lengvai montuojamas<\/div>\n<div><\/div>\n<div><strong>Paruo\u0161tas atei\u010diai\u00a0<\/strong><\/div>\n<div><\/div>\n<div>\u2022 I\u0161manioji funkcija optimaliam \u012fkrovimui<\/div>\n<div><\/div>\n<div>\u2022 Energijos skaitikli\u0173 integracija dinaminiam apkrovos valdymui<\/div>\n<div><\/div>\n<div>\u2022 Program\u0117l\u0117 valdymui ir konfig\u016bravimui<\/div>\n<div><\/div>\n<div>\u2022 \u012egalintas nuotolinis programin\u0117s \u012frangos atnaujinimas<\/div>\n<div><\/div>\n<div><strong>Sauga ir apsauga<\/strong><\/div>\n<div><\/div>\n<div>\u2022 \u012evertintos ir patikrintos nepriklausom\u0173 tre\u010di\u0173j\u0173 \u0161ali\u0173, kad atitikt\u0173 auk\u0161\u010diausius standartus<\/div>\n<div><\/div>\n<div>\u2022 Vir\u0161srov\u0119 ribojanti apsauga<\/div>\n<div><\/div>\n<div>\u2022 Integruotos apsaugos, \u012fskaitant nuolatin\u0117s srov\u0117s \u012f\u017eeminim\u0105 ir vir\u0161\u012ftamp\u0105<\/div>\n<div><\/div>\n<div><strong>Apkrovos valdymas<\/strong><\/div>\n<div><\/div>\n<div>\u2022 Integruotas energijos skaitiklis<\/div>\n<div><\/div>\n<div>\u2022 Dinaminio apkrovos valdymo i\u0161orinio energijos skaitiklio integravimo s\u0105ranka<\/div>\n<div><\/div>\n<div>\u2022 Paruo\u0161ta integracijai su pa\u017eangia intelektualia pastato energijos sistema<\/div>\n<div><\/div>\n<div>\n<p><strong>Smart funkcionalum\u0173 prezentacija:<\/strong><\/p>\n<p><a href=\"https:\/\/chargingshop.eu\/wp-content\/uploads\/2020\/12\/chargersync-APP.pdf\">Chargersync APP<\/a><\/p>\n<\/div>\n<div><\/div>\n<div><strong>ChargeSync naudotojo Aplikacija Terra AC stoteli\u0173 kontrolei, krovimo statusui ir konfiguracijai<\/strong><\/div>\n<div><\/div>\n<div>Stotel\u0117s pajungimas:<\/div>\n<div><div class=\"video video-fit mb\" style=\"padding-top:56.25%;\"><p><iframe title=\"ABB Terra AC station setup\" width=\"1020\" height=\"574\" src=\"https:\/\/www.youtube.com\/embed\/9tBaVWj7mHI?feature=oembed\" frameborder=\"0\" allow=\"accelerometer; autoplay; encrypted-media; gyroscope; picture-in-picture\" allowfullscreen><\/iframe><\/p>\n<\/div><\/div>\n<div><\/div>\n<div>Krovimo kontrol\u0117\/statusas:<\/div>\n<div><div class=\"video video-fit mb\" style=\"padding-top:56.25%;\"><p><iframe title=\"ABB Terra AC APP charging process\" width=\"1020\" height=\"574\" src=\"https:\/\/www.youtube.com\/embed\/ZDbrLx06yh0?feature=oembed\" frameborder=\"0\" allow=\"accelerometer; autoplay; encrypted-media; gyroscope; picture-in-picture\" allowfullscreen><\/iframe><\/p>\n<\/div><\/div>\n<div><\/div>\n<div><\/div>\n<div><em><strong>ABB Terra su ekranu &#8211; 22 kW modelis su kabeliu<\/strong><\/em> (<strong>TAC-W22-G5-RD-MC-0 <\/strong><strong>\/ 6AGC081285<\/strong>) <strong>funkcijos<\/strong>:<\/div>\n<div><\/div>\n<div>-Type &#8211; \u201eWallbox\u201c su lizdu<\/div>\n<div>-Galioji galia 22kW<\/div>\n<div>-Trifazis<\/div>\n<div>-Max srov\u0117 32A<\/div>\n<div>-2 tipas<\/div>\n<div>-4G modemas, LAN\/Wifi<\/div>\n<div>-Bevielis internetas<\/div>\n<div>-OCPP 1.6<\/div>\n<div>-Bluetooth<\/div>\n<div>\u201eRTU Modbus\u201c (RS485)<\/div>\n<div>-Spalvotas ekranas<\/div>\n<div>-MID sertifikuota skaitiklis<\/div>\n<div>-RFID<\/div>\n<div><\/div>\n<div>\u201eTerra AC\u201c gaminio bro\u0161i\u016bra:<\/div>\n<p><a href=\"https:\/\/chargingshop.eu\/lt\/?attachment_id=2067\" target=\"_blank\" rel=\"attachment noopener wp-att-2067 noreferrer\">ABB_Terra_AC_wallbox_Brochure_A4<\/a> D\u0116MESIO &#8211; ABB AC Terra modeliam su ekranu &#8211; dviej\u0173 savai\u010di\u0173 pristatymo laikas<\/p>\n","protected":false},"excerpt":{"rendered":"<div>I\u0161skirtin\u0117 kokyb\u0117 i\u0161 pasaulio lyderio e-mobilumo sektoriuje-\u00a0 ABB. I\u0161mani stotel\u0117 u\u017e \u012fprastos kain\u0105.<\/div>\n<div><\/div>\n<ul>\n<li>B\u016bsena ir valdymas per \u201eApp\u201c<\/li>\n<li>Ekranas, RFID, MID energijos matuoklis<\/li>\n<li>4G modemas, LAN &amp;Wifi<\/li>\n<li>Visi\u0161ka apsauga: vir\u0161\u012ftampa, per didel\u0117 \u012ftampa, \u012f\u017eeminimas, integruota \u017eaibo apsauga<\/li>\n<li>Krovimo sesij\u0173 laikmatis \u201ePeak shaving\u201c<\/li>\n<li>Apkrovos balansavimas<\/li>\n<li>ir daug daugiau<\/li>\n<\/ul>\n<div><\/div>\n","protected":false},"featured_media":3613,"comment_status":"open","ping_status":"closed","template":"","meta":[],"product_brand":[],"product_cat":[138,983],"product_tag":[],"class_list":{"0":"post-3602","1":"product","2":"type-product","3":"status-publish","4":"has-post-thumbnail","6":"product_cat-wallbox-ikrovimo-stoteles-lt","7":"product_cat-sale-offers","8":"pa_brand-abb-lt","10":"first","11":"instock","12":"sale","13":"featured","14":"taxable","15":"shipping-taxable","16":"purchasable","17":"product-type-simple"},"_links":{"self":[{"href":"https:\/\/chargingshop.eu\/lt\/wp-json\/wp\/v2\/product\/3602","targetHints":{"allow":["GET"]}}],"collection":[{"href":"https:\/\/chargingshop.eu\/lt\/wp-json\/wp\/v2\/product"}],"about":[{"href":"https:\/\/chargingshop.eu\/lt\/wp-json\/wp\/v2\/types\/product"}],"replies":[{"embeddable":true,"href":"https:\/\/chargingshop.eu\/lt\/wp-json\/wp\/v2\/comments?post=3602"}],"wp:featuredmedia":[{"embeddable":true,"href":"https:\/\/chargingshop.eu\/lt\/wp-json\/wp\/v2\/media\/3613"}],"wp:attachment":[{"href":"https:\/\/chargingshop.eu\/lt\/wp-json\/wp\/v2\/media?parent=3602"}],"wp:term":[{"taxonomy":"product_brand","embeddable":true,"href":"https:\/\/chargingshop.eu\/lt\/wp-json\/wp\/v2\/product_brand?post=3602"},{"taxonomy":"product_cat","embeddable":true,"href":"https:\/\/chargingshop.eu\/lt\/wp-json\/wp\/v2\/product_cat?post=3602"},{"taxonomy":"product_tag","embeddable":true,"href":"https:\/\/chargingshop.eu\/lt\/wp-json\/wp\/v2\/product_tag?post=3602"}],"curies":[{"name":"wp","href":"https:\/\/api.w.org\/{rel}","templated":true}]}}