{"id":2916,"date":"2020-09-01T13:03:45","date_gmt":"2020-09-01T13:03:46","guid":{"rendered":"https:\/\/chargingshop.eu\/?post_type=product&#038;p=2916"},"modified":"2020-09-01T14:59:11","modified_gmt":"2020-09-01T14:59:11","slug":"16a-ikrovimo-adapteris-duosida-36-kw-su-type-2-ir-cee-jungtimis","status":"publish","type":"product","link":"https:\/\/chargingshop.eu\/lt\/produktas\/16a-ikrovimo-adapteris-duosida-36-kw-su-type-2-ir-cee-jungtimis\/","title":{"rendered":"16A \u012fkrovimo adapteris DUOSIDA 3,6 kW su Type 2 ir CEE jungtimis"},"content":{"rendered":"<p><strong>16A \u012fkrovimo adapteris DUOSIDA 3,6 kW su Type 2 ir CEE jungtimis (16A x1 &#8211; viena faz\u0117)\u00a0<\/strong><\/p>\n<p><strong>Funkcionalumai:<\/strong><\/p>\n<ul>\n<li>\u012ekrovimo galia 3,6kW;<\/li>\n<li>Maks. \u012etampa 230V;<\/li>\n<li>Ampera\u017eas 16\u0410;<\/li>\n<li>Automobilio jungtis TYPE2;<\/li>\n<li>Maitinimas &#8211; 16A vienos faz\u0117s;<\/li>\n<li>Kabelio ilgis 5 metrai.<\/li>\n<li>Darbin\u0117s temperat\u016bros diapazonas nuo -30 \u00b0 C iki + 50 \u00b0 C<\/li>\n<li>Gamintojas &#8211; DUOSIDA (Kinija)<\/li>\n<\/ul>\n","protected":false},"excerpt":{"rendered":"<div>Ne\u0161iojamasis \u012fkroviklis TYPE2 skirtas elektromobiliams krauti i\u0161 230 V lizdo.<\/div>\n<div><\/div>\n<div>Naudodami \u012fkrovikl\u012f DUOSIDA, visada galite \u012fkrauti savo elektromobil\u012f visur, kur yra prieiga prie buitinio 230 V lizdo. Kiekvienas elektromobilis turi tur\u0117ti \u0161\u012f adapter\u012f baga\u017ein\u0117je avarinio krovimo atveju.<\/div>\n","protected":false},"featured_media":2926,"comment_status":"open","ping_status":"closed","template":"","meta":[],"product_brand":[],"product_cat":[254],"product_tag":[],"class_list":{"0":"post-2916","1":"product","2":"type-product","3":"status-publish","4":"has-post-thumbnail","6":"product_cat-krovimo-kabelis","8":"first","9":"outofstock","10":"taxable","11":"shipping-taxable","12":"purchasable","13":"product-type-simple"},"_links":{"self":[{"href":"https:\/\/chargingshop.eu\/lt\/wp-json\/wp\/v2\/product\/2916","targetHints":{"allow":["GET"]}}],"collection":[{"href":"https:\/\/chargingshop.eu\/lt\/wp-json\/wp\/v2\/product"}],"about":[{"href":"https:\/\/chargingshop.eu\/lt\/wp-json\/wp\/v2\/types\/product"}],"replies":[{"embeddable":true,"href":"https:\/\/chargingshop.eu\/lt\/wp-json\/wp\/v2\/comments?post=2916"}],"wp:featuredmedia":[{"embeddable":true,"href":"https:\/\/chargingshop.eu\/lt\/wp-json\/wp\/v2\/media\/2926"}],"wp:attachment":[{"href":"https:\/\/chargingshop.eu\/lt\/wp-json\/wp\/v2\/media?parent=2916"}],"wp:term":[{"taxonomy":"product_brand","embeddable":true,"href":"https:\/\/chargingshop.eu\/lt\/wp-json\/wp\/v2\/product_brand?post=2916"},{"taxonomy":"product_cat","embeddable":true,"href":"https:\/\/chargingshop.eu\/lt\/wp-json\/wp\/v2\/product_cat?post=2916"},{"taxonomy":"product_tag","embeddable":true,"href":"https:\/\/chargingshop.eu\/lt\/wp-json\/wp\/v2\/product_tag?post=2916"}],"curies":[{"name":"wp","href":"https:\/\/api.w.org\/{rel}","templated":true}]}}