{"id":2847,"date":"2020-08-31T12:13:20","date_gmt":"2020-08-31T12:13:21","guid":{"rendered":"https:\/\/chargingshop.eu\/?post_type=product&#038;p=2847"},"modified":"2020-08-31T13:40:53","modified_gmt":"2020-08-31T13:40:53","slug":"duosida-7-kw-ikrovimo-jungtis-su-reguliuojamu-adapteriu-8-32a-type-1-cee-kistukas","status":"publish","type":"product","link":"https:\/\/chargingshop.eu\/lt\/produktas\/duosida-7-kw-ikrovimo-jungtis-su-reguliuojamu-adapteriu-8-32a-type-1-cee-kistukas\/","title":{"rendered":"DUOSIDA 7 kW \u012fkrovimo jungtis su reguliuojamu adapteriu 8\u201332A Type 1 + CEE ki\u0161tukas"},"content":{"rendered":"<p><strong>DUOSIDA 7 kW \u012fkrovimo jungtis su reguliuojamu adapteriu 8\u201332A<\/strong><\/p>\n<p><strong>Funkcionalumai:<\/strong><\/p>\n<ul>\n<li>\u012ekrovimo galia nuo 2kW iki 7,2kW (reguliuojama \u012fkrovimo srov\u0117);<\/li>\n<li>\u012etampa 230V;<\/li>\n<li>\u012ekrovimo srov\u0117 8\u0410, 10\u0410, 13\u0410, 16\u0410, 32\u0410 (reguliuojama \u012fkrovimo srov\u0117);<\/li>\n<li>Elektromobilio prijungimo jungtis TYPE1 monolitin\u0117;<\/li>\n<li>Malonaus plastiko su guminiais intarpais korpusas, apsaugos laipsnis IP67;<\/li>\n<li>Jungtis prijungimui prie tinklo 32A vienos faz\u0117s (galima \u012fsigyti papildomai prijungimui prie 32A 400V trij\u0173 fazi\u0173 lizdo adapter\u012f);<\/li>\n<li>Maitinimo jungties temperat\u016brinis jutiklis (rodoma prietaiso displ\u0117juje);<\/li>\n<li>Elektros energijos skaitiklis (rodoma prietaiso displ\u0117juje);<\/li>\n<li>Kabelio ilgis 5 metrai.<\/li>\n<\/ul>\n<p>&nbsp;<\/p>\n","protected":false},"excerpt":{"rendered":"<p>\u012ekroviklis ne\u0161iojamas TYPE1 (reguliuojamas) suteikia galimyb\u0119 \u012fkrauti elektromobil\u012f nuo buitinio 32A lizdo vienos ar trij\u0173 fazi\u0173 (naudojant atitinkam\u0105 adapter\u012f). Esant poreikiui, prie nepakankamos galios elektros \u012fvado, arba esant senai ir nepatikimai elektros instaliacijai, galima suma\u017einti \u012fkrovimo srov\u0119.\u00a0 Pavyzd\u017eiui, kai naudojami visi esantys namuose elektros prietaisai (piko metu) galima suma\u017einti \u012fkrovimo srov\u0119, o kai reikia greitai \u012fkrauti elektromobil\u012f gal\u0117site naudoti \u0161\u012f \u012fkrovikl\u012f net iki 7,2kW galios ir 32A \u012fkrovimo srov\u0117s.<\/p>\n","protected":false},"featured_media":2661,"comment_status":"open","ping_status":"closed","template":"","meta":[],"product_brand":[],"product_cat":[254],"product_tag":[],"class_list":{"0":"post-2847","1":"product","2":"type-product","3":"status-publish","4":"has-post-thumbnail","6":"product_cat-krovimo-kabelis","8":"first","9":"instock","10":"taxable","11":"shipping-taxable","12":"purchasable","13":"product-type-simple"},"_links":{"self":[{"href":"https:\/\/chargingshop.eu\/lt\/wp-json\/wp\/v2\/product\/2847","targetHints":{"allow":["GET"]}}],"collection":[{"href":"https:\/\/chargingshop.eu\/lt\/wp-json\/wp\/v2\/product"}],"about":[{"href":"https:\/\/chargingshop.eu\/lt\/wp-json\/wp\/v2\/types\/product"}],"replies":[{"embeddable":true,"href":"https:\/\/chargingshop.eu\/lt\/wp-json\/wp\/v2\/comments?post=2847"}],"wp:featuredmedia":[{"embeddable":true,"href":"https:\/\/chargingshop.eu\/lt\/wp-json\/wp\/v2\/media\/2661"}],"wp:attachment":[{"href":"https:\/\/chargingshop.eu\/lt\/wp-json\/wp\/v2\/media?parent=2847"}],"wp:term":[{"taxonomy":"product_brand","embeddable":true,"href":"https:\/\/chargingshop.eu\/lt\/wp-json\/wp\/v2\/product_brand?post=2847"},{"taxonomy":"product_cat","embeddable":true,"href":"https:\/\/chargingshop.eu\/lt\/wp-json\/wp\/v2\/product_cat?post=2847"},{"taxonomy":"product_tag","embeddable":true,"href":"https:\/\/chargingshop.eu\/lt\/wp-json\/wp\/v2\/product_tag?post=2847"}],"curies":[{"name":"wp","href":"https:\/\/api.w.org\/{rel}","templated":true}]}}