{"id":2696,"date":"2020-04-24T07:41:27","date_gmt":"2020-04-24T07:41:27","guid":{"rendered":"https:\/\/chargingshop.eu\/product\/ensto-home-one-7-4-kw-su-5m-type-2-kabeliu\/"},"modified":"2020-08-06T06:44:22","modified_gmt":"2020-08-06T06:44:22","slug":"ensto-home-one-7-4-kw-su-5m-type-2-kabeliu","status":"publish","type":"product","link":"https:\/\/chargingshop.eu\/lt\/produktas\/ensto-home-one-7-4-kw-su-5m-type-2-kabeliu\/","title":{"rendered":"ENSTO HOME ONE 7.4 kW, su 5m Type 2 kabeliu"},"content":{"rendered":"<div class=\"video video-fit mb\" style=\"padding-top:56.25%;\"><p><iframe title=\"Ensto One Home \u2013 Super Electric Driving Experience\" width=\"1020\" height=\"574\" src=\"https:\/\/www.youtube.com\/embed\/tiPzkaBSWt0?feature=oembed\" frameborder=\"0\" allow=\"accelerometer; autoplay; encrypted-media; gyroscope; picture-in-picture\" allowfullscreen><\/iframe><\/p>\n<\/div>\n<p>&nbsp;<\/p>\n<div class=\"block comtextblock col-xs-12 col-sm-6 col-md-6 col-half\">\n<div class=\"text-block clearfix\">\n<p class=\"ng-scope\"><strong>ENSTO HOME ONE 7.4 kW su Type 2 kabeliu (modelis EVH321-HCR00) galima kontroliuoti su telefono aplikacija per Bluetooth jungt\u012f<\/strong><\/p>\n<p class=\"ng-scope\"><span style=\"color: #333333;\"><br \/>\n7.4 kW\u00a0 1x32A krovimo galia &#8211; vaskas ko reikia krovimui namuose arba ofiso parkinge.<\/span><\/p>\n<p class=\"ng-scope\"><strong>Idealus bet kuriai aplinkai<\/strong><\/p>\n<ul class=\"ng-scope\">\n<li>Ma\u017ea kaina<\/li>\n<li>Puikiai tiks namans ar net verslams turintiem elektromobili\u0173 park\u0105<\/li>\n<\/ul>\n<p class=\"ng-scope\"><strong>Elegancija ir patikimumas<\/strong><\/p>\n<ul class=\"ng-scope\">\n<li>Stilingas Scandinavi\u0161kas dizainas<\/li>\n<li>Auk\u0161tos kokyb\u0117s industriniai komponentai su eleganti\u0161ku ir patikimu aliuminiu pavir\u0161iumi<\/li>\n<li>Pilnai atitinka ES normas<\/li>\n<\/ul>\n<\/div>\n<\/div>\n<div class=\"block comtextblock col-xs-12 col-sm-6 col-md-6 col-half\">\n<div class=\"text-block clearfix\">\n<p class=\"ng-scope\"><strong>Vartotojui draugi\u0161kas sprendimas<\/strong><\/p>\n<ul class=\"ng-scope\">\n<li>Tiesiog \u012fjunk kabel\u012f \u012f automobil\u012f ir krauk<\/li>\n<li>Jei stotel\u0117 \u012frengta vie\u0161ame parkinge, galima \u012fgaliti autorizacijos funkcij\u0105 su aplikacija<\/li>\n<li>Kabelio ilgis \u2013 5 metrai<\/li>\n<\/ul>\n<p><strong>Valdomas\/konfiguruojamas per Bluetooth APP<\/strong><\/p>\n<ul>\n<li>Start \/ Stop krovimo funkcija per\u00a0 App (kuomet nustatyta autorizacijos funkcija)<\/li>\n<li>Aplikacijoje galima pasirinkti skirtingas kalbas<\/li>\n<li>Galima konfiguruoti krovimo srov\u0119 nuo 6 iki 32A aplikacijoje<\/li>\n<\/ul>\n<\/div>\n<\/div>\n","protected":false},"excerpt":{"rendered":"<p><b>Ensto One Home <\/b>padarys j\u016bs\u0173 krovim\u0105 paprastu ir saugiu. \u00a0Eleganti\u0161ka ir patikima krovimo stotel\u0117 su integruotu 5m Type 2 krovimo kabeliu. Integruotas nuolatin\u0117s srov\u0117s steb\u0117jimo modulis nuolatin\u0117s srov\u0117s nuot\u0117kio aptikimui (RDC-DD, 6mA).<\/p>\n","protected":false},"featured_media":2229,"comment_status":"open","ping_status":"closed","template":"","meta":[],"product_brand":[],"product_cat":[138],"product_tag":[],"class_list":{"0":"post-2696","1":"product","2":"type-product","3":"status-publish","4":"has-post-thumbnail","6":"product_cat-wallbox-ikrovimo-stoteles-lt","7":"pa_brand-ensto-lt","9":"first","10":"instock","11":"taxable","12":"shipping-taxable","13":"purchasable","14":"product-type-simple"},"_links":{"self":[{"href":"https:\/\/chargingshop.eu\/lt\/wp-json\/wp\/v2\/product\/2696","targetHints":{"allow":["GET"]}}],"collection":[{"href":"https:\/\/chargingshop.eu\/lt\/wp-json\/wp\/v2\/product"}],"about":[{"href":"https:\/\/chargingshop.eu\/lt\/wp-json\/wp\/v2\/types\/product"}],"replies":[{"embeddable":true,"href":"https:\/\/chargingshop.eu\/lt\/wp-json\/wp\/v2\/comments?post=2696"}],"wp:featuredmedia":[{"embeddable":true,"href":"https:\/\/chargingshop.eu\/lt\/wp-json\/wp\/v2\/media\/2229"}],"wp:attachment":[{"href":"https:\/\/chargingshop.eu\/lt\/wp-json\/wp\/v2\/media?parent=2696"}],"wp:term":[{"taxonomy":"product_brand","embeddable":true,"href":"https:\/\/chargingshop.eu\/lt\/wp-json\/wp\/v2\/product_brand?post=2696"},{"taxonomy":"product_cat","embeddable":true,"href":"https:\/\/chargingshop.eu\/lt\/wp-json\/wp\/v2\/product_cat?post=2696"},{"taxonomy":"product_tag","embeddable":true,"href":"https:\/\/chargingshop.eu\/lt\/wp-json\/wp\/v2\/product_tag?post=2696"}],"curies":[{"name":"wp","href":"https:\/\/api.w.org\/{rel}","templated":true}]}}