{"id":2692,"date":"2020-01-15T12:25:26","date_gmt":"2020-01-15T12:25:26","guid":{"rendered":"https:\/\/chargingshop.eu\/product\/ensto-efiller-11-kw-3x16a\/"},"modified":"2020-08-05T10:08:52","modified_gmt":"2020-08-05T10:08:52","slug":"ensto-efiller-11-kw-3x16a","status":"publish","type":"product","link":"https:\/\/chargingshop.eu\/lt\/produktas\/ensto-efiller-11-kw-3x16a\/","title":{"rendered":"ENSTO eFiller 11kW (3x16A) &#8211; trifazis su Type 2 kabeliu"},"content":{"rendered":"<div class=\"block comtextblock col-xs-12 col-sm-6 col-md-6 col-half\">\n<div class=\"text-block clearfix\">\n<p class=\"ng-scope\"><strong>ENSTO eFiller 11kW &#8211; trifazis (3x16A)<\/strong><\/p>\n<p class=\"ng-scope\"><strong>Idealus bet kuriai aplinkai<\/strong><\/p>\n<ul class=\"ng-scope\">\n<li>Galingas (11kW) trij\u0173 fazi\u0173 krovimas<\/li>\n<li>Ma\u017ea kaina<\/li>\n<li>Puikiai tiks namans ar net verslams turintiem elektromobili\u0173 park\u0105<\/li>\n<\/ul>\n<\/div>\n<\/div>\n<div class=\"block comtextblock col-xs-12 col-sm-6 col-md-6 col-half\">\n<div class=\"text-block clearfix\">\n<p class=\"ng-scope\"><strong>Elegancija ir patikimumas<\/strong><\/p>\n<ul class=\"ng-scope\">\n<li>Stilingas Scandinavi\u0161kas dizainas<\/li>\n<li>Auk\u0161tos kokyb\u0117s industriniai komponentai su eleganti\u0161ku ir patikimu aliuminiu pavir\u0161iumi<\/li>\n<li>Pilnai atitinka ES normas<\/li>\n<\/ul>\n<p class=\"ng-scope\"><strong>Vartotojui draugi\u0161kas sprendimas<\/strong><\/p>\n<ul class=\"ng-scope\">\n<li>Tiesiog \u012fjunk kabel\u012f \u012f automobil\u012f ir krauk<\/li>\n<li>Kabelio ilgis \u2013 4,5 metrai<\/li>\n<\/ul>\n<\/div>\n<\/div>\n","protected":false},"excerpt":{"rendered":"<p>ENSTO eFiller 11kW\u00a0 su Type 2 kabeliu. Kompakti\u0161ka stotel\u0117 montuojama ant sienos su integruotu krovimo kabeliu.\u00a0 Stilingas ir\u00a0 patikimas dizainas puikiai tinkantis paprastam krovimui namie, tuomet kai nereikalinga jau \u012fmontuota vir\u0161srov\u0117s apsauga ar s\u0105saja su nuotolin\u0117mis valdymo sistemomis.<\/p>\n","protected":false},"featured_media":1611,"comment_status":"open","ping_status":"closed","template":"","meta":[],"product_brand":[],"product_cat":[138],"product_tag":[],"class_list":{"0":"post-2692","1":"product","2":"type-product","3":"status-publish","4":"has-post-thumbnail","6":"product_cat-wallbox-ikrovimo-stoteles-lt","7":"pa_brand-ensto-lt","9":"first","10":"instock","11":"sale","12":"taxable","13":"shipping-taxable","14":"purchasable","15":"product-type-simple"},"_links":{"self":[{"href":"https:\/\/chargingshop.eu\/lt\/wp-json\/wp\/v2\/product\/2692","targetHints":{"allow":["GET"]}}],"collection":[{"href":"https:\/\/chargingshop.eu\/lt\/wp-json\/wp\/v2\/product"}],"about":[{"href":"https:\/\/chargingshop.eu\/lt\/wp-json\/wp\/v2\/types\/product"}],"replies":[{"embeddable":true,"href":"https:\/\/chargingshop.eu\/lt\/wp-json\/wp\/v2\/comments?post=2692"}],"wp:featuredmedia":[{"embeddable":true,"href":"https:\/\/chargingshop.eu\/lt\/wp-json\/wp\/v2\/media\/1611"}],"wp:attachment":[{"href":"https:\/\/chargingshop.eu\/lt\/wp-json\/wp\/v2\/media?parent=2692"}],"wp:term":[{"taxonomy":"product_brand","embeddable":true,"href":"https:\/\/chargingshop.eu\/lt\/wp-json\/wp\/v2\/product_brand?post=2692"},{"taxonomy":"product_cat","embeddable":true,"href":"https:\/\/chargingshop.eu\/lt\/wp-json\/wp\/v2\/product_cat?post=2692"},{"taxonomy":"product_tag","embeddable":true,"href":"https:\/\/chargingshop.eu\/lt\/wp-json\/wp\/v2\/product_tag?post=2692"}],"curies":[{"name":"wp","href":"https:\/\/api.w.org\/{rel}","templated":true}]}}