{"id":2670,"date":"2020-07-25T10:14:38","date_gmt":"2020-07-25T10:14:40","guid":{"rendered":"https:\/\/chargingshop.eu\/?post_type=product&#038;p=2670"},"modified":"2020-09-22T17:49:28","modified_gmt":"2020-09-22T17:49:28","slug":"elektromobilio-ikrovimo-kabelis-22-kw-type-2-32a-x3-triju-faziu-5-m-ilgio-copy-2","status":"publish","type":"product","link":"https:\/\/chargingshop.eu\/lt\/produktas\/elektromobilio-ikrovimo-kabelis-22-kw-type-2-32a-x3-triju-faziu-5-m-ilgio-copy-2\/","title":{"rendered":"Elektromobilio \u012fkrovimo kabelis 22 kW Type 2 (32A x3 &#8211; trij\u0173 fazi\u0173) \u2013 5 m ilgio"},"content":{"rendered":"<p><strong>Elektromobilio \u012fkrovimo kabelis 22 kW Type 2 (32A x3 &#8211; trij\u0173 fazi\u0173)<\/strong><\/p>\n<p><strong>Funkcionalumai:<\/strong><\/p>\n<ul>\n<li>Standartin\u0117 Type 2\u00a0 jungtis<\/li>\n<li>Tvirtas dizainas. Jo konstrukcinis stiprumas yra pakankamas palaikyti sustabdyti elektromobil\u012f nuo ried\u0117jimo.<\/li>\n<li>Unikali lanko gesinimo technologija u\u017etikrina, kad \u012fjungiant ir i\u0161jungiant nebus elektros kibirk\u0161\u010di\u0173.<\/li>\n<li>Saugu ir patikima. Kabelis pagamintas i\u0161 antipirenin\u0117s TPE (TPU) med\u017eiagos, kuri saugiu metu gali atlaikyti tiesiogin\u012f gaisro degim\u0105.<\/li>\n<li>Patvarus. Pa\u017eangi gofravimo technologija garantuoja ilg\u0105 tarnavimo laik\u0105.<\/li>\n<li>IP44 apsaugos klas\u0117<\/li>\n<li>Darbin\u0117 \u012ftampa 240VAC<\/li>\n<li>Darbin\u0117s temperat\u016bros diapazonas nuo -30 \u00b0 C iki + 60 \u00b0 C<\/li>\n<li>Variu dengti kontaktai<\/li>\n<\/ul>\n<p>&nbsp;<\/p>\n","protected":false},"excerpt":{"rendered":"<p>Elektromobilio \u012fkrovimo kabelis 11 kW Type 2 (16A x3 &#8211; trij\u0173 fazi\u0173) \u2013 tinka kasdieniniam krovimui priva\u010diose ar vie\u0161ose stotel\u0117se.<\/p>\n","protected":false},"featured_media":1917,"comment_status":"open","ping_status":"closed","template":"","meta":[],"product_brand":[],"product_cat":[497,254,491],"product_tag":[],"class_list":{"0":"post-2670","1":"product","2":"type-product","3":"status-publish","4":"has-post-thumbnail","6":"product_cat-elektromobiliu-ikrovimo-kabeliai-adapteriai","7":"product_cat-krovimo-kabelis","8":"product_cat-ev-charging-cables","10":"first","11":"instock","12":"taxable","13":"shipping-taxable","14":"purchasable","15":"product-type-simple"},"_links":{"self":[{"href":"https:\/\/chargingshop.eu\/lt\/wp-json\/wp\/v2\/product\/2670","targetHints":{"allow":["GET"]}}],"collection":[{"href":"https:\/\/chargingshop.eu\/lt\/wp-json\/wp\/v2\/product"}],"about":[{"href":"https:\/\/chargingshop.eu\/lt\/wp-json\/wp\/v2\/types\/product"}],"replies":[{"embeddable":true,"href":"https:\/\/chargingshop.eu\/lt\/wp-json\/wp\/v2\/comments?post=2670"}],"wp:featuredmedia":[{"embeddable":true,"href":"https:\/\/chargingshop.eu\/lt\/wp-json\/wp\/v2\/media\/1917"}],"wp:attachment":[{"href":"https:\/\/chargingshop.eu\/lt\/wp-json\/wp\/v2\/media?parent=2670"}],"wp:term":[{"taxonomy":"product_brand","embeddable":true,"href":"https:\/\/chargingshop.eu\/lt\/wp-json\/wp\/v2\/product_brand?post=2670"},{"taxonomy":"product_cat","embeddable":true,"href":"https:\/\/chargingshop.eu\/lt\/wp-json\/wp\/v2\/product_cat?post=2670"},{"taxonomy":"product_tag","embeddable":true,"href":"https:\/\/chargingshop.eu\/lt\/wp-json\/wp\/v2\/product_tag?post=2670"}],"curies":[{"name":"wp","href":"https:\/\/api.w.org\/{rel}","templated":true}]}}