{"id":2332,"date":"2020-05-01T08:07:21","date_gmt":"2020-05-01T08:07:21","guid":{"rendered":"https:\/\/chargingshop.eu\/product\/abb-terra-dc-wallbox-24-kw-ccs2\/"},"modified":"2021-03-11T14:44:09","modified_gmt":"2021-03-11T14:44:09","slug":"abb-terra-dc-wallbox-24-kw-ccs2","status":"publish","type":"product","link":"https:\/\/chargingshop.eu\/lt\/produktas\/abb-terra-dc-wallbox-24-kw-ccs2\/","title":{"rendered":"ABB Terra DC Wallbox 24 kW CCS2"},"content":{"rendered":"<p><strong>ABB Terra DC Wallbox 24 kW CCS2 with 3.5m kabelis (modelis &#8211; 6AGC077815)\u00a0<\/strong><\/p>\n<h3 class=\"p1\">Kod\u0117l verta rinktis DC wallbox stotel\u0119, vietoj AC stotel\u0117s<\/h3>\n<p>\u012ekraunant AC kintamos srov\u0117s stotele, \u012fkrovimo gali\u0105 da\u017enai riboja \u012fmontuotas EV adapteris. Automobilyje \u012fmontuoto adapterio galia paprastai yra nuo 3 iki 7 kW. Bet kokia papildoma energija, kuri\u0105 gali pateikti kintamosios srov\u0117s \u012fkrovimo stotel\u0117 lieka nepaudojama. Kraunant DC (nuolatine srove) 24 kW maksimali nuolatin\u0117 galia tiekiama tiesiogiai akumuliatoriui, apeinant elektromobilyje integruoto adapterio apribojimus. Naudodami \u201eTerra DC Wallbox\u201c galite u\u017etikrinti 24 kW galios tiekim\u0105, nesvarbu, koks EV modelis yra \u012fkraunamas, ar jis turi kintamos srov\u0117s keitikl\u012f, ar ne.<\/p>\n<h3>Pa\u017eangus dizainas: kompakti\u0161kas, patogus, sujungtas<\/h3>\n<div><\/div>\n<div>\u2022 Taupoma erdv\u0117, lengvai montuojama<\/div>\n<div><\/div>\n<div>\u2022 Patogi vartotojui s\u0105saja su 7 coli\u0173 LCD jutikliniu ekranu stotel\u0117je<\/div>\n<div><\/div>\n<div>\u2022 daug prisijungimo galimybi\u016b: OCPP, 4G, LAN<\/div>\n<div><\/div>\n<h3>Paruo\u0161tas atei\u010diai:<\/h3>\n<div><\/div>\n<div>\u2022 Visi\u0161kai suderinamas su dabartiniais ir b\u016bsimais elektromobiliais<\/div>\n<div><\/div>\n<div>\u2022 Nuotoliniai programin\u0117s \u012frangos atnaujinimai<\/div>\n<div><\/div>\n<div>\u2022 I\u0161manusis funkcionalumas rei\u0161kia optimizuot\u0105 ir rentabil\u0173 \u012fkrovim\u0105<\/div>\n<div><\/div>\n<h3>Saugumas: viduje \u012fmontuota apsauga<\/h3>\n<div><\/div>\n<div>\u2022 \u012evertinta ir patikrinta pagal auk\u0161\u010diausius nepriklausomus standartus<\/div>\n<div><\/div>\n<div>\u2022 Saugu naudoti gyvenamosiose vietose<\/div>\n<div><\/div>\n<div>\u2022 Integruota apsauga su \u012f\u017eeminimu<\/div>\n<div><\/div>\n<div>\u2022 Lauko ir vidaus \u012frengimas NEMA 3 ir IP54<\/div>\n<div><\/div>\n<h3>Apkrovos valdymas<\/h3>\n<div><\/div>\n<div>\u2022 I\u0161manusis \u012fkrovimas per OCPP<\/div>\n<div><\/div>\n<div>\u2022 Dinaminio apkrovos valdymo i\u0161orinio energijos skaitiklio integravimo s\u0105ranka<\/div>\n<div><\/div>\n<div>\u2022 Paruo\u0161ta integracijai su pa\u017eangia intelektualia pastato energijos sistema<\/div>\n<div><\/div>\n<h3>Integruota elektros sauga<\/h3>\n<div><\/div>\n<div>\u2022 vir\u0161srov\u0117<\/div>\n<div><\/div>\n<div>\u2022 Nuo vir\u0161ytos ir per \u017eemos \u012ftampos<\/div>\n<div><\/div>\n<div>\u2022 \u012e\u017eeminimo gedimas<\/div>\n<div><\/div>\n<div>\u2022 Apsauga nuo vir\u0161\u012ftampos<\/div>\n<div><\/div>\n<div>\u2022 PE (ang. protective eatrh &#8211; apsaugin\u0117s \u017eem\u0117s) t\u0119stinumo steb\u0117sena<\/div>\n<div><\/div>\n<div>\u2022 Nuot\u0117kio srov\u0117s monitoriaus apsauga<\/div>\n<div><\/div>\n<h3>Ry\u0161iai<\/h3>\n<div><\/div>\n<div>\u2022 GSM \/ 3G \/ 4G<\/div>\n<div><\/div>\n<div>\u2022 Ethrnet<\/div>\n<div><\/div>\n<div>\u2022 RFID<\/div>\n<div><\/div>\n<h3>\u00a0Galia<\/h3>\n<div><\/div>\n<div>\u2022 0\u201322,5 kW, 24 kW (did\u017eiausia) \/ 60 A<\/div>\n<div><\/div>\n<div>\u2022 \u012ekrovimo \u012ftampa: CCS: 150 &#8211; 920 V DC<\/div>\n<div><\/div>\n<div><\/div>\n<div><\/div>\n<div>Pristatymo laikas: 8 savait\u0117s po u\u017esakymo<\/div>\n<div><\/div>\n<div>Atkreipkite d\u0117mes\u012f &#8211; CCS jungties laikiklis (kuris yra gaminio paveiksl\u0117lyje) ne\u012feina \u012f komplektacij\u0105. J\u012f galima u\u017esakyti atskirai <a href=\"https:\/\/chargingshop.eu\/product\/ccs-connector-holder\/\">\u010dia<\/a>.<\/div>\n<div><\/div>\n<div>Pjedestal\u0105 montavimui galima u\u017esisakyti atskirai.<\/div>\n<div><\/div>\n<div>Galima \u012fsigyti su dviguba CCS2 ir \u201eChademo\u201c jungtimis.<\/div>\n<div><\/div>\n<div>Produkt\u0173 bro\u0161i\u016bros:<\/div>\n","protected":false},"excerpt":{"rendered":"<p>\u201eABB Terra DC Wallbox 24 kW\u201c &#8211; sukurta pirmaujan\u010diio elektros \u012frengini\u0173 gamintojo, kuriuo pasitiki energijos tiek\u0117jais ir vyriausyb\u0117mis, tod\u0117l \u201eTerra DC\u201c sienin\u0117 d\u0117\u017eut\u0117 leid\u017eia greitai \u012fkrauti saugiai, protingai. 130 met\u0173 naujovi\u0173 ir de\u0161imtme\u010dio patirties e. Mobilumo, DC sienin\u0117 d\u0117\u017eut\u0117 sukurta tam, kad palaikyt\u0173 nuolatin\u0119 elektrini\u0173 transporto priemoni\u0173 pa\u017eang\u0105.<\/p>\n","protected":false},"featured_media":2318,"comment_status":"open","ping_status":"closed","template":"","meta":[],"product_brand":[],"product_cat":[139,138],"product_tag":[],"class_list":{"0":"post-2332","1":"product","2":"type-product","3":"status-publish","4":"has-post-thumbnail","6":"product_cat-dc-ikrovimo-stoteles","7":"product_cat-wallbox-ikrovimo-stoteles-lt","8":"pa_brand-abb-lt","10":"first","11":"outofstock","12":"sale","13":"taxable","14":"shipping-taxable","15":"purchasable","16":"product-type-simple"},"_links":{"self":[{"href":"https:\/\/chargingshop.eu\/lt\/wp-json\/wp\/v2\/product\/2332","targetHints":{"allow":["GET"]}}],"collection":[{"href":"https:\/\/chargingshop.eu\/lt\/wp-json\/wp\/v2\/product"}],"about":[{"href":"https:\/\/chargingshop.eu\/lt\/wp-json\/wp\/v2\/types\/product"}],"replies":[{"embeddable":true,"href":"https:\/\/chargingshop.eu\/lt\/wp-json\/wp\/v2\/comments?post=2332"}],"wp:featuredmedia":[{"embeddable":true,"href":"https:\/\/chargingshop.eu\/lt\/wp-json\/wp\/v2\/media\/2318"}],"wp:attachment":[{"href":"https:\/\/chargingshop.eu\/lt\/wp-json\/wp\/v2\/media?parent=2332"}],"wp:term":[{"taxonomy":"product_brand","embeddable":true,"href":"https:\/\/chargingshop.eu\/lt\/wp-json\/wp\/v2\/product_brand?post=2332"},{"taxonomy":"product_cat","embeddable":true,"href":"https:\/\/chargingshop.eu\/lt\/wp-json\/wp\/v2\/product_cat?post=2332"},{"taxonomy":"product_tag","embeddable":true,"href":"https:\/\/chargingshop.eu\/lt\/wp-json\/wp\/v2\/product_tag?post=2332"}],"curies":[{"name":"wp","href":"https:\/\/api.w.org\/{rel}","templated":true}]}}