{"id":2277,"date":"2020-04-25T17:32:14","date_gmt":"2020-04-25T17:32:14","guid":{"rendered":"https:\/\/chargingshop.eu\/product\/load-guard-etrel-sttotelems-150a\/"},"modified":"2020-04-27T13:10:20","modified_gmt":"2020-04-27T13:10:20","slug":"load-guard-etrel-sttotelems-150a","status":"publish","type":"product","link":"https:\/\/chargingshop.eu\/lt\/produktas\/load-guard-etrel-sttotelems-150a\/","title":{"rendered":"Load guard paskirstymo sensorius Etrel stotel\u0117ms 150A"},"content":{"rendered":"<h2><div class=\"video video-fit mb\" style=\"padding-top:56.25%;\"><p><iframe title=\"Interactive Charging Explained\" width=\"1020\" height=\"574\" src=\"https:\/\/www.youtube.com\/embed\/kzWdPGViz6A?feature=oembed\" frameborder=\"0\" allow=\"accelerometer; autoplay; encrypted-media; gyroscope; picture-in-picture\" allowfullscreen><\/iframe><\/p>\n<\/div><\/h2>\n<p>&nbsp;<\/p>\n<h2 class=\"vc_custom_heading vc_custom_1571907671781\">SU &#8216;LOAD GUARD&#8217; SENSORIUMI &#8211; SAUGUS IR EKONOMI\u0160KAI EFEKTYVUS ELEKTROMOBILIO KROVIMAS NAMUOSE<\/h2>\n<div class=\"wpb_text_column wpb_content_element \">\n<div class=\"wpb_wrapper\">\n<p>\u201eLoad Guard\u201c padeda i\u0161vengti \u012frengini\u0173 perkrov\u0173 suma\u017eindamas \u012fkrovimo gali\u0105 elektromobiliui, kai nam\u0173 \u016bkyje sunaudojama did\u017eiausia energija. Padeda sutaupyti nutraukiant krovim\u0105 piko valandomis, kuomet elektra iki 30% brangesn\u0117.<\/p>\n<\/div>\n<h2 class=\"vc_custom_heading vc_custom_1571109147393\">KRAUKITE TIESIOGAI I\u0160 J\u016aS\u0172 SAUL\u0116S J\u0116GAIN\u0116S \u012e ELEKTROMOBIL\u012e.<\/h2>\n<div class=\"wpb_text_column wpb_content_element \">\n<div class=\"wpb_wrapper\">\n<p>\u201eLoad Guard\u201c sensorius matuoja elektros srov\u0117s lyg\u012f abiem kryptimis, tod\u0117l jis gali aptikti pertekli\u0173, kur\u012f sukuria vietiniai atsinaujinantys energijos \u0161altiniai, pavyzd\u017eiui saul\u0117s j\u0117gain\u0117. \u017dalia energija gali b\u016bti naudojama greitesniam ir pigesniam \u012fkrovimui, naudojant algoritmus INCH \u012fkrovimo stotyse.<\/p>\n<h2 class=\"vc_custom_heading vc_custom_1571109147393\">INTELEKTYVUS \u012eKROVIMO SPRENDIMAS APSAUGO NUO SAUGIKLI\u0172 PERKROV\u0172, REGULIUOJANT AUTOMOBILI\u0172 \u012eKROVIMO GALI\u0104 REALIU LAIKU<\/h2>\n<p>I\u0161manusis sensorius mato pastato elektros sunaudojim\u0105. \u012ekrovimo galia dinami\u0161kai sureguliuojama taip, kad likt\u0173 \u017eemiau suvartojimo ribos ir i\u0161laikyt\u0173 pagrindin\u012f saugikl\u012f nuo perkrovos.<\/p>\n<h2 class=\"vc_custom_heading vc_custom_1571109147393\">TINKA IR J\u016aS\u0172 VERSLUI<\/h2>\n<p>Padidinkite savo \u012fkrovimo klaster\u012f did\u0117jant transporto priemoni\u0173 parkui \/ vartotojams. U\u017ekirskite keli\u0105 perkrovoms automati\u0161kai perkeldami \u012fkrovimo laik\u0105 piko valandomis ir nustatydami maksimali\u0105 klasterio gali\u0105. Padidinkite tinklo jungties ta\u0161ko gali\u0105 tik tada, kai to reikia.<\/p>\n<p>&nbsp;<\/p>\n<table width=\"305\">\n<tbody>\n<tr>\n<td width=\"122\"><strong>Dimension<\/strong><\/td>\n<td width=\"183\">9,1\u00a0 x 5,4 x 6,2 cm or 3 DIN rail slots<\/td>\n<\/tr>\n<tr>\n<td width=\"122\"><strong>Clamp cable length<\/strong><\/td>\n<td width=\"183\">70 cm<\/td>\n<\/tr>\n<tr>\n<td width=\"122\"><strong>Clamp diameter<\/strong><\/td>\n<td width=\"183\">Small: 16 mm, Large: 24 mm<\/td>\n<\/tr>\n<tr>\n<td width=\"122\"><strong>Connection<\/strong><\/td>\n<td width=\"183\">1-phase or 3-phase<\/td>\n<\/tr>\n<tr>\n<td width=\"122\"><strong>Max Rated Current<\/strong><\/td>\n<td width=\"183\">150 A<\/td>\n<\/tr>\n<tr>\n<td width=\"122\"><strong>Communication<\/strong><\/td>\n<td width=\"183\">Ethernet<\/td>\n<\/tr>\n<tr>\n<td width=\"122\"><strong>Configuration and monitoring<\/strong><\/td>\n<td width=\"183\">Charger Web interface<\/td>\n<\/tr>\n<\/tbody>\n<\/table>\n<\/div>\n<\/div>\n<\/div>\n<p>Produkto bro\u0161i\u016bra:<\/p>\n<p><a href=\"https:\/\/chargingshop.eu\/wp-content\/uploads\/2020\/04\/LOAD-GUARD-brochure.pdf\"><em>LOAD-GUARD-brochure.pdf<\/em><\/a><\/p>\n<p>&nbsp;<\/p>\n","protected":false},"excerpt":{"rendered":"<p>\u201eLoad Guard\u201c yra jutiklis, \u012fmontuotas pastato elektrin\u0117je spintoje, kur jis matuoja elektros sroves ir siun\u010dia duomenis realiuoju laiku \u012f \u012fkrovimo stot\u012f. Tai ypa\u010d svarbu tais atvejais, kai \u012fkrovimo stotys neturi tam skirto maitinimo \u0161altinio, o dalijasi turima galia su kitais pastato vartotojais. INCH \u012fkrovimo stotys reaguoja \u012f gautus duomenis suma\u017eindamos \u012fkrovimo gali\u0105, kad bendra \u012frenginio apkrova likt\u0173 ma\u017eesn\u0117 u\u017e \u012frenginio vardin\u0119 vert\u0119, arba padidindama j\u0105, nor\u0117dama sunaudoti likusi\u0105 turim\u0105 gali\u0105 greitesniam \u012fkrovimui.<\/p>\n","protected":false},"featured_media":2252,"comment_status":"open","ping_status":"closed","template":"","meta":[],"product_brand":[],"product_cat":[254],"product_tag":[],"class_list":{"0":"post-2277","1":"product","2":"type-product","3":"status-publish","4":"has-post-thumbnail","6":"product_cat-krovimo-kabelis","8":"first","9":"instock","10":"taxable","11":"shipping-taxable","12":"purchasable","13":"product-type-simple"},"_links":{"self":[{"href":"https:\/\/chargingshop.eu\/lt\/wp-json\/wp\/v2\/product\/2277","targetHints":{"allow":["GET"]}}],"collection":[{"href":"https:\/\/chargingshop.eu\/lt\/wp-json\/wp\/v2\/product"}],"about":[{"href":"https:\/\/chargingshop.eu\/lt\/wp-json\/wp\/v2\/types\/product"}],"replies":[{"embeddable":true,"href":"https:\/\/chargingshop.eu\/lt\/wp-json\/wp\/v2\/comments?post=2277"}],"wp:featuredmedia":[{"embeddable":true,"href":"https:\/\/chargingshop.eu\/lt\/wp-json\/wp\/v2\/media\/2252"}],"wp:attachment":[{"href":"https:\/\/chargingshop.eu\/lt\/wp-json\/wp\/v2\/media?parent=2277"}],"wp:term":[{"taxonomy":"product_brand","embeddable":true,"href":"https:\/\/chargingshop.eu\/lt\/wp-json\/wp\/v2\/product_brand?post=2277"},{"taxonomy":"product_cat","embeddable":true,"href":"https:\/\/chargingshop.eu\/lt\/wp-json\/wp\/v2\/product_cat?post=2277"},{"taxonomy":"product_tag","embeddable":true,"href":"https:\/\/chargingshop.eu\/lt\/wp-json\/wp\/v2\/product_tag?post=2277"}],"curies":[{"name":"wp","href":"https:\/\/api.w.org\/{rel}","templated":true}]}}