{"id":2220,"date":"2020-04-23T07:59:13","date_gmt":"2020-04-23T07:59:14","guid":{"rendered":"https:\/\/chargingshop.eu\/?post_type=product&#038;p=2220"},"modified":"2020-08-06T07:42:28","modified_gmt":"2020-08-06T07:42:28","slug":"elinta-homebox-slim-plus-7-2-kw","status":"publish","type":"product","link":"https:\/\/chargingshop.eu\/lt\/produktas\/elinta-homebox-slim-plus-7-2-kw\/","title":{"rendered":"ELINTA HOMEBOX SLIM PLUS 7.2 kW"},"content":{"rendered":"<p>ELINTA CHARGE HomeBox Slim Plus savyb\u0117s:<\/p>\n<div>\n<ul>\n<li>Paprastas ir profesionalus dizainas<\/li>\n<li>7.2 kW<\/li>\n<li>Integruotas el energijos skaitiklis su ap\u0161vietimu<\/li>\n<li>Paprastas instaliavimas<\/li>\n<li>Integruotas Type 2 kabelis<\/li>\n<\/ul>\n<\/div>\n<div>HomeBox Slim Plus suprojektuotas kaip paprastas ir efektyvus sprendimas, greitam (iki 7.2 kW) elektromobilio krovimui. HomeBox Slim plus gali b\u016bti naudojamas ir priva\u010diame gara\u017ee, parkinge ar kitose priva\u010diose vietose. Su integruota vir\u0161\u012ftampos ir srov\u0117s nuotekio apsauga ji gali b\u016bti instaliuota, kaip savistoviai veikiantis \u012frenginys.<\/div>\n","protected":false},"excerpt":{"rendered":"<p>ELINTA CHARGE HomeBox Slim Plus suprojektuotas naudojimui namuose ar tarkim ofise, ir u\u017etikrina ilg\u0105 produkto naudojimo cikl\u0105.\u00a0 HomeBox Slim Plus b\u016bna keli\u0173 versij\u0173\u00a0 3 arba 1\u2014faz\u0117s ir 16A arba 32A versij\u0173, priklausomai nuo elektros \u0161altinio.<\/p>\n<p>Su integruotu Type 2 krovimo kabeliu patogiam naudojimui.<\/p>\n","protected":false},"featured_media":2631,"comment_status":"open","ping_status":"closed","template":"","meta":[],"product_brand":[],"product_cat":[138],"product_tag":[],"class_list":{"0":"post-2220","1":"product","2":"type-product","3":"status-publish","4":"has-post-thumbnail","6":"product_cat-wallbox-ikrovimo-stoteles-lt","7":"pa_brand-elinta-charge-lt","9":"first","10":"instock","11":"sale","12":"taxable","13":"shipping-taxable","14":"purchasable","15":"product-type-simple"},"_links":{"self":[{"href":"https:\/\/chargingshop.eu\/lt\/wp-json\/wp\/v2\/product\/2220","targetHints":{"allow":["GET"]}}],"collection":[{"href":"https:\/\/chargingshop.eu\/lt\/wp-json\/wp\/v2\/product"}],"about":[{"href":"https:\/\/chargingshop.eu\/lt\/wp-json\/wp\/v2\/types\/product"}],"replies":[{"embeddable":true,"href":"https:\/\/chargingshop.eu\/lt\/wp-json\/wp\/v2\/comments?post=2220"}],"wp:featuredmedia":[{"embeddable":true,"href":"https:\/\/chargingshop.eu\/lt\/wp-json\/wp\/v2\/media\/2631"}],"wp:attachment":[{"href":"https:\/\/chargingshop.eu\/lt\/wp-json\/wp\/v2\/media?parent=2220"}],"wp:term":[{"taxonomy":"product_brand","embeddable":true,"href":"https:\/\/chargingshop.eu\/lt\/wp-json\/wp\/v2\/product_brand?post=2220"},{"taxonomy":"product_cat","embeddable":true,"href":"https:\/\/chargingshop.eu\/lt\/wp-json\/wp\/v2\/product_cat?post=2220"},{"taxonomy":"product_tag","embeddable":true,"href":"https:\/\/chargingshop.eu\/lt\/wp-json\/wp\/v2\/product_tag?post=2220"}],"curies":[{"name":"wp","href":"https:\/\/api.w.org\/{rel}","templated":true}]}}