{"id":2193,"date":"2020-04-23T07:37:39","date_gmt":"2020-04-23T07:37:39","guid":{"rendered":"https:\/\/chargingshop.eu\/?post_type=product&#038;p=2193"},"modified":"2020-05-05T08:10:25","modified_gmt":"2020-05-05T08:10:25","slug":"elinta-citycharge-v2-2x22-kw-3g-lan-wifi-rfid-copy","status":"publish","type":"product","link":"https:\/\/chargingshop.eu\/lt\/produktas\/elinta-citycharge-v2-2x22-kw-3g-lan-wifi-rfid-copy\/","title":{"rendered":"ELINTA CHARGE CITYCHARGE V2 Plus &#8211; 2\u00d722 kW, 3G \/ LAN \/ Wifi \/ RFID"},"content":{"rendered":"<p>ELINTA CHARGE CityCharge V2 Plus Savyb\u0117s:<\/p>\n<div>\n<ul>\n<li>2 x Mode 3, Type 2 kabeliai<\/li>\n<li>Abi pus\u0117s prieinamos vienu metu<\/li>\n<li>Iki 2&#215;22 kW galia<\/li>\n<li>Gali krauti du automobilius<\/li>\n<li>Integruotas energijos skaitiklis<\/li>\n<li>Tvirtas aliuminio korpusas<\/li>\n<li>Galima autorizacija per RFID<\/li>\n<li>OCPP komunikacijos sistema<\/li>\n<li>Ry\u0161kus LED ekranas<\/li>\n<\/ul>\n<\/div>\n<div>ELINTA CHARGE CityCharge V2 Plus puikiai tinka bet kuriai komercinei ar vie\u0161ai erdvei. I\u0161skirtinis dizainas puikiai tinka prie verslo centr\u0173, prekybos centr\u0173, restoran\u0173, vie\u0161bu\u010di\u0173 ir kit\u0173 vie\u0161\u0173 parkavimo viet\u0173.<\/div>\n<div>ELINTA CHARGE CityCharge V2 Plus klasifikuojama kaip pusiau greita Mode 3 krovimo stotel\u0117 galinti krauti du automobilius su bendra\u00a0 44 kW galia vienu metu.<br \/>\nCityCharge V2 pagaminta naudojant tik pa\u010dios geriausios kokyb\u0117s komponentus. Tvirtas pagrindas padarytas tvirtu korpusu ilgam naudojimui. Integruoti auk\u0161\u010diausios kokyb\u0117s elektronikos komponentai u\u017etikrinantys patikimum\u0105 netgi pa\u010diomis blogiausiomis oro s\u0105lygomis.<br \/>\nRy\u0161kiai animuotas LED ekranas ir ap\u0161vietimas yra matomi netgi tiesiogin\u0117je saul\u0117s \u0161viesoje, tuo pa\u010diu duoda futuristin\u012f \u012fsp\u016bd\u012f ir galimyb\u0119 b\u016bti matomam i\u0161 toli nakties metu.<br \/>\nGali veikti kaip atskira stotel\u0117 su RFID identifikacija. Ta\u010diau taip pat veikia kartu su CHRG Network stotel\u0117s valdytojo sistema per integruotus GSM ir 3G modulius.<\/div>\n<p>&nbsp;<\/p>\n<p>&nbsp;<\/p>\n","protected":false},"excerpt":{"rendered":"<p>ELINTA CHARGE CityCharge V2 Plus yra stacionaraus tipo kroviklis, kuris klasifikuojamas kaip Mode 3 pusiau greitas elektromobili\u0173 krovimo \u012frenginys. Jis gali paduoti 2&#215;22 kW gali\u0105 naudodamas du Type 2 krovimo kabelius.<\/p>\n<a href=\"https:\/\/chargingshop.eu\/elements\/pages\/contact\/\" class=\"button primary is-primary is-medium\"  >\n    <span>Get a qoute<\/span>\n  <\/a>\n\n","protected":false},"featured_media":2199,"comment_status":"open","ping_status":"closed","template":"","meta":[],"product_brand":[],"product_cat":[142],"product_tag":[],"class_list":{"0":"post-2193","1":"product","2":"type-product","3":"status-publish","4":"has-post-thumbnail","6":"product_cat-stacionarus-krovikliai-lt","7":"pa_brand-elinta-charge-lt","9":"first","10":"instock","11":"taxable","12":"shipping-taxable","13":"purchasable","14":"product-type-simple"},"_links":{"self":[{"href":"https:\/\/chargingshop.eu\/lt\/wp-json\/wp\/v2\/product\/2193","targetHints":{"allow":["GET"]}}],"collection":[{"href":"https:\/\/chargingshop.eu\/lt\/wp-json\/wp\/v2\/product"}],"about":[{"href":"https:\/\/chargingshop.eu\/lt\/wp-json\/wp\/v2\/types\/product"}],"replies":[{"embeddable":true,"href":"https:\/\/chargingshop.eu\/lt\/wp-json\/wp\/v2\/comments?post=2193"}],"wp:featuredmedia":[{"embeddable":true,"href":"https:\/\/chargingshop.eu\/lt\/wp-json\/wp\/v2\/media\/2199"}],"wp:attachment":[{"href":"https:\/\/chargingshop.eu\/lt\/wp-json\/wp\/v2\/media?parent=2193"}],"wp:term":[{"taxonomy":"product_brand","embeddable":true,"href":"https:\/\/chargingshop.eu\/lt\/wp-json\/wp\/v2\/product_brand?post=2193"},{"taxonomy":"product_cat","embeddable":true,"href":"https:\/\/chargingshop.eu\/lt\/wp-json\/wp\/v2\/product_cat?post=2193"},{"taxonomy":"product_tag","embeddable":true,"href":"https:\/\/chargingshop.eu\/lt\/wp-json\/wp\/v2\/product_tag?post=2193"}],"curies":[{"name":"wp","href":"https:\/\/api.w.org\/{rel}","templated":true}]}}