{"id":2183,"date":"2020-04-22T13:33:40","date_gmt":"2020-04-22T13:33:40","guid":{"rendered":"https:\/\/chargingshop.eu\/?post_type=product&#038;p=2183"},"modified":"2025-06-22T03:11:59","modified_gmt":"2025-06-22T03:11:59","slug":"etrel-inch-home-22-kw-type-2-kabelis-modelis-g-hb1v7cy10-pilkas-copy-copy-2","status":"publish","type":"product","link":"https:\/\/chargingshop.eu\/lt\/produktas\/etrel-inch-home-22-kw-type-2-kabelis-modelis-g-hb1v7cy10-pilkas-copy-copy-2\/","title":{"rendered":"Etrel INCH Home 22 kW Type 2 kabelis, modelis &#8211; G-HB1V7CY10 (Pilkas) (Copy) (Copy)"},"content":{"rendered":"<p><strong>Etrel INCH Home funkcionalumai:<\/strong><\/p>\n<ul>\n<li>Krovimas su\u00a0 <strong>22 kW\u00a0 galia<\/strong><\/li>\n<li><strong>Drugi\u0161ka kaina.<\/strong> Turb\u016bt geriausias kainos ir kokyb\u0117s santykis tarp krovikli\u0173 namams.<\/li>\n<li><strong>Patvarus<\/strong>. Etrel INCH Home turi tvirt\u0105 aliuminio korpus\u0105 tod\u0117l yra atsparus sm\u016bgiams, krituliams ir temperat\u016br\u0173 svyravimams pla\u010diame diapazone.<\/li>\n<\/ul>\n<div>Pats ekonomi\u0161kiausias pasirinkimas krovimui namie su 22 kW galia.<\/div>\n<div><\/div>\n<div><\/div>\n<div>Technin\u0117s specifikacijos paspaudus nuorod\u0105 \u017eemiau:<\/div>\n<div><\/div>\n<div><a href=\"https:\/\/chargingshop.eu\/wp-content\/uploads\/2020\/04\/Technical_Specifications_INCH_general_v1.6.pdf\" rel=\"attachment wp-att-2002\">Technical_Specifications_INCH_general_v1.6<\/a><\/div>\n<div><\/div>\n","protected":false},"excerpt":{"rendered":"<p>Etrel INCH Lite 22 kW vienas geriausi\u0173 kainos ir kokyb\u0117s santyki\u0173 tarp krovikli\u0173 namams.<\/p>\n","protected":false},"featured_media":1994,"comment_status":"open","ping_status":"closed","template":"","meta":[],"product_brand":[],"product_cat":[138],"product_tag":[],"class_list":{"0":"post-2183","1":"product","2":"type-product","3":"status-publish","4":"has-post-thumbnail","6":"product_cat-wallbox-ikrovimo-stoteles-lt","8":"first","9":"instock","10":"sale","11":"taxable","12":"shipping-taxable","13":"purchasable","14":"product-type-simple"},"_links":{"self":[{"href":"https:\/\/chargingshop.eu\/lt\/wp-json\/wp\/v2\/product\/2183","targetHints":{"allow":["GET"]}}],"collection":[{"href":"https:\/\/chargingshop.eu\/lt\/wp-json\/wp\/v2\/product"}],"about":[{"href":"https:\/\/chargingshop.eu\/lt\/wp-json\/wp\/v2\/types\/product"}],"replies":[{"embeddable":true,"href":"https:\/\/chargingshop.eu\/lt\/wp-json\/wp\/v2\/comments?post=2183"}],"wp:featuredmedia":[{"embeddable":true,"href":"https:\/\/chargingshop.eu\/lt\/wp-json\/wp\/v2\/media\/1994"}],"wp:attachment":[{"href":"https:\/\/chargingshop.eu\/lt\/wp-json\/wp\/v2\/media?parent=2183"}],"wp:term":[{"taxonomy":"product_brand","embeddable":true,"href":"https:\/\/chargingshop.eu\/lt\/wp-json\/wp\/v2\/product_brand?post=2183"},{"taxonomy":"product_cat","embeddable":true,"href":"https:\/\/chargingshop.eu\/lt\/wp-json\/wp\/v2\/product_cat?post=2183"},{"taxonomy":"product_tag","embeddable":true,"href":"https:\/\/chargingshop.eu\/lt\/wp-json\/wp\/v2\/product_tag?post=2183"}],"curies":[{"name":"wp","href":"https:\/\/api.w.org\/{rel}","templated":true}]}}