{"id":2171,"date":"2020-04-22T12:30:33","date_gmt":"2020-04-22T12:30:34","guid":{"rendered":"https:\/\/chargingshop.eu\/?post_type=product&#038;p=2171"},"modified":"2020-08-25T11:43:46","modified_gmt":"2020-08-25T11:43:46","slug":"etrel-inch-lite-22-kw-type-2","status":"publish","type":"product","link":"https:\/\/chargingshop.eu\/lt\/produktas\/etrel-inch-lite-22-kw-type-2\/","title":{"rendered":"Etrel INCH Lite 22kW Type 2 lizdas (Pilkas)"},"content":{"rendered":"<div>\n<p><strong>Etrel INCH Lite 22kW (modelis \u2013 G-LA1Y3CY00<\/strong><strong>) <\/strong><\/p>\n<p><strong>Pagrindin\u0117s savyb\u0117s:<\/strong><\/p>\n<ul data-rte-list=\"default\">\n<li>\n<p class=\"\">iki <strong>22 kW krovimo galia<\/strong><\/p>\n<\/li>\n<li>\n<p class=\"\"><strong>Draugi\u0161ka kaina.<\/strong> Vienas geriausi\u0173 kainos \/ kokyb\u0117s santyki\u0173 tarp krovimo stoteli\u0173 skirt\u0173 krovimui namie.<\/p>\n<\/li>\n<li>\n<p class=\"\"><strong>Patikimas<\/strong>. \u0160i krovimo stotel\u0117 atspari vandeniui ir suprojektuota ilgam tarnavimui. Korpusas i\u0161 tvirto aliuminio,\u00a0 tod\u0117l pasiruo\u0161\u0119s tarnauti ekstremaliomis s\u0105lygomis.<\/p>\n<\/li>\n<\/ul>\n<p>Su Etrel INCH Lite J\u016bs galite krauti elektromobil\u012f net 22 kW grei\u010diu!<\/p>\n<p><em>Technin\u0117s specifikacijos:<\/em><\/p>\n<p><a href=\"https:\/\/chargingshop.eu\/wp-content\/uploads\/2020\/04\/Technical_Specifications_INCH_general_v1.6.pdf\" rel=\"attachment wp-att-2002\">Technical_Specifications_INCH_general_v1.6<\/a><\/p>\n<\/div>\n<div><\/div>\n","protected":false},"excerpt":{"rendered":"<p>Etrel INCH Lite su Aliuminio korpusu,\u00a0 tinkama naudoti priva\u010diuose namuose ar \u0161alia verslo lokacij\u0173.<\/p>\n","protected":false},"featured_media":2177,"comment_status":"open","ping_status":"closed","template":"","meta":[],"product_brand":[],"product_cat":[138],"product_tag":[],"class_list":{"0":"post-2171","1":"product","2":"type-product","3":"status-publish","4":"has-post-thumbnail","6":"product_cat-wallbox-ikrovimo-stoteles-lt","7":"pa_brand-etrel-lt","9":"first","10":"outofstock","11":"sale","12":"taxable","13":"shipping-taxable","14":"purchasable","15":"product-type-simple"},"_links":{"self":[{"href":"https:\/\/chargingshop.eu\/lt\/wp-json\/wp\/v2\/product\/2171","targetHints":{"allow":["GET"]}}],"collection":[{"href":"https:\/\/chargingshop.eu\/lt\/wp-json\/wp\/v2\/product"}],"about":[{"href":"https:\/\/chargingshop.eu\/lt\/wp-json\/wp\/v2\/types\/product"}],"replies":[{"embeddable":true,"href":"https:\/\/chargingshop.eu\/lt\/wp-json\/wp\/v2\/comments?post=2171"}],"wp:featuredmedia":[{"embeddable":true,"href":"https:\/\/chargingshop.eu\/lt\/wp-json\/wp\/v2\/media\/2177"}],"wp:attachment":[{"href":"https:\/\/chargingshop.eu\/lt\/wp-json\/wp\/v2\/media?parent=2171"}],"wp:term":[{"taxonomy":"product_brand","embeddable":true,"href":"https:\/\/chargingshop.eu\/lt\/wp-json\/wp\/v2\/product_brand?post=2171"},{"taxonomy":"product_cat","embeddable":true,"href":"https:\/\/chargingshop.eu\/lt\/wp-json\/wp\/v2\/product_cat?post=2171"},{"taxonomy":"product_tag","embeddable":true,"href":"https:\/\/chargingshop.eu\/lt\/wp-json\/wp\/v2\/product_tag?post=2171"}],"curies":[{"name":"wp","href":"https:\/\/api.w.org\/{rel}","templated":true}]}}