{"id":2019,"date":"2020-04-16T06:04:38","date_gmt":"2020-04-16T06:04:39","guid":{"rendered":"https:\/\/chargingshop.eu\/?post_type=product&#038;p=2019"},"modified":"2025-06-19T03:49:11","modified_gmt":"2025-06-19T03:49:11","slug":"etrel-inch-home-22-kw-type-2-kabelis-modelis-g-hb1v7cy10-pilkas-copy","status":"publish","type":"product","link":"https:\/\/chargingshop.eu\/lt\/produktas\/etrel-inch-home-22-kw-type-2-kabelis-modelis-g-hb1v7cy10-pilkas-copy\/","title":{"rendered":"Etrel INCH Home 22 kW Type 2 kabelis, modelis &#8211; G-HB1V7CY10 (Pilkas)"},"content":{"rendered":"<div class=\"video video-fit mb\" style=\"padding-top:56.25%;\"><p><iframe title=\"Etrel INCH making of   captions HD\" width=\"1020\" height=\"574\" src=\"https:\/\/www.youtube.com\/embed\/Qblegoqccyk?feature=oembed\" frameborder=\"0\" allow=\"accelerometer; autoplay; encrypted-media; gyroscope; picture-in-picture\" allowfullscreen><\/iframe><\/p>\n<\/div>\n<p><strong>Etrel INCH Pro model (G-PC1V5BY40) funkcionalumai:<\/strong><\/p>\n<ul>\n<li>Krovimas su\u00a0 <strong>22 kW\u00a0 galia<\/strong><\/li>\n<li><strong>Programuojamas ekranas<\/strong> &#8211; nustatyk savo PIN kod\u0105 arba krovimo laikmat\u012f, tam kad i\u0161vengti krovimo piko valandomis (kuomet elektra bent 30% pigesn\u0117)<\/li>\n<li><strong>Krovimo galios kontrol\u0117. <\/strong>Galios sensorius (u\u017esakomas atskirai) \u2013 jis montuojasi \u012f elektros skydel\u012f ir seka energijos suvartojim\u0105 namuose realiu laiku. Tuo b\u016bdu Etrel sistema gali reguliuoti energijos padavim\u0105 elektromobiliui, priklausomai nuo bendro momentinio vartojimo J\u016bs\u0173 name. Tuo b\u016bdu apsaugo J\u016bs u\u017etikrinsite grei\u010diausi\u0105 krovim\u0105, tuo pa\u010diu nerizikuodami &#8216;i\u0161\u0161auti&#8217; elektros saugikli\u0173.<\/li>\n<li><strong>I\u0161manus<\/strong>. Etrel kroviklis mokosi ir gali nusp\u0117ti J\u016bs\u0173 i\u0161vykimo laik\u0105. Ta\u010diau jei skubate, tuomet pasirenkate greit\u0105 krovim\u0105 vienu mygtuko paspaudimu.<\/li>\n<li><strong>Leis sutaupyti.<\/strong> Nusta\u010dius skirtingus re\u017eimus pad\u0117s Jums sutaupyti pinig\u0173 i\u0161vengiant krovimo piko valandomis, kuomet elektra iki 30% brangesn\u0117.<\/li>\n<li>Etrel Inch Home yra pasireng\u0119s naudoti <strong>saul\u0117s j\u0117gain\u0117s energij\u0105<\/strong>, ir gali nukreipti j\u0105 tiesiai \u012f j\u016bs\u0173 EV, tuomet kai j\u016bs\u0173 saul\u0117s j\u0117gain\u0117 gamina daugiau, nei reikia namuose.<\/li>\n<li><strong>Ry\u0161ys. <\/strong>\u0160is modelis turi galimyb\u0119 prisijungti Ethernet kabeliu ir atviru kodu t.y. gali b\u016bti pajungta prie skirtingos programin\u0117s \u012frangos platform\u0173. Krovimo stotel\u0117 taip pat gai b\u016bti prijungta prie J\u016bs\u0173 protingo namo valdymo sistem\u0173. Jei pasirinksite brangesn\u012f INCH Home model\u012f, jis tur\u0117s galimyb\u0119 prisijungti prie interneto per\u00a0 3G ar Wifi prieigas.<\/li>\n<li><strong>Patvarus<\/strong>. Etrel INCH Home turi tvirt\u0105 aliuminio korpus\u0105 tod\u0117l yra atsparus sm\u016bgiams, krituliams ir temperat\u016br\u0173 svyravimams pla\u010diame diapazone. Valdymo ekranas padengtas sm\u016bgiams atspariu stiklu.<\/li>\n<\/ul>\n<div>Naudokite \u201eEtrel INCH Home\u201ckasdieniniam krovimui ir gal\u0117site ramiai \u012fkrauti savo automobil\u012f 22 kW galia. J\u016bs taip pat turite galimyb\u0119 nukreipti perteklin\u0119 elektr\u0105 i\u0161 saul\u0117s j\u0117gain\u0117s \u012f savo elektromobil\u012f, o ne \u012f tinkl\u0105. Taip pat galite sutaupyti pinig\u0173, kai nustatote \u012fkrov\u0105 nakties valandomis, tokiu b\u016bdu i\u0161vengdami piko valand\u0173 elektros \u012fkaini\u0173 ir didesn\u0117s s\u0105skaitos u\u017e elektr\u0105. Vien tik \u0161ios savyb\u0117s pad\u0117s reguliariai sutaupyti 10\u201330% nuo j\u016bs\u0173 s\u0105skaitos u\u017e elektr\u0105.<\/div>\n<div>Pats geriausias pasirinkimas ie\u0161kantiems i\u0161manios elektromobilio krovimo stotel\u0117s kuri padeda sutaupyti J\u016bs\u0173 pinigus!<\/div>\n<div><\/div>\n<div><\/div>\n<div>Technin\u0117s specifikacijos paspaudus nuorod\u0105 \u017eemiau:<\/div>\n<div><\/div>\n<div><a href=\"https:\/\/chargingshop.eu\/wp-content\/uploads\/2020\/04\/Technical_Specifications_INCH_general_v1.6.pdf\" rel=\"attachment wp-att-2002\">Technical_Specifications_INCH_general_v1.6<\/a><\/div>\n<div><\/div>\n","protected":false},"excerpt":{"rendered":"<p>Etrel INCH Home viena i\u0161maniausi\u0173 krovimo stoteli\u0173 rinkoje tinkama naudoti priva\u010diuose namuose ar \u0161alia verslo lokacij\u0173.<\/p>\n","protected":false},"featured_media":2011,"comment_status":"open","ping_status":"closed","template":"","meta":[],"product_brand":[],"product_cat":[138],"product_tag":[1559],"class_list":{"0":"post-2019","1":"product","2":"type-product","3":"status-publish","4":"has-post-thumbnail","6":"product_cat-wallbox-ikrovimo-stoteles-lt","7":"product_tag-etrel-inch-pro-lt","8":"pa_brand-etrel-lt","10":"first","11":"instock","12":"sale","13":"taxable","14":"shipping-taxable","15":"purchasable","16":"product-type-simple"},"_links":{"self":[{"href":"https:\/\/chargingshop.eu\/lt\/wp-json\/wp\/v2\/product\/2019","targetHints":{"allow":["GET"]}}],"collection":[{"href":"https:\/\/chargingshop.eu\/lt\/wp-json\/wp\/v2\/product"}],"about":[{"href":"https:\/\/chargingshop.eu\/lt\/wp-json\/wp\/v2\/types\/product"}],"replies":[{"embeddable":true,"href":"https:\/\/chargingshop.eu\/lt\/wp-json\/wp\/v2\/comments?post=2019"}],"wp:featuredmedia":[{"embeddable":true,"href":"https:\/\/chargingshop.eu\/lt\/wp-json\/wp\/v2\/media\/2011"}],"wp:attachment":[{"href":"https:\/\/chargingshop.eu\/lt\/wp-json\/wp\/v2\/media?parent=2019"}],"wp:term":[{"taxonomy":"product_brand","embeddable":true,"href":"https:\/\/chargingshop.eu\/lt\/wp-json\/wp\/v2\/product_brand?post=2019"},{"taxonomy":"product_cat","embeddable":true,"href":"https:\/\/chargingshop.eu\/lt\/wp-json\/wp\/v2\/product_cat?post=2019"},{"taxonomy":"product_tag","embeddable":true,"href":"https:\/\/chargingshop.eu\/lt\/wp-json\/wp\/v2\/product_tag?post=2019"}],"curies":[{"name":"wp","href":"https:\/\/api.w.org\/{rel}","templated":true}]}}