{"id":12718,"date":"2023-12-16T09:27:16","date_gmt":"2023-12-16T09:27:16","guid":{"rendered":"https:\/\/chargingshop.eu\/?post_type=product&#038;p=12718"},"modified":"2023-12-16T09:30:42","modified_gmt":"2023-12-16T09:30:42","slug":"abb-terra-ac-11-kw-ekranas-type-2-lizdas-rfid-mid-meter","status":"publish","type":"product","link":"https:\/\/chargingshop.eu\/lt\/produktas\/abb-terra-ac-11-kw-ekranas-type-2-lizdas-rfid-mid-meter\/","title":{"rendered":"ABB Terra AC 11 kW, Ekranas, Type 2 lizdas, RFID, MID meter"},"content":{"rendered":"<div class=\"video video-fit mb\" style=\"padding-top:56.25%;\"><p><iframe title=\"Terra AC wallbox -  High value quality\" width=\"1020\" height=\"574\" src=\"https:\/\/www.youtube.com\/embed\/ZapL_pinxY0?start=24&#038;feature=oembed\" frameborder=\"0\" allow=\"accelerometer; autoplay; clipboard-write; encrypted-media; gyroscope; picture-in-picture; web-share\" allowfullscreen><\/iframe><\/p>\n<\/div>\n<p><em><strong>ABB Terra AC 11 kW modelis su spalvotu Ekranu &#8211; 6AGC105897<\/strong><\/em><\/p>\n<div><strong>Auk\u0161ta kokyb\u0117<\/strong><\/div>\n<div><\/div>\n<div>\u2022 Vienas geriausi\u0173 kokyb\u0117s \/ vert\u0117s santyki\u0173<\/div>\n<div><\/div>\n<div>\u2022 Platus prijungimo galimybi\u0173 pasirinkimas<\/div>\n<div><\/div>\n<div>\u2022 Taupo viet\u0105 ir lengvai montuojamas<\/div>\n<div><\/div>\n<div><strong>Paruo\u0161tas atei\u010diai\u00a0<\/strong><\/div>\n<div><\/div>\n<div>\u2022 I\u0161manioji funkcija optimaliam \u012fkrovimui<\/div>\n<div><\/div>\n<div>\u2022 Energijos skaitikli\u0173 integracija dinaminiam apkrovos valdymui<\/div>\n<div><\/div>\n<div>\u2022 Program\u0117l\u0117 valdymui ir konfig\u016bravimui<\/div>\n<div><\/div>\n<div>\u2022 \u012egalintas nuotolinis programin\u0117s \u012frangos atnaujinimas<\/div>\n<div><\/div>\n<div><strong>Sauga ir apsauga<\/strong><\/div>\n<div><\/div>\n<div>\u2022 \u012evertintos ir patikrintos nepriklausom\u0173 tre\u010di\u0173j\u0173 \u0161ali\u0173, kad atitikt\u0173 auk\u0161\u010diausius standartus<\/div>\n<div><\/div>\n<div>\u2022 Vir\u0161srov\u0119 ribojanti apsauga<\/div>\n<div><\/div>\n<div>\u2022 Integruotos apsaugos, \u012fskaitant nuolatin\u0117s srov\u0117s \u012f\u017eeminim\u0105 ir vir\u0161\u012ftamp\u0105<\/div>\n<div><\/div>\n<div><strong>Apkrovos valdymas<\/strong><\/div>\n<div><\/div>\n<div>\u2022 Integruotas energijos skaitiklis<\/div>\n<div><\/div>\n<div>\u2022 Dinaminio apkrovos valdymo i\u0161orinio energijos skaitiklio integravimo s\u0105ranka<\/div>\n<div><\/div>\n<div>\u2022 Paruo\u0161ta integracijai su pa\u017eangia intelektualia pastato energijos sistema<\/div>\n<div><\/div>\n<div>\n<p><strong>ChargeSync naudotojo Aplikacija Terra AC stoteli\u0173 kontrolei, krovimo statusui ir konfiguracijai<\/strong><\/p>\n<p>Sttotel\u0117s pajungimas:<\/p>\n<div class=\"video video-fit mb\" style=\"padding-top:56.25%;\"><p><iframe title=\"ABB Terra AC station setup\" width=\"1020\" height=\"574\" src=\"https:\/\/www.youtube.com\/embed\/9tBaVWj7mHI?feature=oembed\" frameborder=\"0\" allow=\"accelerometer; autoplay; clipboard-write; encrypted-media; gyroscope; picture-in-picture; web-share\" allowfullscreen><\/iframe><\/p>\n<\/div>\n<p>Krovimo kontrol\u0117\/statusas:<\/p>\n<div class=\"video video-fit mb\" style=\"padding-top:56.25%;\"><p><iframe title=\"ABB Terra AC APP charging process\" width=\"1020\" height=\"574\" src=\"https:\/\/www.youtube.com\/embed\/ZDbrLx06yh0?feature=oembed\" frameborder=\"0\" allow=\"accelerometer; autoplay; clipboard-write; encrypted-media; gyroscope; picture-in-picture; web-share\" allowfullscreen><\/iframe><\/p>\n<\/div>\n<\/div>\n<div><\/div>\n<div><\/div>\n<div>\u201eABB Terra AC 22 kW\u201c (modelis TAC-W11-T-RD-M-0 \/ 6AGC105897) funkcijos:<\/div>\n<div><\/div>\n<div>-Type &#8211; \u201eWallbox\u201c su lizdu<\/div>\n<div>-Galioji galia 11kW<\/div>\n<div>-Trifazis<\/div>\n<div>-Max srov\u0117 16A<\/div>\n<div>-2 tipas<\/div>\n<div>-Ethernet (RJ45)<\/div>\n<div>-Bevielis internetas<\/div>\n<div>-OCPP 1.6<\/div>\n<div>-Bluetooth<\/div>\n<div>\u201eRTU Modbus\u201c (RS485)<\/div>\n<div>&#8211; RFID<\/div>\n<div>-MID meter (sertifikuotas skaitiklis)<\/div>\n<div><\/div>\n<div>\u201eTerra AC\u201c gaminio bro\u0161i\u016bra:<\/div>\n<p><a href=\"https:\/\/chargingshop.eu\/lt\/?attachment_id=2067\" target=\"_blank\" rel=\"attachment noopener wp-att-2067 noreferrer\">ABB_Terra_AC_wallbox_Brochure_A4<\/a><\/p>\n","protected":false},"excerpt":{"rendered":"<p>I\u0161 pasaulinio lyderio tikimasi i\u0161skirtin\u0117s kokyb\u0117s u\u017e ekonomi\u0161k\u0105 sprendim\u0105. Did\u017eiausi pasaulio prek\u0117s \u017eenklu \u201eABB\u201c pasitikima d\u0117l patirties kuriant sprendim\u0173s\u00a0 e-mobilumui nuo greitkeli\u0173 iki nam\u0173. \u201eTerra AC\u201c sieninis kroviklis sujungia \u201eABB\u201c lyderyst\u0119 e- Mobilumo srityje ir 130 met\u0173 naujovi\u0173 paveld\u0105 &#8211; tai puikus elektromobilio\u00a0 \u012fkrovimo sprendimas.<\/p>\n","protected":false},"featured_media":5535,"comment_status":"open","ping_status":"closed","template":"","meta":[],"product_brand":[],"product_cat":[138],"product_tag":[],"class_list":{"0":"post-12718","1":"product","2":"type-product","3":"status-publish","4":"has-post-thumbnail","6":"product_cat-wallbox-ikrovimo-stoteles-lt","7":"pa_brand-abb-lt","9":"first","10":"instock","11":"sale","12":"taxable","13":"shipping-taxable","14":"purchasable","15":"product-type-simple"},"_links":{"self":[{"href":"https:\/\/chargingshop.eu\/lt\/wp-json\/wp\/v2\/product\/12718","targetHints":{"allow":["GET"]}}],"collection":[{"href":"https:\/\/chargingshop.eu\/lt\/wp-json\/wp\/v2\/product"}],"about":[{"href":"https:\/\/chargingshop.eu\/lt\/wp-json\/wp\/v2\/types\/product"}],"replies":[{"embeddable":true,"href":"https:\/\/chargingshop.eu\/lt\/wp-json\/wp\/v2\/comments?post=12718"}],"wp:featuredmedia":[{"embeddable":true,"href":"https:\/\/chargingshop.eu\/lt\/wp-json\/wp\/v2\/media\/5535"}],"wp:attachment":[{"href":"https:\/\/chargingshop.eu\/lt\/wp-json\/wp\/v2\/media?parent=12718"}],"wp:term":[{"taxonomy":"product_brand","embeddable":true,"href":"https:\/\/chargingshop.eu\/lt\/wp-json\/wp\/v2\/product_brand?post=12718"},{"taxonomy":"product_cat","embeddable":true,"href":"https:\/\/chargingshop.eu\/lt\/wp-json\/wp\/v2\/product_cat?post=12718"},{"taxonomy":"product_tag","embeddable":true,"href":"https:\/\/chargingshop.eu\/lt\/wp-json\/wp\/v2\/product_tag?post=12718"}],"curies":[{"name":"wp","href":"https:\/\/api.w.org\/{rel}","templated":true}]}}